{"id":1338,"date":"2024-11-11T10:47:57","date_gmt":"2024-11-11T10:47:57","guid":{"rendered":"https:\/\/kmrlivestock.ee\/?page_id=1338"},"modified":"2024-11-11T10:51:52","modified_gmt":"2024-11-11T10:51:52","slug":"collection-centers","status":"publish","type":"page","link":"https:\/\/kmrlivestock.ee\/et\/collection-centers\/","title":{"rendered":"Kogumiskeskused"},"content":{"rendered":"<div data-elementor-type=\"wp-page\" data-elementor-id=\"1338\" class=\"elementor elementor-1338\" data-elementor-post-type=\"page\">\n\t\t\t\t<div class=\"elementor-element elementor-element-7a8c101f e-con-full e-flex e-con e-parent\" data-id=\"7a8c101f\" data-element_type=\"container\">\n\t\t<div class=\"elementor-element elementor-element-62dd21bb e-flex e-con-boxed e-con e-child\" data-id=\"62dd21bb\" data-element_type=\"container\" data-settings=\"{&quot;background_background&quot;:&quot;classic&quot;}\">\n\t\t\t\t\t<div class=\"e-con-inner\">\n\t\t<div class=\"elementor-element elementor-element-4b32f30b e-flex e-con-boxed e-con e-child\" data-id=\"4b32f30b\" data-element_type=\"container\">\n\t\t\t\t\t<div class=\"e-con-inner\">\n\t\t\t\t<div class=\"elementor-element elementor-element-552d137c elementor-widget__width-initial elementor-widget elementor-widget-heading\" data-id=\"552d137c\" data-element_type=\"widget\" data-widget_type=\"heading.default\">\n\t\t\t\t<div class=\"elementor-widget-container\">\n\t\t\t\t\t<h2 class=\"elementor-heading-title elementor-size-default\">Kogumiskeskused<\/h2>\t\t\t\t<\/div>\n\t\t\t\t<\/div>\n\t\t\t\t\t<\/div>\n\t\t\t\t<\/div>\n\t\t\t\t\t<\/div>\n\t\t\t\t<\/div>\n\t\t\t\t<\/div>\n\t\t<div class=\"elementor-element elementor-element-718b5444 e-flex e-con-boxed e-con e-parent\" data-id=\"718b5444\" data-element_type=\"container\">\n\t\t\t\t\t<div class=\"e-con-inner\">\n\t\t\t\t<div class=\"elementor-element elementor-element-1255a0ba elementor-widget elementor-widget-text-editor\" data-id=\"1255a0ba\" data-element_type=\"widget\" data-widget_type=\"text-editor.default\">\n\t\t\t\t<div class=\"elementor-widget-container\">\n\t\t\t\t\t\t\t\t\t<p>KMR Livestock omab kahte renoveeritud farmi Raplamaal, Eestis, mis on ajakohastatud 2011. ja 2014. aastal.<\/p><p>2016. aastal laiendasime oma tegevust kaasaegse, \u00e4sja ehitatud taluga T\u00fcrgis, Ankaras.<\/p><p>Meie kolme p\u00f5llumajandusettev\u00f5tte koguv\u00f5imsus on kokku 1500 noorveise kohta. Loomade optimaalse heaolu tagamiseks tegutseme v\u00e4hendatud tootmisv\u00f5imsusega.<\/p><p>Meie kogumiskeskused teenindavad peamiselt meie enda ekspordi-, kogumis- ja m\u00fc\u00fcgivajadusi.<\/p><p>Me seame prioriteediks kvaliteetse s\u00f6\u00f6tmise, pakkudes tasakaalustatud segu silost, heinast ja segistiga valmistatud kontsentreeritud s\u00f6\u00f6dast, selle asemel, et tugineda ainult heinale.<\/p><p>Meie rajatised on ametlikult sertifitseeritud kui ekspordikeskus ja karantiinifarm.<\/p>\t\t\t\t\t\t\t\t<\/div>\n\t\t\t\t<\/div>\n\t\t\t\t\t<\/div>\n\t\t\t\t<\/div>\n\t\t<div class=\"elementor-element elementor-element-4d8e0346 e-flex e-con-boxed e-con e-parent\" data-id=\"4d8e0346\" data-element_type=\"container\">\n\t\t\t\t\t<div class=\"e-con-inner\">\n\t\t<div class=\"elementor-element elementor-element-6db9a41f e-con-full e-flex e-con e-child\" data-id=\"6db9a41f\" data-element_type=\"container\">\n\t\t\t\t<div class=\"elementor-element elementor-element-4b3387a4 elementor-widget elementor-widget-heading\" data-id=\"4b3387a4\" data-element_type=\"widget\" data-widget_type=\"heading.default\">\n\t\t\t\t<div class=\"elementor-widget-container\">\n\t\t\t\t\t<h2 class=\"elementor-heading-title elementor-size-default\">Galerii<\/h2>\t\t\t\t<\/div>\n\t\t\t\t<\/div>\n\t\t\t\t<\/div>\n\t\t\t\t<div class=\"elementor-element elementor-element-8fc8640 elementor-widget elementor-widget-gallery\" data-id=\"8fc8640\" data-element_type=\"widget\" data-settings=\"{&quot;aspect_ratio&quot;:&quot;4:3&quot;,&quot;lazyload&quot;:&quot;yes&quot;,&quot;gallery_layout&quot;:&quot;grid&quot;,&quot;columns&quot;:4,&quot;columns_tablet&quot;:2,&quot;columns_mobile&quot;:1,&quot;gap&quot;:{&quot;unit&quot;:&quot;px&quot;,&quot;size&quot;:10,&quot;sizes&quot;:[]},&quot;gap_tablet&quot;:{&quot;unit&quot;:&quot;px&quot;,&quot;size&quot;:10,&quot;sizes&quot;:[]},&quot;gap_mobile&quot;:{&quot;unit&quot;:&quot;px&quot;,&quot;size&quot;:10,&quot;sizes&quot;:[]},&quot;link_to&quot;:&quot;file&quot;,&quot;overlay_background&quot;:&quot;yes&quot;,&quot;content_hover_animation&quot;:&quot;fade-in&quot;}\" data-widget_type=\"gallery.default\">\n\t\t\t\t<div class=\"elementor-widget-container\">\n\t\t\t\t\t\t\t<div class=\"elementor-gallery__container\">\n\t\t\t\t\t\t\t<a class=\"e-gallery-item elementor-gallery-item elementor-animated-content\" href=\"https:\/\/kmrlivestock.ee\/wp-content\/uploads\/2024\/10\/Collection-centers12.jpg\" data-elementor-open-lightbox=\"yes\" data-elementor-lightbox-slideshow=\"8fc8640\" data-elementor-lightbox-title=\"Collection centers12\" data-e-action-hash=\"#elementor-action%3Aaction%3Dlightbox%26settings%3DeyJpZCI6NTgzLCJ1cmwiOiJodHRwczpcL1wva21ybGl2ZXN0b2NrLmVlXC93cC1jb250ZW50XC91cGxvYWRzXC8yMDI0XC8xMFwvQ29sbGVjdGlvbi1jZW50ZXJzMTIuanBnIiwic2xpZGVzaG93IjoiOGZjODY0MCJ9\">\n\t\t\t\t\t<div class=\"e-gallery-image elementor-gallery-item__image\" data-thumbnail=\"https:\/\/kmrlivestock.ee\/wp-content\/uploads\/2024\/10\/Collection-centers12-768x432.jpg\" data-width=\"768\" data-height=\"432\" aria-label=\"\" role=\"img\" ><\/div>\n\t\t\t\t\t\t\t\t\t\t\t<div class=\"elementor-gallery-item__overlay\"><\/div>\n\t\t\t\t\t\t\t\t\t\t\t\t\t\t<\/a>\n\t\t\t\t\t\t\t<a class=\"e-gallery-item elementor-gallery-item elementor-animated-content\" href=\"https:\/\/kmrlivestock.ee\/wp-content\/uploads\/2024\/10\/Collection-centers11.jpg\" data-elementor-open-lightbox=\"yes\" data-elementor-lightbox-slideshow=\"8fc8640\" data-elementor-lightbox-title=\"Collection centers11\" data-e-action-hash=\"#elementor-action%3Aaction%3Dlightbox%26settings%3DeyJpZCI6NTgyLCJ1cmwiOiJodHRwczpcL1wva21ybGl2ZXN0b2NrLmVlXC93cC1jb250ZW50XC91cGxvYWRzXC8yMDI0XC8xMFwvQ29sbGVjdGlvbi1jZW50ZXJzMTEuanBnIiwic2xpZGVzaG93IjoiOGZjODY0MCJ9\">\n\t\t\t\t\t<div class=\"e-gallery-image elementor-gallery-item__image\" data-thumbnail=\"https:\/\/kmrlivestock.ee\/wp-content\/uploads\/2024\/10\/Collection-centers11-768x432.jpg\" data-width=\"768\" data-height=\"432\" aria-label=\"\" role=\"img\" ><\/div>\n\t\t\t\t\t\t\t\t\t\t\t<div class=\"elementor-gallery-item__overlay\"><\/div>\n\t\t\t\t\t\t\t\t\t\t\t\t\t\t<\/a>\n\t\t\t\t\t\t\t<a class=\"e-gallery-item elementor-gallery-item elementor-animated-content\" href=\"https:\/\/kmrlivestock.ee\/wp-content\/uploads\/2024\/10\/Collection-centers10.jpg\" data-elementor-open-lightbox=\"yes\" data-elementor-lightbox-slideshow=\"8fc8640\" data-elementor-lightbox-title=\"Collection centers10\" data-e-action-hash=\"#elementor-action%3Aaction%3Dlightbox%26settings%3DeyJpZCI6NTgxLCJ1cmwiOiJodHRwczpcL1wva21ybGl2ZXN0b2NrLmVlXC93cC1jb250ZW50XC91cGxvYWRzXC8yMDI0XC8xMFwvQ29sbGVjdGlvbi1jZW50ZXJzMTAuanBnIiwic2xpZGVzaG93IjoiOGZjODY0MCJ9\">\n\t\t\t\t\t<div class=\"e-gallery-image elementor-gallery-item__image\" data-thumbnail=\"https:\/\/kmrlivestock.ee\/wp-content\/uploads\/2024\/10\/Collection-centers10-768x432.jpg\" data-width=\"768\" data-height=\"432\" aria-label=\"\" role=\"img\" ><\/div>\n\t\t\t\t\t\t\t\t\t\t\t<div class=\"elementor-gallery-item__overlay\"><\/div>\n\t\t\t\t\t\t\t\t\t\t\t\t\t\t<\/a>\n\t\t\t\t\t\t\t<a class=\"e-gallery-item elementor-gallery-item elementor-animated-content\" href=\"https:\/\/kmrlivestock.ee\/wp-content\/uploads\/2024\/10\/Collection-centers09.jpg\" data-elementor-open-lightbox=\"yes\" data-elementor-lightbox-slideshow=\"8fc8640\" data-elementor-lightbox-title=\"Collection centers09\" data-e-action-hash=\"#elementor-action%3Aaction%3Dlightbox%26settings%3DeyJpZCI6NTgwLCJ1cmwiOiJodHRwczpcL1wva21ybGl2ZXN0b2NrLmVlXC93cC1jb250ZW50XC91cGxvYWRzXC8yMDI0XC8xMFwvQ29sbGVjdGlvbi1jZW50ZXJzMDkuanBnIiwic2xpZGVzaG93IjoiOGZjODY0MCJ9\">\n\t\t\t\t\t<div class=\"e-gallery-image elementor-gallery-item__image\" data-thumbnail=\"https:\/\/kmrlivestock.ee\/wp-content\/uploads\/2024\/10\/Collection-centers09-768x432.jpg\" data-width=\"768\" data-height=\"432\" aria-label=\"\" role=\"img\" ><\/div>\n\t\t\t\t\t\t\t\t\t\t\t<div class=\"elementor-gallery-item__overlay\"><\/div>\n\t\t\t\t\t\t\t\t\t\t\t\t\t\t<\/a>\n\t\t\t\t\t\t\t<a class=\"e-gallery-item elementor-gallery-item elementor-animated-content\" href=\"https:\/\/kmrlivestock.ee\/wp-content\/uploads\/2024\/10\/Collection-centers08.jpg\" data-elementor-open-lightbox=\"yes\" data-elementor-lightbox-slideshow=\"8fc8640\" data-elementor-lightbox-title=\"Collection centers08\" data-e-action-hash=\"#elementor-action%3Aaction%3Dlightbox%26settings%3DeyJpZCI6NTc5LCJ1cmwiOiJodHRwczpcL1wva21ybGl2ZXN0b2NrLmVlXC93cC1jb250ZW50XC91cGxvYWRzXC8yMDI0XC8xMFwvQ29sbGVjdGlvbi1jZW50ZXJzMDguanBnIiwic2xpZGVzaG93IjoiOGZjODY0MCJ9\">\n\t\t\t\t\t<div class=\"e-gallery-image elementor-gallery-item__image\" data-thumbnail=\"https:\/\/kmrlivestock.ee\/wp-content\/uploads\/2024\/10\/Collection-centers08-768x432.jpg\" data-width=\"768\" data-height=\"432\" aria-label=\"\" role=\"img\" ><\/div>\n\t\t\t\t\t\t\t\t\t\t\t<div class=\"elementor-gallery-item__overlay\"><\/div>\n\t\t\t\t\t\t\t\t\t\t\t\t\t\t<\/a>\n\t\t\t\t\t\t\t<a class=\"e-gallery-item elementor-gallery-item elementor-animated-content\" href=\"https:\/\/kmrlivestock.ee\/wp-content\/uploads\/2024\/10\/Collection-centers07.jpg\" data-elementor-open-lightbox=\"yes\" data-elementor-lightbox-slideshow=\"8fc8640\" data-elementor-lightbox-title=\"Collection centers07\" data-e-action-hash=\"#elementor-action%3Aaction%3Dlightbox%26settings%3DeyJpZCI6NTc4LCJ1cmwiOiJodHRwczpcL1wva21ybGl2ZXN0b2NrLmVlXC93cC1jb250ZW50XC91cGxvYWRzXC8yMDI0XC8xMFwvQ29sbGVjdGlvbi1jZW50ZXJzMDcuanBnIiwic2xpZGVzaG93IjoiOGZjODY0MCJ9\">\n\t\t\t\t\t<div class=\"e-gallery-image elementor-gallery-item__image\" data-thumbnail=\"https:\/\/kmrlivestock.ee\/wp-content\/uploads\/2024\/10\/Collection-centers07-768x432.jpg\" data-width=\"768\" data-height=\"432\" aria-label=\"\" role=\"img\" ><\/div>\n\t\t\t\t\t\t\t\t\t\t\t<div class=\"elementor-gallery-item__overlay\"><\/div>\n\t\t\t\t\t\t\t\t\t\t\t\t\t\t<\/a>\n\t\t\t\t\t\t\t<a class=\"e-gallery-item elementor-gallery-item elementor-animated-content\" href=\"https:\/\/kmrlivestock.ee\/wp-content\/uploads\/2024\/10\/Collection-centers06.jpg\" data-elementor-open-lightbox=\"yes\" data-elementor-lightbox-slideshow=\"8fc8640\" data-elementor-lightbox-title=\"Collection centers06\" data-e-action-hash=\"#elementor-action%3Aaction%3Dlightbox%26settings%3DeyJpZCI6NTc3LCJ1cmwiOiJodHRwczpcL1wva21ybGl2ZXN0b2NrLmVlXC93cC1jb250ZW50XC91cGxvYWRzXC8yMDI0XC8xMFwvQ29sbGVjdGlvbi1jZW50ZXJzMDYuanBnIiwic2xpZGVzaG93IjoiOGZjODY0MCJ9\">\n\t\t\t\t\t<div class=\"e-gallery-image elementor-gallery-item__image\" data-thumbnail=\"https:\/\/kmrlivestock.ee\/wp-content\/uploads\/2024\/10\/Collection-centers06-768x432.jpg\" data-width=\"768\" data-height=\"432\" aria-label=\"\" role=\"img\" ><\/div>\n\t\t\t\t\t\t\t\t\t\t\t<div class=\"elementor-gallery-item__overlay\"><\/div>\n\t\t\t\t\t\t\t\t\t\t\t\t\t\t<\/a>\n\t\t\t\t\t\t\t<a class=\"e-gallery-item elementor-gallery-item elementor-animated-content\" href=\"https:\/\/kmrlivestock.ee\/wp-content\/uploads\/2024\/10\/Collection-centers05.jpg\" data-elementor-open-lightbox=\"yes\" data-elementor-lightbox-slideshow=\"8fc8640\" data-elementor-lightbox-title=\"Collection centers05\" data-e-action-hash=\"#elementor-action%3Aaction%3Dlightbox%26settings%3DeyJpZCI6NTc2LCJ1cmwiOiJodHRwczpcL1wva21ybGl2ZXN0b2NrLmVlXC93cC1jb250ZW50XC91cGxvYWRzXC8yMDI0XC8xMFwvQ29sbGVjdGlvbi1jZW50ZXJzMDUuanBnIiwic2xpZGVzaG93IjoiOGZjODY0MCJ9\">\n\t\t\t\t\t<div class=\"e-gallery-image elementor-gallery-item__image\" data-thumbnail=\"https:\/\/kmrlivestock.ee\/wp-content\/uploads\/2024\/10\/Collection-centers05-768x432.jpg\" data-width=\"768\" data-height=\"432\" aria-label=\"\" role=\"img\" ><\/div>\n\t\t\t\t\t\t\t\t\t\t\t<div class=\"elementor-gallery-item__overlay\"><\/div>\n\t\t\t\t\t\t\t\t\t\t\t\t\t\t<\/a>\n\t\t\t\t\t\t\t<a class=\"e-gallery-item elementor-gallery-item elementor-animated-content\" href=\"https:\/\/kmrlivestock.ee\/wp-content\/uploads\/2024\/10\/Collection-centers04.jpg\" data-elementor-open-lightbox=\"yes\" data-elementor-lightbox-slideshow=\"8fc8640\" data-elementor-lightbox-title=\"Collection centers04\" data-e-action-hash=\"#elementor-action%3Aaction%3Dlightbox%26settings%3DeyJpZCI6NTc1LCJ1cmwiOiJodHRwczpcL1wva21ybGl2ZXN0b2NrLmVlXC93cC1jb250ZW50XC91cGxvYWRzXC8yMDI0XC8xMFwvQ29sbGVjdGlvbi1jZW50ZXJzMDQuanBnIiwic2xpZGVzaG93IjoiOGZjODY0MCJ9\">\n\t\t\t\t\t<div class=\"e-gallery-image elementor-gallery-item__image\" data-thumbnail=\"https:\/\/kmrlivestock.ee\/wp-content\/uploads\/2024\/10\/Collection-centers04-768x432.jpg\" data-width=\"768\" data-height=\"432\" aria-label=\"\" role=\"img\" ><\/div>\n\t\t\t\t\t\t\t\t\t\t\t<div class=\"elementor-gallery-item__overlay\"><\/div>\n\t\t\t\t\t\t\t\t\t\t\t\t\t\t<\/a>\n\t\t\t\t\t\t\t<a class=\"e-gallery-item elementor-gallery-item elementor-animated-content\" href=\"https:\/\/kmrlivestock.ee\/wp-content\/uploads\/2024\/10\/Collection-centers03.jpg\" data-elementor-open-lightbox=\"yes\" data-elementor-lightbox-slideshow=\"8fc8640\" data-elementor-lightbox-title=\"Collection centers03\" data-e-action-hash=\"#elementor-action%3Aaction%3Dlightbox%26settings%3DeyJpZCI6NTc0LCJ1cmwiOiJodHRwczpcL1wva21ybGl2ZXN0b2NrLmVlXC93cC1jb250ZW50XC91cGxvYWRzXC8yMDI0XC8xMFwvQ29sbGVjdGlvbi1jZW50ZXJzMDMuanBnIiwic2xpZGVzaG93IjoiOGZjODY0MCJ9\">\n\t\t\t\t\t<div class=\"e-gallery-image elementor-gallery-item__image\" data-thumbnail=\"https:\/\/kmrlivestock.ee\/wp-content\/uploads\/2024\/10\/Collection-centers03-768x432.jpg\" data-width=\"768\" data-height=\"432\" aria-label=\"\" role=\"img\" ><\/div>\n\t\t\t\t\t\t\t\t\t\t\t<div class=\"elementor-gallery-item__overlay\"><\/div>\n\t\t\t\t\t\t\t\t\t\t\t\t\t\t<\/a>\n\t\t\t\t\t\t\t<a class=\"e-gallery-item elementor-gallery-item elementor-animated-content\" href=\"https:\/\/kmrlivestock.ee\/wp-content\/uploads\/2024\/10\/Collection-centers02.jpg\" data-elementor-open-lightbox=\"yes\" data-elementor-lightbox-slideshow=\"8fc8640\" data-elementor-lightbox-title=\"Collection centers02\" data-e-action-hash=\"#elementor-action%3Aaction%3Dlightbox%26settings%3DeyJpZCI6NTczLCJ1cmwiOiJodHRwczpcL1wva21ybGl2ZXN0b2NrLmVlXC93cC1jb250ZW50XC91cGxvYWRzXC8yMDI0XC8xMFwvQ29sbGVjdGlvbi1jZW50ZXJzMDIuanBnIiwic2xpZGVzaG93IjoiOGZjODY0MCJ9\">\n\t\t\t\t\t<div class=\"e-gallery-image elementor-gallery-item__image\" data-thumbnail=\"https:\/\/kmrlivestock.ee\/wp-content\/uploads\/2024\/10\/Collection-centers02-768x432.jpg\" data-width=\"768\" data-height=\"432\" aria-label=\"\" role=\"img\" ><\/div>\n\t\t\t\t\t\t\t\t\t\t\t<div class=\"elementor-gallery-item__overlay\"><\/div>\n\t\t\t\t\t\t\t\t\t\t\t\t\t\t<\/a>\n\t\t\t\t\t\t\t<a class=\"e-gallery-item elementor-gallery-item elementor-animated-content\" href=\"https:\/\/kmrlivestock.ee\/wp-content\/uploads\/2024\/10\/Collection-centers01.jpg\" data-elementor-open-lightbox=\"yes\" data-elementor-lightbox-slideshow=\"8fc8640\" data-elementor-lightbox-title=\"Collection centers01\" data-e-action-hash=\"#elementor-action%3Aaction%3Dlightbox%26settings%3DeyJpZCI6NTcyLCJ1cmwiOiJodHRwczpcL1wva21ybGl2ZXN0b2NrLmVlXC93cC1jb250ZW50XC91cGxvYWRzXC8yMDI0XC8xMFwvQ29sbGVjdGlvbi1jZW50ZXJzMDEuanBnIiwic2xpZGVzaG93IjoiOGZjODY0MCJ9\">\n\t\t\t\t\t<div class=\"e-gallery-image elementor-gallery-item__image\" data-thumbnail=\"https:\/\/kmrlivestock.ee\/wp-content\/uploads\/2024\/10\/Collection-centers01-768x432.jpg\" data-width=\"768\" data-height=\"432\" aria-label=\"\" role=\"img\" ><\/div>\n\t\t\t\t\t\t\t\t\t\t\t<div class=\"elementor-gallery-item__overlay\"><\/div>\n\t\t\t\t\t\t\t\t\t\t\t\t\t\t<\/a>\n\t\t\t\t\t<\/div>\n\t\t\t\t\t<\/div>\n\t\t\t\t<\/div>\n\t\t\t\t\t<\/div>\n\t\t\t\t<\/div>\n\t\t\t\t<\/div>","protected":false},"excerpt":{"rendered":"<p>Kogumiskeskused KMR Livestock omab kahte renoveeritud farmi Raplamaal, Eestis, mis on ajakohastatud 2011. ja 2014. aastal. 2016. aastal laiendasime oma tegevust kaasaegse, \u00e4sja ehitatud farmiga T\u00fcrgis, Ankaras. Kokku on meie kolm farmi v\u00f5imsusega 1500 noorveist. Loomade optimaalse heaolu tagamiseks tegutseme v\u00e4hendatud tootmisv\u00f5imsusega. Meie kogumiskeskused on peamiselt [...]<\/p>","protected":false},"author":2,"featured_media":0,"parent":0,"menu_order":0,"comment_status":"closed","ping_status":"closed","template":"","meta":{"footnotes":""},"class_list":["post-1338","page","type-page","status-publish","hentry"],"_links":{"self":[{"href":"https:\/\/kmrlivestock.ee\/et\/wp-json\/wp\/v2\/pages\/1338","targetHints":{"allow":["GET"]}}],"collection":[{"href":"https:\/\/kmrlivestock.ee\/et\/wp-json\/wp\/v2\/pages"}],"about":[{"href":"https:\/\/kmrlivestock.ee\/et\/wp-json\/wp\/v2\/types\/page"}],"author":[{"embeddable":true,"href":"https:\/\/kmrlivestock.ee\/et\/wp-json\/wp\/v2\/users\/2"}],"replies":[{"embeddable":true,"href":"https:\/\/kmrlivestock.ee\/et\/wp-json\/wp\/v2\/comments?post=1338"}],"version-history":[{"count":4,"href":"https:\/\/kmrlivestock.ee\/et\/wp-json\/wp\/v2\/pages\/1338\/revisions"}],"predecessor-version":[{"id":1349,"href":"https:\/\/kmrlivestock.ee\/et\/wp-json\/wp\/v2\/pages\/1338\/revisions\/1349"}],"wp:attachment":[{"href":"https:\/\/kmrlivestock.ee\/et\/wp-json\/wp\/v2\/media?parent=1338"}],"curies":[{"name":"wp","href":"https:\/\/api.w.org\/{rel}","templated":true}]}}