{"id":64,"date":"2024-10-25T12:03:18","date_gmt":"2024-10-25T12:03:18","guid":{"rendered":"https:\/\/kmrlivestock.ee\/?page_id=64"},"modified":"2025-07-26T20:15:51","modified_gmt":"2025-07-26T20:15:51","slug":"company-profile","status":"publish","type":"page","link":"https:\/\/kmrlivestock.ee\/et\/company-profile\/","title":{"rendered":"Ettev\u00f5tte profiil"},"content":{"rendered":"<div data-elementor-type=\"wp-page\" data-elementor-id=\"64\" class=\"elementor elementor-64\" data-elementor-post-type=\"page\">\n\t\t\t\t<div class=\"elementor-element elementor-element-74a49c7 e-con-full e-flex e-con e-parent\" data-id=\"74a49c7\" data-element_type=\"container\">\n\t\t<div class=\"elementor-element elementor-element-f085481 e-flex e-con-boxed e-con e-child\" data-id=\"f085481\" data-element_type=\"container\" data-settings=\"{&quot;background_background&quot;:&quot;classic&quot;}\">\n\t\t\t\t\t<div class=\"e-con-inner\">\n\t\t<div class=\"elementor-element elementor-element-103a374a e-flex e-con-boxed e-con e-child\" data-id=\"103a374a\" data-element_type=\"container\">\n\t\t\t\t\t<div class=\"e-con-inner\">\n\t\t\t\t<div class=\"elementor-element elementor-element-5a2b9db5 elementor-widget elementor-widget-heading\" data-id=\"5a2b9db5\" data-element_type=\"widget\" data-widget_type=\"heading.default\">\n\t\t\t\t<div class=\"elementor-widget-container\">\n\t\t\t\t\t<h2 class=\"elementor-heading-title elementor-size-default\">Ettev\u00f5tte profiil<\/h2>\t\t\t\t<\/div>\n\t\t\t\t<\/div>\n\t\t\t\t\t<\/div>\n\t\t\t\t<\/div>\n\t\t\t\t\t<\/div>\n\t\t\t\t<\/div>\n\t\t\t\t<\/div>\n\t\t<div class=\"elementor-element elementor-element-504c0d9 e-flex e-con-boxed e-con e-parent\" data-id=\"504c0d9\" data-element_type=\"container\">\n\t\t\t\t\t<div class=\"e-con-inner\">\n\t\t\t\t<div class=\"elementor-element elementor-element-f6b6d31 elementor-widget elementor-widget-text-editor\" data-id=\"f6b6d31\" data-element_type=\"widget\" data-widget_type=\"text-editor.default\">\n\t\t\t\t<div class=\"elementor-widget-container\">\n\t\t\t\t\t\t\t\t\t<p>KMR Livestock Europe, mille asutasid Mehmet Ali KUMRU ja Tar\u0131k KUMRU 2010. aastal Tallinnas.<\/p>\n<p>Oleme 10 aasta jooksul j\u00f5udnud tuhandeid elusveiseid eksportida rohkem kui 10 erinevasse riiki, kasvatamiseks, nuumamiseks ja tapmiseks sellistesse riikidesse nagu T\u00fcrgi, Poola, Usbekistan, Kasahstan, Gruusia, Horvaatia, Liibanon, Sloveenia, Itaalia, Ungari, Bosnia ja Hertsegoviina.<\/p>\n<p>K\u00fcmnete erasektori investorite vajadused rahuldati impordiga sellistest riikidest nagu Eesti, L\u00e4ti, Taani, Saksamaa, Austria, Holland, USA ja Uruguay.<\/p>\n<p>2011. aastal ostis KMR Sikeldi talu Raplas \/ Eestis.<br>Aastal 2013 talu renoveeritud ja aktiveeritud Eu heakskiidetud ekspordikeskus ja karantiinitalu . Kasutame seda ainult oma eksporditegevuseks.<\/p>\n<p>2014. aastal eksporditi esimesi Eesti piima- ja lihaveiseid sellistele turgudele nagu Horvaatia , Liibanon , Itaalia , Usbekistan .<br>2016. aastal ehitas KMR T\u00fcrkiye's Ankaras uue kaasaegse farmi Limousini ja Charolaise'i t\u00f5uloomade kasvatamiseks ja m\u00fc\u00fcgiks.<\/p>\n<p>2017. aastal alustas KMR oma kariloomade veo spedition kasvatamist, saame s\u00f5ita ka Euroopa ja T\u00fcrkiye piires.<\/p>\n<p>Meil on hea meel tervitada teid meie uue \u00e4ripartnerina.<\/p>\t\t\t\t\t\t\t\t<\/div>\n\t\t\t\t<\/div>\n\t\t\t\t\t<\/div>\n\t\t\t\t<\/div>\n\t\t\t\t<\/div>","protected":false},"excerpt":{"rendered":"<p>Ettev\u00f5tte profiil KMR Livestock Europe, mille asutasid Mehmet Ali KUMRU ja Tar\u0131k KUMRU 2010. aastal Tallinnas. Me saavutasime 10 aasta jooksul tuhandeid elusveiste ekspordi rohkem kui 10 erinevasse riiki, kasvatamiseks, nuumamiseks ja tapmiseks sellistes riikides nagu T\u00fcrgi, Poola, Usbekistan, Kasahstan, Gruusia, Horvaatia, [...]<\/p>","protected":false},"author":2,"featured_media":0,"parent":0,"menu_order":0,"comment_status":"closed","ping_status":"closed","template":"","meta":{"footnotes":""},"class_list":["post-64","page","type-page","status-publish","hentry"],"_links":{"self":[{"href":"https:\/\/kmrlivestock.ee\/et\/wp-json\/wp\/v2\/pages\/64","targetHints":{"allow":["GET"]}}],"collection":[{"href":"https:\/\/kmrlivestock.ee\/et\/wp-json\/wp\/v2\/pages"}],"about":[{"href":"https:\/\/kmrlivestock.ee\/et\/wp-json\/wp\/v2\/types\/page"}],"author":[{"embeddable":true,"href":"https:\/\/kmrlivestock.ee\/et\/wp-json\/wp\/v2\/users\/2"}],"replies":[{"embeddable":true,"href":"https:\/\/kmrlivestock.ee\/et\/wp-json\/wp\/v2\/comments?post=64"}],"version-history":[{"count":55,"href":"https:\/\/kmrlivestock.ee\/et\/wp-json\/wp\/v2\/pages\/64\/revisions"}],"predecessor-version":[{"id":2006,"href":"https:\/\/kmrlivestock.ee\/et\/wp-json\/wp\/v2\/pages\/64\/revisions\/2006"}],"wp:attachment":[{"href":"https:\/\/kmrlivestock.ee\/et\/wp-json\/wp\/v2\/media?parent=64"}],"curies":[{"name":"wp","href":"https:\/\/api.w.org\/{rel}","templated":true}]}}