{"id":66,"date":"2024-10-25T12:03:36","date_gmt":"2024-10-25T12:03:36","guid":{"rendered":"https:\/\/kmrlivestock.ee\/?page_id=66"},"modified":"2025-07-26T20:18:38","modified_gmt":"2025-07-26T20:18:38","slug":"about-us","status":"publish","type":"page","link":"https:\/\/kmrlivestock.ee\/et\/about-us\/","title":{"rendered":"Meie kohta"},"content":{"rendered":"<div data-elementor-type=\"wp-page\" data-elementor-id=\"66\" class=\"elementor elementor-66\" data-elementor-post-type=\"page\">\n\t\t\t\t<div class=\"elementor-element elementor-element-2aef8063 e-con-full e-flex e-con e-parent\" data-id=\"2aef8063\" data-element_type=\"container\">\n\t\t<div class=\"elementor-element elementor-element-6c29719 e-flex e-con-boxed e-con e-child\" data-id=\"6c29719\" data-element_type=\"container\" data-settings=\"{&quot;background_background&quot;:&quot;classic&quot;}\">\n\t\t\t\t\t<div class=\"e-con-inner\">\n\t\t<div class=\"elementor-element elementor-element-611817a8 e-con-full e-flex e-con e-child\" data-id=\"611817a8\" data-element_type=\"container\">\n\t\t\t\t<div class=\"elementor-element elementor-element-6cbf8fa4 elementor-widget elementor-widget-heading\" data-id=\"6cbf8fa4\" data-element_type=\"widget\" data-widget_type=\"heading.default\">\n\t\t\t\t<div class=\"elementor-widget-container\">\n\t\t\t\t\t<h2 class=\"elementor-heading-title elementor-size-default\">Meie kohta<\/h2>\t\t\t\t<\/div>\n\t\t\t\t<\/div>\n\t\t\t\t<\/div>\n\t\t\t\t\t<\/div>\n\t\t\t\t<\/div>\n\t\t\t\t<\/div>\n\t\t<div class=\"elementor-element elementor-element-2335b7a3 e-flex e-con-boxed e-con e-parent\" data-id=\"2335b7a3\" data-element_type=\"container\">\n\t\t\t\t\t<div class=\"e-con-inner\">\n\t\t<div class=\"elementor-element elementor-element-7d104fc0 e-con-full e-flex e-con e-child\" data-id=\"7d104fc0\" data-element_type=\"container\">\n\t\t\t\t<div class=\"elementor-element elementor-element-55133e8b elementor-widget elementor-widget-image\" data-id=\"55133e8b\" data-element_type=\"widget\" data-widget_type=\"image.default\">\n\t\t\t\t<div class=\"elementor-widget-container\">\n\t\t\t\t\t\t\t\t\t\t\t\t\t\t\t<img fetchpriority=\"high\" decoding=\"async\" width=\"708\" height=\"528\" src=\"https:\/\/kmrlivestock.ee\/wp-content\/uploads\/2024\/10\/KMR-livestock-about-us.jpg\" class=\"attachment-full size-full wp-image-468\" alt=\"\" srcset=\"https:\/\/kmrlivestock.ee\/wp-content\/uploads\/2024\/10\/KMR-livestock-about-us.jpg 708w, https:\/\/kmrlivestock.ee\/wp-content\/uploads\/2024\/10\/KMR-livestock-about-us-300x224.jpg 300w\" sizes=\"(max-width: 708px) 100vw, 708px\" \/>\t\t\t\t\t\t\t\t\t\t\t\t\t\t\t<\/div>\n\t\t\t\t<\/div>\n\t\t\t\t<\/div>\n\t\t<div class=\"elementor-element elementor-element-9fccaeb e-con-full e-flex e-con e-child\" data-id=\"9fccaeb\" data-element_type=\"container\">\n\t\t\t\t<div class=\"elementor-element elementor-element-4cf8bc56 elementor-widget elementor-widget-heading\" data-id=\"4cf8bc56\" data-element_type=\"widget\" data-widget_type=\"heading.default\">\n\t\t\t\t<div class=\"elementor-widget-container\">\n\t\t\t\t\t<h2 class=\"elementor-heading-title elementor-size-default\">Kes me oleme<\/h2>\t\t\t\t<\/div>\n\t\t\t\t<\/div>\n\t\t\t\t<div class=\"elementor-element elementor-element-5dbade65 elementor-widget elementor-widget-heading\" data-id=\"5dbade65\" data-element_type=\"widget\" data-widget_type=\"heading.default\">\n\t\t\t\t<div class=\"elementor-widget-container\">\n\t\t\t\t\t<h2 class=\"elementor-heading-title elementor-size-default\">KMR kariloomade asutajad<\/h2>\t\t\t\t<\/div>\n\t\t\t\t<\/div>\n\t\t\t\t<div class=\"elementor-element elementor-element-6f6476c1 elementor-widget elementor-widget-text-editor\" data-id=\"6f6476c1\" data-element_type=\"widget\" data-widget_type=\"text-editor.default\">\n\t\t\t\t<div class=\"elementor-widget-container\">\n\t\t\t\t\t\t\t\t\t<p><strong>KMR Livestock Europe<\/strong> asutasid 2010. aastal Tallinnas Mehmet Ali Kumru ja Tar\u0131k Kumru. Mehmet Ali Kumru, veterinaararst, kellel oli 30-aastane kogemus loomakaubanduses ja loomakasvatuses erinevates riikides, suri 6. jaanuaril 2020. aastal. K\u00f5ik tulevased aastad on p\u00fchendatud tema nime ja m\u00e4lestuse austamisele.<\/p>\t\t\t\t\t\t\t\t<\/div>\n\t\t\t\t<\/div>\n\t\t\t\t<\/div>\n\t\t\t\t\t<\/div>\n\t\t\t\t<\/div>\n\t\t<div class=\"elementor-element elementor-element-6fad5965 e-flex e-con-boxed e-con e-parent\" data-id=\"6fad5965\" data-element_type=\"container\">\n\t\t\t\t\t<div class=\"e-con-inner\">\n\t\t\t\t<div class=\"elementor-element elementor-element-49dfc300 elementor-widget elementor-widget-heading\" data-id=\"49dfc300\" data-element_type=\"widget\" data-widget_type=\"heading.default\">\n\t\t\t\t<div class=\"elementor-widget-container\">\n\t\t\t\t\t<h2 class=\"elementor-heading-title elementor-size-default\">Ettev\u00f5tte ajalugu<\/h2>\t\t\t\t<\/div>\n\t\t\t\t<\/div>\n\t\t\t\t<div class=\"elementor-element elementor-element-69286c8b elementor-widget elementor-widget-spacer\" data-id=\"69286c8b\" data-element_type=\"widget\" data-widget_type=\"spacer.default\">\n\t\t\t\t<div class=\"elementor-widget-container\">\n\t\t\t\t\t\t\t<div class=\"elementor-spacer\">\n\t\t\t<div class=\"elementor-spacer-inner\"><\/div>\n\t\t<\/div>\n\t\t\t\t\t\t<\/div>\n\t\t\t\t<\/div>\n\t\t<div class=\"elementor-element elementor-element-508a7d68 e-con-full e-flex e-con e-child\" data-id=\"508a7d68\" data-element_type=\"container\">\n\t\t<div class=\"elementor-element elementor-element-22ccfade e-con-full e-flex e-con e-child\" data-id=\"22ccfade\" data-element_type=\"container\">\n\t\t\t\t<div class=\"elementor-element elementor-element-564db265 elementor-widget elementor-widget-heading\" data-id=\"564db265\" data-element_type=\"widget\" data-widget_type=\"heading.default\">\n\t\t\t\t<div class=\"elementor-widget-container\">\n\t\t\t\t\t<h2 class=\"elementor-heading-title elementor-size-default\">2011<\/h2>\t\t\t\t<\/div>\n\t\t\t\t<\/div>\n\t\t\t\t<\/div>\n\t\t<div class=\"elementor-element elementor-element-5aa0f983 e-con-full e-flex e-con e-child\" data-id=\"5aa0f983\" data-element_type=\"container\">\n\t\t\t\t<div class=\"elementor-element elementor-element-2842ef9 elementor-widget elementor-widget-heading\" data-id=\"2842ef9\" data-element_type=\"widget\" data-widget_type=\"heading.default\">\n\t\t\t\t<div class=\"elementor-widget-container\">\n\t\t\t\t\t<h5 class=\"elementor-heading-title elementor-size-default\">2011. aastal<\/h5>\t\t\t\t<\/div>\n\t\t\t\t<\/div>\n\t\t\t\t<div class=\"elementor-element elementor-element-24123e09 elementor-widget elementor-widget-text-editor\" data-id=\"24123e09\" data-element_type=\"widget\" data-widget_type=\"text-editor.default\">\n\t\t\t\t<div class=\"elementor-widget-container\">\n\t\t\t\t\t\t\t\t\t<p>KMR ostis Sikeldi talu Raplamaal.<\/p>\t\t\t\t\t\t\t\t<\/div>\n\t\t\t\t<\/div>\n\t\t\t\t<\/div>\n\t\t\t\t<\/div>\n\t\t<div class=\"elementor-element elementor-element-85eb941 e-con-full e-flex e-con e-child\" data-id=\"85eb941\" data-element_type=\"container\">\n\t\t<div class=\"elementor-element elementor-element-5f0c8f7d e-con-full e-flex e-con e-child\" data-id=\"5f0c8f7d\" data-element_type=\"container\">\n\t\t<div class=\"elementor-element elementor-element-ded8b04 e-con-full elementor-hidden-desktop elementor-hidden-tablet e-flex e-con e-child\" data-id=\"ded8b04\" data-element_type=\"container\">\n\t\t\t\t<div class=\"elementor-element elementor-element-4bbe161 elementor-widget elementor-widget-heading\" data-id=\"4bbe161\" data-element_type=\"widget\" data-widget_type=\"heading.default\">\n\t\t\t\t<div class=\"elementor-widget-container\">\n\t\t\t\t\t<h2 class=\"elementor-heading-title elementor-size-default\">2012<\/h2>\t\t\t\t<\/div>\n\t\t\t\t<\/div>\n\t\t\t\t<\/div>\n\t\t\t\t<div class=\"elementor-element elementor-element-28b8aeb7 elementor-widget elementor-widget-heading\" data-id=\"28b8aeb7\" data-element_type=\"widget\" data-widget_type=\"heading.default\">\n\t\t\t\t<div class=\"elementor-widget-container\">\n\t\t\t\t\t<h5 class=\"elementor-heading-title elementor-size-default\">2012. aastal <\/h5>\t\t\t\t<\/div>\n\t\t\t\t<\/div>\n\t\t\t\t<div class=\"elementor-element elementor-element-3b379e11 elementor-widget elementor-widget-text-editor\" data-id=\"3b379e11\" data-element_type=\"widget\" data-widget_type=\"text-editor.default\">\n\t\t\t\t<div class=\"elementor-widget-container\">\n\t\t\t\t\t\t\t\t\t<p>Talu alustas tegevust Prantsusmaalt imporditud Limousin'i t\u00e4ies sugupuudes karja kasvatamisega.<\/p>\t\t\t\t\t\t\t\t<\/div>\n\t\t\t\t<\/div>\n\t\t\t\t<\/div>\n\t\t<div class=\"elementor-element elementor-element-3713a19a e-con-full elementor-hidden-mobile e-flex e-con e-child\" data-id=\"3713a19a\" data-element_type=\"container\">\n\t\t\t\t<div class=\"elementor-element elementor-element-47e99b4c elementor-widget elementor-widget-heading\" data-id=\"47e99b4c\" data-element_type=\"widget\" data-widget_type=\"heading.default\">\n\t\t\t\t<div class=\"elementor-widget-container\">\n\t\t\t\t\t<h2 class=\"elementor-heading-title elementor-size-default\">2012<\/h2>\t\t\t\t<\/div>\n\t\t\t\t<\/div>\n\t\t\t\t<\/div>\n\t\t\t\t<\/div>\n\t\t<div class=\"elementor-element elementor-element-5d81b4b9 e-con-full e-flex e-con e-child\" data-id=\"5d81b4b9\" data-element_type=\"container\">\n\t\t<div class=\"elementor-element elementor-element-4121f8a5 e-con-full e-flex e-con e-child\" data-id=\"4121f8a5\" data-element_type=\"container\">\n\t\t\t\t<div class=\"elementor-element elementor-element-435237d elementor-widget elementor-widget-heading\" data-id=\"435237d\" data-element_type=\"widget\" data-widget_type=\"heading.default\">\n\t\t\t\t<div class=\"elementor-widget-container\">\n\t\t\t\t\t<h2 class=\"elementor-heading-title elementor-size-default\">2014<\/h2>\t\t\t\t<\/div>\n\t\t\t\t<\/div>\n\t\t\t\t<\/div>\n\t\t<div class=\"elementor-element elementor-element-10f015de e-con-full e-flex e-con e-child\" data-id=\"10f015de\" data-element_type=\"container\">\n\t\t\t\t<div class=\"elementor-element elementor-element-57969dc5 elementor-widget elementor-widget-heading\" data-id=\"57969dc5\" data-element_type=\"widget\" data-widget_type=\"heading.default\">\n\t\t\t\t<div class=\"elementor-widget-container\">\n\t\t\t\t\t<h5 class=\"elementor-heading-title elementor-size-default\">2014. aastal<\/h5>\t\t\t\t<\/div>\n\t\t\t\t<\/div>\n\t\t\t\t<div class=\"elementor-element elementor-element-5fed8ad2 elementor-widget elementor-widget-text-editor\" data-id=\"5fed8ad2\" data-element_type=\"widget\" data-widget_type=\"text-editor.default\">\n\t\t\t\t<div class=\"elementor-widget-container\">\n\t\t\t\t\t\t\t\t\t<div class=\"flex-shrink-0 flex flex-col relative items-end\"><div><div class=\"pt-0\"><div class=\"gizmo-bot-avatar flex h-8 w-8 items-center justify-center overflow-hidden rounded-full\"><div class=\"relative p-1 rounded-sm flex items-center justify-center bg-token-main-surface-primary text-token-text-primary h-8 w-8\">KMR ostis Raplamaal asuva Valeki talu ja renoveeris selle ekspordiloomade kogumiskeskuseks.<\/div><\/div><\/div><\/div><\/div>\t\t\t\t\t\t\t\t<\/div>\n\t\t\t\t<\/div>\n\t\t\t\t<\/div>\n\t\t\t\t<\/div>\n\t\t<div class=\"elementor-element elementor-element-13ad0f24 e-con-full e-flex e-con e-child\" data-id=\"13ad0f24\" data-element_type=\"container\">\n\t\t<div class=\"elementor-element elementor-element-b6d4a3e e-con-full e-flex e-con e-child\" data-id=\"b6d4a3e\" data-element_type=\"container\">\n\t\t\t\t<div class=\"elementor-element elementor-element-ddd1ca9 elementor-hidden-desktop elementor-hidden-tablet elementor-widget elementor-widget-heading\" data-id=\"ddd1ca9\" data-element_type=\"widget\" data-widget_type=\"heading.default\">\n\t\t\t\t<div class=\"elementor-widget-container\">\n\t\t\t\t\t<h2 class=\"elementor-heading-title elementor-size-default\">2016<\/h2>\t\t\t\t<\/div>\n\t\t\t\t<\/div>\n\t\t\t\t<div class=\"elementor-element elementor-element-119689ce elementor-widget elementor-widget-heading\" data-id=\"119689ce\" data-element_type=\"widget\" data-widget_type=\"heading.default\">\n\t\t\t\t<div class=\"elementor-widget-container\">\n\t\t\t\t\t<h5 class=\"elementor-heading-title elementor-size-default\">2016. aastal<\/h5>\t\t\t\t<\/div>\n\t\t\t\t<\/div>\n\t\t\t\t<div class=\"elementor-element elementor-element-715344ba elementor-widget elementor-widget-text-editor\" data-id=\"715344ba\" data-element_type=\"widget\" data-widget_type=\"text-editor.default\">\n\t\t\t\t<div class=\"elementor-widget-container\">\n\t\t\t\t\t\t\t\t\t<p>KMR ehitas T\u00fcrkiye's, Ankaras, uue, kaasaegse p\u00f5llumajandusettev\u00f5tte kauplemise eesm\u00e4rgil. 2017. aastal alustas KMR oma kariloomade transpordilogistika laiendamist.<\/p>\t\t\t\t\t\t\t\t<\/div>\n\t\t\t\t<\/div>\n\t\t\t\t<\/div>\n\t\t<div class=\"elementor-element elementor-element-27f36ec9 e-con-full e-flex e-con e-child\" data-id=\"27f36ec9\" data-element_type=\"container\">\n\t\t\t\t<div class=\"elementor-element elementor-element-1edbe4f elementor-hidden-mobile elementor-widget elementor-widget-heading\" data-id=\"1edbe4f\" data-element_type=\"widget\" data-widget_type=\"heading.default\">\n\t\t\t\t<div class=\"elementor-widget-container\">\n\t\t\t\t\t<h2 class=\"elementor-heading-title elementor-size-default\">2016<\/h2>\t\t\t\t<\/div>\n\t\t\t\t<\/div>\n\t\t\t\t<\/div>\n\t\t\t\t<\/div>\n\t\t\t\t\t<\/div>\n\t\t\t\t<\/div>\n\t\t<div class=\"elementor-element elementor-element-fd24a37 e-flex e-con-boxed e-con e-parent\" data-id=\"fd24a37\" data-element_type=\"container\">\n\t\t\t\t\t<div class=\"e-con-inner\">\n\t\t\t\t<div class=\"elementor-element elementor-element-d18a434 elementor-widget elementor-widget-text-editor\" data-id=\"d18a434\" data-element_type=\"widget\" data-widget_type=\"text-editor.default\">\n\t\t\t\t<div class=\"elementor-widget-container\">\n\t\t\t\t\t\t\t\t\t<p>Mehmet Ali Kumrulil oli kolm poega, kes praegu juhivad KMR Livestock Europe'i ja Kumrular Foodi. Ahmet Kumru ja Hakan Kumru juhivad Kumrulari tegevust T\u00fcrgis, juhtides eksporditurgusid, loomade identifitseerimist, kariloomadega kauplemist ja kariloomade importi T\u00fcrkiye'sse.<\/p><p>Tar\u0131k Kumru, noorim poeg, juhib kaubandust, p\u00f5llumajandust ja eksporti Eestis ja teistes ELi riikides.<\/p><p>Praegu t\u00f6\u00f6tab m\u00f5lemas ettev\u00f5ttes \u00fcle 20 kvalifitseeritud spetsialisti.<\/p><p>KMR Livestock Europe'i peamine eesm\u00e4rk on h\u00f5lbustada rahvusvahelist kaubandust, keskendudes kariloomade impordile ja ekspordile eri riikide vahel, aga ka oma p\u00f5llumajandusettev\u00f5tete, ekspordikeskuste ja kariloomade logistika arendamisele.<\/p><p>Selle missiooniga oleme eksportinud \u00fcle 50 000 kvaliteetse elusveise 10 riiki aretamiseks, nuumamiseks ja tapmiseks. Oleme loonud tugevad partnerlussuhted sadade aretusfarmide, organisatsioonide ja kaupmeestega kogu maailmas.<\/p><p>Meil oleks hea meel tervitada teid meie uue \u00e4ripartnerina.<\/p>\t\t\t\t\t\t\t\t<\/div>\n\t\t\t\t<\/div>\n\t\t\t\t\t<\/div>\n\t\t\t\t<\/div>\n\t\t\t\t<\/div>","protected":false},"excerpt":{"rendered":"<p>Meist Kes me oleme KMR Livestocki asutajad KMR Livestock Europe asutati 2010. aastal Tallinnas Mehmet Ali Kumru ja Tar\u0131k Kumru poolt. Mehmet Ali Kumru, veterinaararst, kellel oli 30-aastane kogemus loomakaubanduses ja loomakasvatuses erinevates riikides, suri 6. jaanuaril 2020. aastal. K\u00f5ik tulevased aastad on p\u00fchendatud [...]<\/p>","protected":false},"author":2,"featured_media":0,"parent":0,"menu_order":0,"comment_status":"closed","ping_status":"closed","template":"","meta":{"footnotes":""},"class_list":["post-66","page","type-page","status-publish","hentry"],"_links":{"self":[{"href":"https:\/\/kmrlivestock.ee\/et\/wp-json\/wp\/v2\/pages\/66","targetHints":{"allow":["GET"]}}],"collection":[{"href":"https:\/\/kmrlivestock.ee\/et\/wp-json\/wp\/v2\/pages"}],"about":[{"href":"https:\/\/kmrlivestock.ee\/et\/wp-json\/wp\/v2\/types\/page"}],"author":[{"embeddable":true,"href":"https:\/\/kmrlivestock.ee\/et\/wp-json\/wp\/v2\/users\/2"}],"replies":[{"embeddable":true,"href":"https:\/\/kmrlivestock.ee\/et\/wp-json\/wp\/v2\/comments?post=66"}],"version-history":[{"count":49,"href":"https:\/\/kmrlivestock.ee\/et\/wp-json\/wp\/v2\/pages\/66\/revisions"}],"predecessor-version":[{"id":2009,"href":"https:\/\/kmrlivestock.ee\/et\/wp-json\/wp\/v2\/pages\/66\/revisions\/2009"}],"wp:attachment":[{"href":"https:\/\/kmrlivestock.ee\/et\/wp-json\/wp\/v2\/media?parent=66"}],"curies":[{"name":"wp","href":"https:\/\/api.w.org\/{rel}","templated":true}]}}