{"id":72,"date":"2024-10-25T12:05:59","date_gmt":"2024-10-25T12:05:59","guid":{"rendered":"https:\/\/kmrlivestock.ee\/?page_id=72"},"modified":"2024-11-11T10:49:29","modified_gmt":"2024-11-11T10:49:29","slug":"fattening-and-slaughtering-cattle-export","status":"publish","type":"page","link":"https:\/\/kmrlivestock.ee\/et\/fattening-and-slaughtering-cattle-export\/","title":{"rendered":"Karja nuumamine ja tapmine, eksport"},"content":{"rendered":"<div data-elementor-type=\"wp-page\" data-elementor-id=\"72\" class=\"elementor elementor-72\" data-elementor-post-type=\"page\">\n\t\t\t\t<div class=\"elementor-element elementor-element-e8ca73e e-con-full e-flex e-con e-parent\" data-id=\"e8ca73e\" data-element_type=\"container\">\n\t\t<div class=\"elementor-element elementor-element-2a4be1d e-flex e-con-boxed e-con e-child\" data-id=\"2a4be1d\" data-element_type=\"container\" data-settings=\"{&quot;background_background&quot;:&quot;classic&quot;}\">\n\t\t\t\t\t<div class=\"e-con-inner\">\n\t\t<div class=\"elementor-element elementor-element-1a131fb e-flex e-con-boxed e-con e-child\" data-id=\"1a131fb\" data-element_type=\"container\">\n\t\t\t\t\t<div class=\"e-con-inner\">\n\t\t\t\t<div class=\"elementor-element elementor-element-0e21347 elementor-widget__width-initial elementor-widget elementor-widget-heading\" data-id=\"0e21347\" data-element_type=\"widget\" data-widget_type=\"heading.default\">\n\t\t\t\t<div class=\"elementor-widget-container\">\n\t\t\t\t\t<h2 class=\"elementor-heading-title elementor-size-default\">Karja nuumamine ja tapmine, eksport<\/h2>\t\t\t\t<\/div>\n\t\t\t\t<\/div>\n\t\t\t\t\t<\/div>\n\t\t\t\t<\/div>\n\t\t\t\t\t<\/div>\n\t\t\t\t<\/div>\n\t\t\t\t<\/div>\n\t\t<div class=\"elementor-element elementor-element-03937e4 e-flex e-con-boxed e-con e-parent\" data-id=\"03937e4\" data-element_type=\"container\">\n\t\t\t\t\t<div class=\"e-con-inner\">\n\t\t\t\t<div class=\"elementor-element elementor-element-55e142f elementor-widget elementor-widget-text-editor\" data-id=\"55e142f\" data-element_type=\"widget\" data-widget_type=\"text-editor.default\">\n\t\t\t\t<div class=\"elementor-widget-container\">\n\t\t\t\t\t\t\t\t\t<p>Oleme eksportinud \u00fcle 20 000 nuum- ja tapaveise erinevatesse sihtkohtadesse.<\/p><p>Oleme spetsialiseerunud Eesti ja L\u00e4ti pullide ja mullikate, sealhulgas Limousin, Charolais, B. Aquitaine, Simmental, Angus ja Herefordi t\u00f5ugude ning nende ristandite eksportimisele. Meie veised on saadetud nuumamiseks ja tapmiseks sellistesse riikidesse nagu Poola, T\u00fcrgi, Horvaatia, Liibanon ja Sloveenia.<\/p><p>Meie ostu- ja ekspordihinnad v\u00f5ivad erineda s\u00f5ltuvalt veiste seisukorrast, geneetikast, arengust ja kaalust.<\/p><p>Alates meie asutamisest oleme loonud tugevad suhted enam kui 300 veisekasvatajaga Eestis.<\/p><p>Oma transpordiga pakume p\u00f5llumajandustootjatele k\u00f5rgetasemelist teenust, pakkudes konkurentsiv\u00f5imelisi hindu ja usaldusv\u00e4\u00e4rseid laadimisgraafikuid.<\/p><p>Meil on ka vahendid, mis vastavad meie klientide vajadustele, sealhulgas transportimine nende p\u00f5llumajandusettev\u00f5tetesse v\u00e4lismaal.<\/p><p>Meil oleks hea meel tervitada teid meie uue \u00e4ripartnerina.<\/p><p><strong>Pakume:<\/strong><\/p><ul><li>Limousini, Charolais', Simmentali, B. Aquitaine'i, Anguse'i ja Herefordi t\u00f5ugu noored pullid kaaluga 250-350 kg nuumamiseks.<\/li><li>Limousini, Charolais', Simmentali, B. Aquitaine'i, Anguse'i ja Herefordi t\u00f5ugu noored pullid kaaluga 500 kg ja rohkem.<\/li><li>Piimat\u00f5ugu pullid kaaluga 500 kg ja rohkem, mis on ette n\u00e4htud tapmiseks.<\/li><\/ul>\t\t\t\t\t\t\t\t<\/div>\n\t\t\t\t<\/div>\n\t\t\t\t\t<\/div>\n\t\t\t\t<\/div>\n\t\t<div class=\"elementor-element elementor-element-1005754 e-flex e-con-boxed e-con e-parent\" data-id=\"1005754\" data-element_type=\"container\">\n\t\t\t\t\t<div class=\"e-con-inner\">\n\t\t<div class=\"elementor-element elementor-element-9401239 e-con-full e-flex e-con e-child\" data-id=\"9401239\" data-element_type=\"container\">\n\t\t\t\t<div class=\"elementor-element elementor-element-25693e1 elementor-widget elementor-widget-heading\" data-id=\"25693e1\" data-element_type=\"widget\" data-widget_type=\"heading.default\">\n\t\t\t\t<div class=\"elementor-widget-container\">\n\t\t\t\t\t<h2 class=\"elementor-heading-title elementor-size-default\">Galerii<\/h2>\t\t\t\t<\/div>\n\t\t\t\t<\/div>\n\t\t\t\t<\/div>\n\t\t\t\t<div class=\"elementor-element elementor-element-abfa4cb elementor-widget elementor-widget-gallery\" data-id=\"abfa4cb\" data-element_type=\"widget\" data-settings=\"{&quot;aspect_ratio&quot;:&quot;4:3&quot;,&quot;lazyload&quot;:&quot;yes&quot;,&quot;gallery_layout&quot;:&quot;grid&quot;,&quot;columns&quot;:4,&quot;columns_tablet&quot;:2,&quot;columns_mobile&quot;:1,&quot;gap&quot;:{&quot;unit&quot;:&quot;px&quot;,&quot;size&quot;:10,&quot;sizes&quot;:[]},&quot;gap_tablet&quot;:{&quot;unit&quot;:&quot;px&quot;,&quot;size&quot;:10,&quot;sizes&quot;:[]},&quot;gap_mobile&quot;:{&quot;unit&quot;:&quot;px&quot;,&quot;size&quot;:10,&quot;sizes&quot;:[]},&quot;link_to&quot;:&quot;file&quot;,&quot;overlay_background&quot;:&quot;yes&quot;,&quot;content_hover_animation&quot;:&quot;fade-in&quot;}\" data-widget_type=\"gallery.default\">\n\t\t\t\t<div class=\"elementor-widget-container\">\n\t\t\t\t\t\t\t<div class=\"elementor-gallery__container\">\n\t\t\t\t\t\t\t<a class=\"e-gallery-item elementor-gallery-item elementor-animated-content\" href=\"https:\/\/kmrlivestock.ee\/wp-content\/uploads\/2024\/11\/Fattening-and-slaughtering-cattle-export01.jpg\" data-elementor-open-lightbox=\"yes\" data-elementor-lightbox-slideshow=\"abfa4cb\" data-elementor-lightbox-title=\"Fattening and slaughtering cattle export01\" data-e-action-hash=\"#elementor-action%3Aaction%3Dlightbox%26settings%3DeyJpZCI6ODA4LCJ1cmwiOiJodHRwczpcL1wva21ybGl2ZXN0b2NrLmVlXC93cC1jb250ZW50XC91cGxvYWRzXC8yMDI0XC8xMVwvRmF0dGVuaW5nLWFuZC1zbGF1Z2h0ZXJpbmctY2F0dGxlLWV4cG9ydDAxLmpwZyIsInNsaWRlc2hvdyI6ImFiZmE0Y2IifQ%3D%3D\">\n\t\t\t\t\t<div class=\"e-gallery-image elementor-gallery-item__image\" data-thumbnail=\"https:\/\/kmrlivestock.ee\/wp-content\/uploads\/2024\/11\/Fattening-and-slaughtering-cattle-export01-768x432.jpg\" data-width=\"768\" data-height=\"432\" aria-label=\"\" role=\"img\" ><\/div>\n\t\t\t\t\t\t\t\t\t\t\t<div class=\"elementor-gallery-item__overlay\"><\/div>\n\t\t\t\t\t\t\t\t\t\t\t\t\t\t<\/a>\n\t\t\t\t\t\t\t<a class=\"e-gallery-item elementor-gallery-item elementor-animated-content\" href=\"https:\/\/kmrlivestock.ee\/wp-content\/uploads\/2024\/11\/Fattening-and-slaughtering-cattle-export02.jpg\" data-elementor-open-lightbox=\"yes\" data-elementor-lightbox-slideshow=\"abfa4cb\" data-elementor-lightbox-title=\"Fattening and slaughtering cattle export02\" data-e-action-hash=\"#elementor-action%3Aaction%3Dlightbox%26settings%3DeyJpZCI6ODA5LCJ1cmwiOiJodHRwczpcL1wva21ybGl2ZXN0b2NrLmVlXC93cC1jb250ZW50XC91cGxvYWRzXC8yMDI0XC8xMVwvRmF0dGVuaW5nLWFuZC1zbGF1Z2h0ZXJpbmctY2F0dGxlLWV4cG9ydDAyLmpwZyIsInNsaWRlc2hvdyI6ImFiZmE0Y2IifQ%3D%3D\">\n\t\t\t\t\t<div class=\"e-gallery-image elementor-gallery-item__image\" data-thumbnail=\"https:\/\/kmrlivestock.ee\/wp-content\/uploads\/2024\/11\/Fattening-and-slaughtering-cattle-export02-768x432.jpg\" data-width=\"768\" data-height=\"432\" aria-label=\"\" role=\"img\" ><\/div>\n\t\t\t\t\t\t\t\t\t\t\t<div class=\"elementor-gallery-item__overlay\"><\/div>\n\t\t\t\t\t\t\t\t\t\t\t\t\t\t<\/a>\n\t\t\t\t\t\t\t<a class=\"e-gallery-item elementor-gallery-item elementor-animated-content\" href=\"https:\/\/kmrlivestock.ee\/wp-content\/uploads\/2024\/11\/Fattening-and-slaughtering-cattle-export03.jpg\" data-elementor-open-lightbox=\"yes\" data-elementor-lightbox-slideshow=\"abfa4cb\" data-elementor-lightbox-title=\"Fattening and slaughtering cattle export03\" data-e-action-hash=\"#elementor-action%3Aaction%3Dlightbox%26settings%3DeyJpZCI6ODEwLCJ1cmwiOiJodHRwczpcL1wva21ybGl2ZXN0b2NrLmVlXC93cC1jb250ZW50XC91cGxvYWRzXC8yMDI0XC8xMVwvRmF0dGVuaW5nLWFuZC1zbGF1Z2h0ZXJpbmctY2F0dGxlLWV4cG9ydDAzLmpwZyIsInNsaWRlc2hvdyI6ImFiZmE0Y2IifQ%3D%3D\">\n\t\t\t\t\t<div class=\"e-gallery-image elementor-gallery-item__image\" data-thumbnail=\"https:\/\/kmrlivestock.ee\/wp-content\/uploads\/2024\/11\/Fattening-and-slaughtering-cattle-export03-768x432.jpg\" data-width=\"768\" data-height=\"432\" aria-label=\"\" role=\"img\" ><\/div>\n\t\t\t\t\t\t\t\t\t\t\t<div class=\"elementor-gallery-item__overlay\"><\/div>\n\t\t\t\t\t\t\t\t\t\t\t\t\t\t<\/a>\n\t\t\t\t\t\t\t<a class=\"e-gallery-item elementor-gallery-item elementor-animated-content\" href=\"https:\/\/kmrlivestock.ee\/wp-content\/uploads\/2024\/11\/Fattening-and-slaughtering-cattle-export04.jpg\" data-elementor-open-lightbox=\"yes\" data-elementor-lightbox-slideshow=\"abfa4cb\" data-elementor-lightbox-title=\"Fattening and slaughtering cattle export04\" data-e-action-hash=\"#elementor-action%3Aaction%3Dlightbox%26settings%3DeyJpZCI6ODExLCJ1cmwiOiJodHRwczpcL1wva21ybGl2ZXN0b2NrLmVlXC93cC1jb250ZW50XC91cGxvYWRzXC8yMDI0XC8xMVwvRmF0dGVuaW5nLWFuZC1zbGF1Z2h0ZXJpbmctY2F0dGxlLWV4cG9ydDA0LmpwZyIsInNsaWRlc2hvdyI6ImFiZmE0Y2IifQ%3D%3D\">\n\t\t\t\t\t<div class=\"e-gallery-image elementor-gallery-item__image\" data-thumbnail=\"https:\/\/kmrlivestock.ee\/wp-content\/uploads\/2024\/11\/Fattening-and-slaughtering-cattle-export04-768x432.jpg\" data-width=\"768\" data-height=\"432\" aria-label=\"\" role=\"img\" ><\/div>\n\t\t\t\t\t\t\t\t\t\t\t<div class=\"elementor-gallery-item__overlay\"><\/div>\n\t\t\t\t\t\t\t\t\t\t\t\t\t\t<\/a>\n\t\t\t\t\t\t\t<a class=\"e-gallery-item elementor-gallery-item elementor-animated-content\" href=\"https:\/\/kmrlivestock.ee\/wp-content\/uploads\/2024\/11\/Fattening-and-slaughtering-cattle-export05.jpg\" data-elementor-open-lightbox=\"yes\" data-elementor-lightbox-slideshow=\"abfa4cb\" data-elementor-lightbox-title=\"Fattening and slaughtering cattle export05\" data-e-action-hash=\"#elementor-action%3Aaction%3Dlightbox%26settings%3DeyJpZCI6ODEyLCJ1cmwiOiJodHRwczpcL1wva21ybGl2ZXN0b2NrLmVlXC93cC1jb250ZW50XC91cGxvYWRzXC8yMDI0XC8xMVwvRmF0dGVuaW5nLWFuZC1zbGF1Z2h0ZXJpbmctY2F0dGxlLWV4cG9ydDA1LmpwZyIsInNsaWRlc2hvdyI6ImFiZmE0Y2IifQ%3D%3D\">\n\t\t\t\t\t<div class=\"e-gallery-image elementor-gallery-item__image\" data-thumbnail=\"https:\/\/kmrlivestock.ee\/wp-content\/uploads\/2024\/11\/Fattening-and-slaughtering-cattle-export05-768x432.jpg\" data-width=\"768\" data-height=\"432\" aria-label=\"\" role=\"img\" ><\/div>\n\t\t\t\t\t\t\t\t\t\t\t<div class=\"elementor-gallery-item__overlay\"><\/div>\n\t\t\t\t\t\t\t\t\t\t\t\t\t\t<\/a>\n\t\t\t\t\t\t\t<a class=\"e-gallery-item elementor-gallery-item elementor-animated-content\" href=\"https:\/\/kmrlivestock.ee\/wp-content\/uploads\/2024\/11\/Fattening-and-slaughtering-cattle-export06.jpg\" data-elementor-open-lightbox=\"yes\" data-elementor-lightbox-slideshow=\"abfa4cb\" data-elementor-lightbox-title=\"Fattening and slaughtering cattle export06\" data-e-action-hash=\"#elementor-action%3Aaction%3Dlightbox%26settings%3DeyJpZCI6ODEzLCJ1cmwiOiJodHRwczpcL1wva21ybGl2ZXN0b2NrLmVlXC93cC1jb250ZW50XC91cGxvYWRzXC8yMDI0XC8xMVwvRmF0dGVuaW5nLWFuZC1zbGF1Z2h0ZXJpbmctY2F0dGxlLWV4cG9ydDA2LmpwZyIsInNsaWRlc2hvdyI6ImFiZmE0Y2IifQ%3D%3D\">\n\t\t\t\t\t<div class=\"e-gallery-image elementor-gallery-item__image\" data-thumbnail=\"https:\/\/kmrlivestock.ee\/wp-content\/uploads\/2024\/11\/Fattening-and-slaughtering-cattle-export06-768x432.jpg\" data-width=\"768\" data-height=\"432\" aria-label=\"\" role=\"img\" ><\/div>\n\t\t\t\t\t\t\t\t\t\t\t<div class=\"elementor-gallery-item__overlay\"><\/div>\n\t\t\t\t\t\t\t\t\t\t\t\t\t\t<\/a>\n\t\t\t\t\t\t\t<a class=\"e-gallery-item elementor-gallery-item elementor-animated-content\" href=\"https:\/\/kmrlivestock.ee\/wp-content\/uploads\/2024\/11\/Fattening-and-slaughtering-cattle-export07.jpg\" data-elementor-open-lightbox=\"yes\" data-elementor-lightbox-slideshow=\"abfa4cb\" data-elementor-lightbox-title=\"Fattening and slaughtering cattle export07\" data-e-action-hash=\"#elementor-action%3Aaction%3Dlightbox%26settings%3DeyJpZCI6ODE0LCJ1cmwiOiJodHRwczpcL1wva21ybGl2ZXN0b2NrLmVlXC93cC1jb250ZW50XC91cGxvYWRzXC8yMDI0XC8xMVwvRmF0dGVuaW5nLWFuZC1zbGF1Z2h0ZXJpbmctY2F0dGxlLWV4cG9ydDA3LmpwZyIsInNsaWRlc2hvdyI6ImFiZmE0Y2IifQ%3D%3D\">\n\t\t\t\t\t<div class=\"e-gallery-image elementor-gallery-item__image\" data-thumbnail=\"https:\/\/kmrlivestock.ee\/wp-content\/uploads\/2024\/11\/Fattening-and-slaughtering-cattle-export07-768x432.jpg\" data-width=\"768\" data-height=\"432\" aria-label=\"\" role=\"img\" ><\/div>\n\t\t\t\t\t\t\t\t\t\t\t<div class=\"elementor-gallery-item__overlay\"><\/div>\n\t\t\t\t\t\t\t\t\t\t\t\t\t\t<\/a>\n\t\t\t\t\t\t\t<a class=\"e-gallery-item elementor-gallery-item elementor-animated-content\" href=\"https:\/\/kmrlivestock.ee\/wp-content\/uploads\/2024\/11\/Fattening-and-slaughtering-cattle-export08.jpg\" data-elementor-open-lightbox=\"yes\" data-elementor-lightbox-slideshow=\"abfa4cb\" data-elementor-lightbox-title=\"Fattening and slaughtering cattle export08\" data-e-action-hash=\"#elementor-action%3Aaction%3Dlightbox%26settings%3DeyJpZCI6ODE1LCJ1cmwiOiJodHRwczpcL1wva21ybGl2ZXN0b2NrLmVlXC93cC1jb250ZW50XC91cGxvYWRzXC8yMDI0XC8xMVwvRmF0dGVuaW5nLWFuZC1zbGF1Z2h0ZXJpbmctY2F0dGxlLWV4cG9ydDA4LmpwZyIsInNsaWRlc2hvdyI6ImFiZmE0Y2IifQ%3D%3D\">\n\t\t\t\t\t<div class=\"e-gallery-image elementor-gallery-item__image\" data-thumbnail=\"https:\/\/kmrlivestock.ee\/wp-content\/uploads\/2024\/11\/Fattening-and-slaughtering-cattle-export08-768x432.jpg\" data-width=\"768\" data-height=\"432\" aria-label=\"\" role=\"img\" ><\/div>\n\t\t\t\t\t\t\t\t\t\t\t<div class=\"elementor-gallery-item__overlay\"><\/div>\n\t\t\t\t\t\t\t\t\t\t\t\t\t\t<\/a>\n\t\t\t\t\t\t\t<a class=\"e-gallery-item elementor-gallery-item elementor-animated-content\" href=\"https:\/\/kmrlivestock.ee\/wp-content\/uploads\/2024\/11\/Fattening-and-slaughtering-cattle-export09.jpg\" data-elementor-open-lightbox=\"yes\" data-elementor-lightbox-slideshow=\"abfa4cb\" data-elementor-lightbox-title=\"Fattening and slaughtering cattle export09\" data-e-action-hash=\"#elementor-action%3Aaction%3Dlightbox%26settings%3DeyJpZCI6ODE2LCJ1cmwiOiJodHRwczpcL1wva21ybGl2ZXN0b2NrLmVlXC93cC1jb250ZW50XC91cGxvYWRzXC8yMDI0XC8xMVwvRmF0dGVuaW5nLWFuZC1zbGF1Z2h0ZXJpbmctY2F0dGxlLWV4cG9ydDA5LmpwZyIsInNsaWRlc2hvdyI6ImFiZmE0Y2IifQ%3D%3D\">\n\t\t\t\t\t<div class=\"e-gallery-image elementor-gallery-item__image\" data-thumbnail=\"https:\/\/kmrlivestock.ee\/wp-content\/uploads\/2024\/11\/Fattening-and-slaughtering-cattle-export09-768x432.jpg\" data-width=\"768\" data-height=\"432\" aria-label=\"\" role=\"img\" ><\/div>\n\t\t\t\t\t\t\t\t\t\t\t<div class=\"elementor-gallery-item__overlay\"><\/div>\n\t\t\t\t\t\t\t\t\t\t\t\t\t\t<\/a>\n\t\t\t\t\t\t\t<a class=\"e-gallery-item elementor-gallery-item elementor-animated-content\" href=\"https:\/\/kmrlivestock.ee\/wp-content\/uploads\/2024\/11\/Fattening-and-slaughtering-cattle-export10.jpg\" data-elementor-open-lightbox=\"yes\" data-elementor-lightbox-slideshow=\"abfa4cb\" data-elementor-lightbox-title=\"Fattening and slaughtering cattle export10\" data-e-action-hash=\"#elementor-action%3Aaction%3Dlightbox%26settings%3DeyJpZCI6ODE3LCJ1cmwiOiJodHRwczpcL1wva21ybGl2ZXN0b2NrLmVlXC93cC1jb250ZW50XC91cGxvYWRzXC8yMDI0XC8xMVwvRmF0dGVuaW5nLWFuZC1zbGF1Z2h0ZXJpbmctY2F0dGxlLWV4cG9ydDEwLmpwZyIsInNsaWRlc2hvdyI6ImFiZmE0Y2IifQ%3D%3D\">\n\t\t\t\t\t<div class=\"e-gallery-image elementor-gallery-item__image\" data-thumbnail=\"https:\/\/kmrlivestock.ee\/wp-content\/uploads\/2024\/11\/Fattening-and-slaughtering-cattle-export10-768x432.jpg\" data-width=\"768\" data-height=\"432\" aria-label=\"\" role=\"img\" ><\/div>\n\t\t\t\t\t\t\t\t\t\t\t<div class=\"elementor-gallery-item__overlay\"><\/div>\n\t\t\t\t\t\t\t\t\t\t\t\t\t\t<\/a>\n\t\t\t\t\t\t\t<a class=\"e-gallery-item elementor-gallery-item elementor-animated-content\" href=\"https:\/\/kmrlivestock.ee\/wp-content\/uploads\/2024\/11\/Fattening-and-slaughtering-cattle-export11.jpg\" data-elementor-open-lightbox=\"yes\" data-elementor-lightbox-slideshow=\"abfa4cb\" data-elementor-lightbox-title=\"Fattening and slaughtering cattle export11\" data-e-action-hash=\"#elementor-action%3Aaction%3Dlightbox%26settings%3DeyJpZCI6ODE4LCJ1cmwiOiJodHRwczpcL1wva21ybGl2ZXN0b2NrLmVlXC93cC1jb250ZW50XC91cGxvYWRzXC8yMDI0XC8xMVwvRmF0dGVuaW5nLWFuZC1zbGF1Z2h0ZXJpbmctY2F0dGxlLWV4cG9ydDExLmpwZyIsInNsaWRlc2hvdyI6ImFiZmE0Y2IifQ%3D%3D\">\n\t\t\t\t\t<div class=\"e-gallery-image elementor-gallery-item__image\" data-thumbnail=\"https:\/\/kmrlivestock.ee\/wp-content\/uploads\/2024\/11\/Fattening-and-slaughtering-cattle-export11-768x432.jpg\" data-width=\"768\" data-height=\"432\" aria-label=\"\" role=\"img\" ><\/div>\n\t\t\t\t\t\t\t\t\t\t\t<div class=\"elementor-gallery-item__overlay\"><\/div>\n\t\t\t\t\t\t\t\t\t\t\t\t\t\t<\/a>\n\t\t\t\t\t\t\t<a class=\"e-gallery-item elementor-gallery-item elementor-animated-content\" href=\"https:\/\/kmrlivestock.ee\/wp-content\/uploads\/2024\/11\/Fattening-and-slaughtering-cattle-export12.jpg\" data-elementor-open-lightbox=\"yes\" data-elementor-lightbox-slideshow=\"abfa4cb\" data-elementor-lightbox-title=\"Fattening and slaughtering cattle export12\" data-e-action-hash=\"#elementor-action%3Aaction%3Dlightbox%26settings%3DeyJpZCI6ODE5LCJ1cmwiOiJodHRwczpcL1wva21ybGl2ZXN0b2NrLmVlXC93cC1jb250ZW50XC91cGxvYWRzXC8yMDI0XC8xMVwvRmF0dGVuaW5nLWFuZC1zbGF1Z2h0ZXJpbmctY2F0dGxlLWV4cG9ydDEyLmpwZyIsInNsaWRlc2hvdyI6ImFiZmE0Y2IifQ%3D%3D\">\n\t\t\t\t\t<div class=\"e-gallery-image elementor-gallery-item__image\" data-thumbnail=\"https:\/\/kmrlivestock.ee\/wp-content\/uploads\/2024\/11\/Fattening-and-slaughtering-cattle-export12-768x432.jpg\" data-width=\"768\" data-height=\"432\" aria-label=\"\" role=\"img\" ><\/div>\n\t\t\t\t\t\t\t\t\t\t\t<div class=\"elementor-gallery-item__overlay\"><\/div>\n\t\t\t\t\t\t\t\t\t\t\t\t\t\t<\/a>\n\t\t\t\t\t<\/div>\n\t\t\t\t\t<\/div>\n\t\t\t\t<\/div>\n\t\t\t\t\t<\/div>\n\t\t\t\t<\/div>\n\t\t\t\t<\/div>","protected":false},"excerpt":{"rendered":"<p>Nuum- ja tapaveiste eksport Oleme eksportinud \u00fcle 20 000 nuum- ja tapaveise erinevatesse sihtkohtadesse. Oleme spetsialiseerunud pullide ja mullikate ekspordile Eestist ja L\u00e4tist, sealhulgas selliste t\u00f5ugude nagu Limousin, Charolais, B. Aquitaine, Simmental, Angus ja Hereford, samuti nende ristandite eksportimisele. Meie karja on saadetud sellistesse riikidesse nagu Poola, T\u00fcrgi, [...]<\/p>","protected":false},"author":2,"featured_media":0,"parent":0,"menu_order":0,"comment_status":"closed","ping_status":"closed","template":"","meta":{"footnotes":""},"class_list":["post-72","page","type-page","status-publish","hentry"],"_links":{"self":[{"href":"https:\/\/kmrlivestock.ee\/et\/wp-json\/wp\/v2\/pages\/72","targetHints":{"allow":["GET"]}}],"collection":[{"href":"https:\/\/kmrlivestock.ee\/et\/wp-json\/wp\/v2\/pages"}],"about":[{"href":"https:\/\/kmrlivestock.ee\/et\/wp-json\/wp\/v2\/types\/page"}],"author":[{"embeddable":true,"href":"https:\/\/kmrlivestock.ee\/et\/wp-json\/wp\/v2\/users\/2"}],"replies":[{"embeddable":true,"href":"https:\/\/kmrlivestock.ee\/et\/wp-json\/wp\/v2\/comments?post=72"}],"version-history":[{"count":43,"href":"https:\/\/kmrlivestock.ee\/et\/wp-json\/wp\/v2\/pages\/72\/revisions"}],"predecessor-version":[{"id":1342,"href":"https:\/\/kmrlivestock.ee\/et\/wp-json\/wp\/v2\/pages\/72\/revisions\/1342"}],"wp:attachment":[{"href":"https:\/\/kmrlivestock.ee\/et\/wp-json\/wp\/v2\/media?parent=72"}],"curies":[{"name":"wp","href":"https:\/\/api.w.org\/{rel}","templated":true}]}}