{"id":76,"date":"2024-10-25T12:06:26","date_gmt":"2024-10-25T12:06:26","guid":{"rendered":"https:\/\/kmrlivestock.ee\/?page_id=76"},"modified":"2024-11-01T08:38:20","modified_gmt":"2024-11-01T08:38:20","slug":"limousin-cattle-breeding","status":"publish","type":"page","link":"https:\/\/kmrlivestock.ee\/et\/limousin-cattle-breeding\/","title":{"rendered":"Limusiinide kasvatamine"},"content":{"rendered":"<div data-elementor-type=\"wp-page\" data-elementor-id=\"76\" class=\"elementor elementor-76\" data-elementor-post-type=\"page\">\n\t\t\t\t<div class=\"elementor-element elementor-element-c2a0f79 e-con-full e-flex e-con e-parent\" data-id=\"c2a0f79\" data-element_type=\"container\">\n\t\t<div class=\"elementor-element elementor-element-b9e2616 e-flex e-con-boxed e-con e-child\" data-id=\"b9e2616\" data-element_type=\"container\" data-settings=\"{&quot;background_background&quot;:&quot;classic&quot;}\">\n\t\t\t\t\t<div class=\"e-con-inner\">\n\t\t<div class=\"elementor-element elementor-element-2de4f8a e-con-full e-flex e-con e-child\" data-id=\"2de4f8a\" data-element_type=\"container\">\n\t\t\t\t<div class=\"elementor-element elementor-element-e6f640e elementor-widget__width-initial elementor-widget elementor-widget-heading\" data-id=\"e6f640e\" data-element_type=\"widget\" data-widget_type=\"heading.default\">\n\t\t\t\t<div class=\"elementor-widget-container\">\n\t\t\t\t\t<h2 class=\"elementor-heading-title elementor-size-default\">Limusiinide kasvatamine<\/h2>\t\t\t\t<\/div>\n\t\t\t\t<\/div>\n\t\t\t\t<\/div>\n\t\t\t\t\t<\/div>\n\t\t\t\t<\/div>\n\t\t\t\t<\/div>\n\t\t<div class=\"elementor-element elementor-element-1285d77 e-flex e-con-boxed e-con e-parent\" data-id=\"1285d77\" data-element_type=\"container\">\n\t\t\t\t\t<div class=\"e-con-inner\">\n\t\t\t\t<div class=\"elementor-element elementor-element-fa23e94 elementor-widget elementor-widget-text-editor\" data-id=\"fa23e94\" data-element_type=\"widget\" data-widget_type=\"text-editor.default\">\n\t\t\t\t<div class=\"elementor-widget-container\">\n\t\t\t\t\t\t\t\t\t<p>2013. aasta aprillis importis KMR Livestock Prantsusmaalt t\u00e4ielikult p\u00f5lvnevaid Limousin avatud ja tiinuseid mullikaid. Meie karjas on n\u00fc\u00fcd \u00fcle 100 ammlehma ja nende j\u00e4rglaste. Meil on hea meel pakkuda kohalikule turule ja rahvusvahelistele ostjatele Prantsuse p\u00e4ritolu k\u00f5rggeneetilisi Limousini mullikaid ja pullidest saadud pullidega oma karja.<\/p><p>Maailmakuulus Prantsuse veiset\u00f5ug: Limousin'i t\u00f5ugud<\/p><p>Limousini veised on Prantsusmaalt Limousini ja Marche'i piirkonnast p\u00e4rit v\u00e4ga lihaseline lihat\u00f5ug, mida prantsuse keeles nimetatakse \"Limousine'iks\". M\u00e4rkimisv\u00e4\u00e4rne eksport algas 1960ndatel aastatel ja t\u00e4nap\u00e4eval on Limousin'i veiseid \u00fcle 70 riigis \u00fcle kogu maailma. Traditsiooniliselt sarvedega limusiinidel on iseloomulik v\u00e4rvus, mis ulatub heledast nisust tumedama kuldpunase v\u00e4rvuseni. Viimastel aastatel on rahvusvahelised aretajad v\u00e4lja t\u00f6\u00f6tanud ka sarvedeta ja mustad limusiinid.<\/p><p>DNA-anal\u00fc\u00fcs n\u00e4itab, et limusiinid arenesid t\u00f5en\u00e4oliselt L\u00e4his-Idas kodustatud aura\u0161i alamliigist. Ajalooliselt kasutati neid veoloomadena, kuid nende potentsiaal kvaliteetse liha tootjana ilmnes umbes 200 aastat tagasi. 1886. aastal koostas Prantsusmaa t\u00f5u puhtuse s\u00e4ilitamiseks ja edendamiseks esimese Limousini t\u00f5uraamatu, kuhu registreeriti ainult rangetele t\u00f5un\u00f5uetele vastavad loomad.<\/p><p>Limusiinid on \u00fclemaailmselt populaarsed madala s\u00fcnnikaaluga (mis tagab h\u00f5lpsa poegimise), k\u00f5rge kastmisprotsendi (r\u00fcmba ja eluskaalu suhe) ja tootlikkuse (liha ja r\u00fcmba suhe), samuti suurep\u00e4rase s\u00f6\u00f6dav\u00e4\u00e4rindluse ja k\u00f5hna, \u00f5rna liha poolest. Suurest mitut t\u00f5ugu k\u00e4sitlevast uuringust selgus, et limusiinid muudavad s\u00f6\u00f6da kiiremini ja t\u00f5husamalt m\u00fc\u00fcdavaks lihaks kui paljud Briti ja Mandri-Euroopa t\u00f5ud, tekitades v\u00e4hem k\u00f5rvalsaadusi ja j\u00e4\u00e4tmeid.<\/p><p>Limusiinid on eriti eelistatud ristamisel selliste t\u00f5ugudega nagu Angus, Hereford ja Shorthorn, kus nad annavad h\u00fcbriidse eluj\u00f5u ning suurendavad saagikust ja s\u00f6\u00f6dav\u00e4\u00e4rikust. Selline ristamine tasakaalustab briti t\u00f5ugudele iseloomulikku k\u00f5rgemat rasvasust ja marmorust ning Limousin'i tailiha ja t\u00f5husust.<\/p><p>Meil oleks hea meel toetada teie Limousin-karja vajadusi meie t\u00f5upullide ja mullikate p\u00f5lvnemisvalikuga.<\/p>\t\t\t\t\t\t\t\t<\/div>\n\t\t\t\t<\/div>\n\t\t\t\t\t<\/div>\n\t\t\t\t<\/div>\n\t\t<div class=\"elementor-element elementor-element-b018d8b e-flex e-con-boxed e-con e-parent\" data-id=\"b018d8b\" data-element_type=\"container\">\n\t\t\t\t\t<div class=\"e-con-inner\">\n\t\t\t\t<div class=\"elementor-element elementor-element-973cd46 elementor-widget elementor-widget-heading\" data-id=\"973cd46\" data-element_type=\"widget\" data-widget_type=\"heading.default\">\n\t\t\t\t<div class=\"elementor-widget-container\">\n\t\t\t\t\t<h2 class=\"elementor-heading-title elementor-size-default\">Galerii<\/h2>\t\t\t\t<\/div>\n\t\t\t\t<\/div>\n\t\t\t\t<div class=\"elementor-element elementor-element-662fc68 elementor-widget elementor-widget-gallery\" data-id=\"662fc68\" data-element_type=\"widget\" data-settings=\"{&quot;aspect_ratio&quot;:&quot;4:3&quot;,&quot;lazyload&quot;:&quot;yes&quot;,&quot;gallery_layout&quot;:&quot;grid&quot;,&quot;columns&quot;:4,&quot;columns_tablet&quot;:2,&quot;columns_mobile&quot;:1,&quot;gap&quot;:{&quot;unit&quot;:&quot;px&quot;,&quot;size&quot;:10,&quot;sizes&quot;:[]},&quot;gap_tablet&quot;:{&quot;unit&quot;:&quot;px&quot;,&quot;size&quot;:10,&quot;sizes&quot;:[]},&quot;gap_mobile&quot;:{&quot;unit&quot;:&quot;px&quot;,&quot;size&quot;:10,&quot;sizes&quot;:[]},&quot;link_to&quot;:&quot;file&quot;,&quot;overlay_background&quot;:&quot;yes&quot;,&quot;content_hover_animation&quot;:&quot;fade-in&quot;}\" data-widget_type=\"gallery.default\">\n\t\t\t\t<div class=\"elementor-widget-container\">\n\t\t\t\t\t\t\t<div class=\"elementor-gallery__container\">\n\t\t\t\t\t\t\t<a class=\"e-gallery-item elementor-gallery-item elementor-animated-content\" href=\"https:\/\/kmrlivestock.ee\/wp-content\/uploads\/2024\/11\/Limousin-Cattle-Breeding7.jpg\" data-elementor-open-lightbox=\"yes\" data-elementor-lightbox-slideshow=\"662fc68\" data-elementor-lightbox-title=\"Limousin Cattle Breeding7\" data-e-action-hash=\"#elementor-action%3Aaction%3Dlightbox%26settings%3DeyJpZCI6Nzc0LCJ1cmwiOiJodHRwczpcL1wva21ybGl2ZXN0b2NrLmVlXC93cC1jb250ZW50XC91cGxvYWRzXC8yMDI0XC8xMVwvTGltb3VzaW4tQ2F0dGxlLUJyZWVkaW5nNy5qcGciLCJzbGlkZXNob3ciOiI2NjJmYzY4In0%3D\">\n\t\t\t\t\t<div class=\"e-gallery-image elementor-gallery-item__image\" data-thumbnail=\"https:\/\/kmrlivestock.ee\/wp-content\/uploads\/2024\/11\/Limousin-Cattle-Breeding7.jpg\" data-width=\"640\" data-height=\"480\" aria-label=\"\" role=\"img\" ><\/div>\n\t\t\t\t\t\t\t\t\t\t\t<div class=\"elementor-gallery-item__overlay\"><\/div>\n\t\t\t\t\t\t\t\t\t\t\t\t\t\t<\/a>\n\t\t\t\t\t\t\t<a class=\"e-gallery-item elementor-gallery-item elementor-animated-content\" href=\"https:\/\/kmrlivestock.ee\/wp-content\/uploads\/2024\/11\/Limousin-Cattle-Breeding6.jpg\" data-elementor-open-lightbox=\"yes\" data-elementor-lightbox-slideshow=\"662fc68\" data-elementor-lightbox-title=\"Limousin Cattle Breeding6\" data-e-action-hash=\"#elementor-action%3Aaction%3Dlightbox%26settings%3DeyJpZCI6NzczLCJ1cmwiOiJodHRwczpcL1wva21ybGl2ZXN0b2NrLmVlXC93cC1jb250ZW50XC91cGxvYWRzXC8yMDI0XC8xMVwvTGltb3VzaW4tQ2F0dGxlLUJyZWVkaW5nNi5qcGciLCJzbGlkZXNob3ciOiI2NjJmYzY4In0%3D\">\n\t\t\t\t\t<div class=\"e-gallery-image elementor-gallery-item__image\" data-thumbnail=\"https:\/\/kmrlivestock.ee\/wp-content\/uploads\/2024\/11\/Limousin-Cattle-Breeding6-768x576.jpg\" data-width=\"768\" data-height=\"576\" aria-label=\"\" role=\"img\" ><\/div>\n\t\t\t\t\t\t\t\t\t\t\t<div class=\"elementor-gallery-item__overlay\"><\/div>\n\t\t\t\t\t\t\t\t\t\t\t\t\t\t<\/a>\n\t\t\t\t\t\t\t<a class=\"e-gallery-item elementor-gallery-item elementor-animated-content\" href=\"https:\/\/kmrlivestock.ee\/wp-content\/uploads\/2024\/11\/Limousin-Cattle-Breeding5.jpg\" data-elementor-open-lightbox=\"yes\" data-elementor-lightbox-slideshow=\"662fc68\" data-elementor-lightbox-title=\"Limousin Cattle Breeding5\" data-e-action-hash=\"#elementor-action%3Aaction%3Dlightbox%26settings%3DeyJpZCI6NzcyLCJ1cmwiOiJodHRwczpcL1wva21ybGl2ZXN0b2NrLmVlXC93cC1jb250ZW50XC91cGxvYWRzXC8yMDI0XC8xMVwvTGltb3VzaW4tQ2F0dGxlLUJyZWVkaW5nNS5qcGciLCJzbGlkZXNob3ciOiI2NjJmYzY4In0%3D\">\n\t\t\t\t\t<div class=\"e-gallery-image elementor-gallery-item__image\" data-thumbnail=\"https:\/\/kmrlivestock.ee\/wp-content\/uploads\/2024\/11\/Limousin-Cattle-Breeding5-768x576.jpg\" data-width=\"768\" data-height=\"576\" aria-label=\"\" role=\"img\" ><\/div>\n\t\t\t\t\t\t\t\t\t\t\t<div class=\"elementor-gallery-item__overlay\"><\/div>\n\t\t\t\t\t\t\t\t\t\t\t\t\t\t<\/a>\n\t\t\t\t\t\t\t<a class=\"e-gallery-item elementor-gallery-item elementor-animated-content\" href=\"https:\/\/kmrlivestock.ee\/wp-content\/uploads\/2024\/11\/Limousin-Cattle-Breeding4.jpg\" data-elementor-open-lightbox=\"yes\" data-elementor-lightbox-slideshow=\"662fc68\" data-elementor-lightbox-title=\"Limousin Cattle Breeding4\" data-e-action-hash=\"#elementor-action%3Aaction%3Dlightbox%26settings%3DeyJpZCI6NzcxLCJ1cmwiOiJodHRwczpcL1wva21ybGl2ZXN0b2NrLmVlXC93cC1jb250ZW50XC91cGxvYWRzXC8yMDI0XC8xMVwvTGltb3VzaW4tQ2F0dGxlLUJyZWVkaW5nNC5qcGciLCJzbGlkZXNob3ciOiI2NjJmYzY4In0%3D\">\n\t\t\t\t\t<div class=\"e-gallery-image elementor-gallery-item__image\" data-thumbnail=\"https:\/\/kmrlivestock.ee\/wp-content\/uploads\/2024\/11\/Limousin-Cattle-Breeding4-768x576.jpg\" data-width=\"768\" data-height=\"576\" aria-label=\"\" role=\"img\" ><\/div>\n\t\t\t\t\t\t\t\t\t\t\t<div class=\"elementor-gallery-item__overlay\"><\/div>\n\t\t\t\t\t\t\t\t\t\t\t\t\t\t<\/a>\n\t\t\t\t\t\t\t<a class=\"e-gallery-item elementor-gallery-item elementor-animated-content\" href=\"https:\/\/kmrlivestock.ee\/wp-content\/uploads\/2024\/11\/Limousin-Cattle-Breeding3.jpg\" data-elementor-open-lightbox=\"yes\" data-elementor-lightbox-slideshow=\"662fc68\" data-elementor-lightbox-title=\"Limousin Cattle Breeding3\" data-e-action-hash=\"#elementor-action%3Aaction%3Dlightbox%26settings%3DeyJpZCI6NzcwLCJ1cmwiOiJodHRwczpcL1wva21ybGl2ZXN0b2NrLmVlXC93cC1jb250ZW50XC91cGxvYWRzXC8yMDI0XC8xMVwvTGltb3VzaW4tQ2F0dGxlLUJyZWVkaW5nMy5qcGciLCJzbGlkZXNob3ciOiI2NjJmYzY4In0%3D\">\n\t\t\t\t\t<div class=\"e-gallery-image elementor-gallery-item__image\" data-thumbnail=\"https:\/\/kmrlivestock.ee\/wp-content\/uploads\/2024\/11\/Limousin-Cattle-Breeding3-768x577.jpg\" data-width=\"768\" data-height=\"577\" aria-label=\"\" role=\"img\" ><\/div>\n\t\t\t\t\t\t\t\t\t\t\t<div class=\"elementor-gallery-item__overlay\"><\/div>\n\t\t\t\t\t\t\t\t\t\t\t\t\t\t<\/a>\n\t\t\t\t\t\t\t<a class=\"e-gallery-item elementor-gallery-item elementor-animated-content\" href=\"https:\/\/kmrlivestock.ee\/wp-content\/uploads\/2024\/11\/Limousin-Cattle-Breeding2.jpg\" data-elementor-open-lightbox=\"yes\" data-elementor-lightbox-slideshow=\"662fc68\" data-elementor-lightbox-title=\"Limousin Cattle Breeding2\" data-e-action-hash=\"#elementor-action%3Aaction%3Dlightbox%26settings%3DeyJpZCI6NzY5LCJ1cmwiOiJodHRwczpcL1wva21ybGl2ZXN0b2NrLmVlXC93cC1jb250ZW50XC91cGxvYWRzXC8yMDI0XC8xMVwvTGltb3VzaW4tQ2F0dGxlLUJyZWVkaW5nMi5qcGciLCJzbGlkZXNob3ciOiI2NjJmYzY4In0%3D\">\n\t\t\t\t\t<div class=\"e-gallery-image elementor-gallery-item__image\" data-thumbnail=\"https:\/\/kmrlivestock.ee\/wp-content\/uploads\/2024\/11\/Limousin-Cattle-Breeding2-768x576.jpg\" data-width=\"768\" data-height=\"576\" aria-label=\"\" role=\"img\" ><\/div>\n\t\t\t\t\t\t\t\t\t\t\t<div class=\"elementor-gallery-item__overlay\"><\/div>\n\t\t\t\t\t\t\t\t\t\t\t\t\t\t<\/a>\n\t\t\t\t\t\t\t<a class=\"e-gallery-item elementor-gallery-item elementor-animated-content\" href=\"https:\/\/kmrlivestock.ee\/wp-content\/uploads\/2024\/11\/Limousin-Cattle-Breeding1-1.jpg\" data-elementor-open-lightbox=\"yes\" data-elementor-lightbox-slideshow=\"662fc68\" data-elementor-lightbox-title=\"Limousin Cattle Breeding1 (1)\" data-e-action-hash=\"#elementor-action%3Aaction%3Dlightbox%26settings%3DeyJpZCI6NzY3LCJ1cmwiOiJodHRwczpcL1wva21ybGl2ZXN0b2NrLmVlXC93cC1jb250ZW50XC91cGxvYWRzXC8yMDI0XC8xMVwvTGltb3VzaW4tQ2F0dGxlLUJyZWVkaW5nMS0xLmpwZyIsInNsaWRlc2hvdyI6IjY2MmZjNjgifQ%3D%3D\">\n\t\t\t\t\t<div class=\"e-gallery-image elementor-gallery-item__image\" data-thumbnail=\"https:\/\/kmrlivestock.ee\/wp-content\/uploads\/2024\/11\/Limousin-Cattle-Breeding1-1-768x433.jpg\" data-width=\"768\" data-height=\"433\" aria-label=\"\" role=\"img\" ><\/div>\n\t\t\t\t\t\t\t\t\t\t\t<div class=\"elementor-gallery-item__overlay\"><\/div>\n\t\t\t\t\t\t\t\t\t\t\t\t\t\t<\/a>\n\t\t\t\t\t\t\t<a class=\"e-gallery-item elementor-gallery-item elementor-animated-content\" href=\"https:\/\/kmrlivestock.ee\/wp-content\/uploads\/2024\/11\/Limousin-Cattle-Breeding8.jpg\" data-elementor-open-lightbox=\"yes\" data-elementor-lightbox-slideshow=\"662fc68\" data-elementor-lightbox-title=\"Limousin Cattle Breeding8\" data-e-action-hash=\"#elementor-action%3Aaction%3Dlightbox%26settings%3DeyJpZCI6NzY2LCJ1cmwiOiJodHRwczpcL1wva21ybGl2ZXN0b2NrLmVlXC93cC1jb250ZW50XC91cGxvYWRzXC8yMDI0XC8xMVwvTGltb3VzaW4tQ2F0dGxlLUJyZWVkaW5nOC5qcGciLCJzbGlkZXNob3ciOiI2NjJmYzY4In0%3D\">\n\t\t\t\t\t<div class=\"e-gallery-image elementor-gallery-item__image\" data-thumbnail=\"https:\/\/kmrlivestock.ee\/wp-content\/uploads\/2024\/11\/Limousin-Cattle-Breeding8-768x533.jpg\" data-width=\"768\" data-height=\"533\" aria-label=\"\" role=\"img\" ><\/div>\n\t\t\t\t\t\t\t\t\t\t\t<div class=\"elementor-gallery-item__overlay\"><\/div>\n\t\t\t\t\t\t\t\t\t\t\t\t\t\t<\/a>\n\t\t\t\t\t<\/div>\n\t\t\t\t\t<\/div>\n\t\t\t\t<\/div>\n\t\t\t\t\t<\/div>\n\t\t\t\t<\/div>\n\t\t\t\t<\/div>","protected":false},"excerpt":{"rendered":"<p>Limousin Cattle Breeding In April 2013, KMR Livestock imported fully pedigreed Limousin open and pregnant heifers from France. Our herd now includes over 100 suckler cows and their offspring. We are pleased to offer high-genetic Limousin heifers and bulls of French origin from our own herd to the local market and international buyers. World-Famous French [&hellip;]<\/p>","protected":false},"author":2,"featured_media":0,"parent":0,"menu_order":0,"comment_status":"closed","ping_status":"closed","template":"","meta":{"footnotes":""},"class_list":["post-76","page","type-page","status-publish","hentry"],"_links":{"self":[{"href":"https:\/\/kmrlivestock.ee\/et\/wp-json\/wp\/v2\/pages\/76","targetHints":{"allow":["GET"]}}],"collection":[{"href":"https:\/\/kmrlivestock.ee\/et\/wp-json\/wp\/v2\/pages"}],"about":[{"href":"https:\/\/kmrlivestock.ee\/et\/wp-json\/wp\/v2\/types\/page"}],"author":[{"embeddable":true,"href":"https:\/\/kmrlivestock.ee\/et\/wp-json\/wp\/v2\/users\/2"}],"replies":[{"embeddable":true,"href":"https:\/\/kmrlivestock.ee\/et\/wp-json\/wp\/v2\/comments?post=76"}],"version-history":[{"count":4,"href":"https:\/\/kmrlivestock.ee\/et\/wp-json\/wp\/v2\/pages\/76\/revisions"}],"predecessor-version":[{"id":782,"href":"https:\/\/kmrlivestock.ee\/et\/wp-json\/wp\/v2\/pages\/76\/revisions\/782"}],"wp:attachment":[{"href":"https:\/\/kmrlivestock.ee\/et\/wp-json\/wp\/v2\/media?parent=76"}],"curies":[{"name":"wp","href":"https:\/\/api.w.org\/{rel}","templated":true}]}}