{"id":80,"date":"2024-10-25T12:06:49","date_gmt":"2024-10-25T12:06:49","guid":{"rendered":"https:\/\/kmrlivestock.ee\/?page_id=80"},"modified":"2024-11-11T10:36:18","modified_gmt":"2024-11-11T10:36:18","slug":"identification","status":"publish","type":"page","link":"https:\/\/kmrlivestock.ee\/et\/identification\/","title":{"rendered":"Identifitseerimine"},"content":{"rendered":"<div data-elementor-type=\"wp-page\" data-elementor-id=\"80\" class=\"elementor elementor-80\" data-elementor-post-type=\"page\">\n\t\t\t\t<div class=\"elementor-element elementor-element-8e36045 e-con-full e-flex e-con e-parent\" data-id=\"8e36045\" data-element_type=\"container\">\n\t\t<div class=\"elementor-element elementor-element-d6bca94 e-flex e-con-boxed e-con e-child\" data-id=\"d6bca94\" data-element_type=\"container\" data-settings=\"{&quot;background_background&quot;:&quot;classic&quot;}\">\n\t\t\t\t\t<div class=\"e-con-inner\">\n\t\t<div class=\"elementor-element elementor-element-30fb46d e-con-full e-flex e-con e-child\" data-id=\"30fb46d\" data-element_type=\"container\">\n\t\t\t\t<div class=\"elementor-element elementor-element-7f463d3 elementor-widget__width-initial elementor-widget elementor-widget-heading\" data-id=\"7f463d3\" data-element_type=\"widget\" data-widget_type=\"heading.default\">\n\t\t\t\t<div class=\"elementor-widget-container\">\n\t\t\t\t\t<h2 class=\"elementor-heading-title elementor-size-default\">Loomade identifitseerimine<\/h2>\t\t\t\t<\/div>\n\t\t\t\t<\/div>\n\t\t\t\t<\/div>\n\t\t\t\t\t<\/div>\n\t\t\t\t<\/div>\n\t\t\t\t<\/div>\n\t\t<div class=\"elementor-element elementor-element-c31612b e-flex e-con-boxed e-con e-parent\" data-id=\"c31612b\" data-element_type=\"container\">\n\t\t\t\t\t<div class=\"e-con-inner\">\n\t\t\t\t<div class=\"elementor-element elementor-element-ef1a599 elementor-widget elementor-widget-text-editor\" data-id=\"ef1a599\" data-element_type=\"widget\" data-widget_type=\"text-editor.default\">\n\t\t\t\t<div class=\"elementor-widget-container\">\n\t\t\t\t\t\t\t\t\t<p>Meie t\u00fctarettev\u00f5te Kumrular Food Ltd, mis on asutatud T\u00fcrgis, Ankaras, on liider kariloomade identifitseerimise valdkonnas, teenindades T\u00fcrgit ja mitmeid teisi riike.<\/p><p>Alates 2003. aastast toodab Kumrular oma kaubam\u00e4rgiga Kumflex plastist k\u00f5rvam\u00e4rke veistele ja lammastele. T\u00e4nu j\u00e4tkuvatele investeeringutele laiendati 2005. aastal 600 m\u00b2 suuruse siseruumiga spetsiaalsesse tehasesse.<\/p><p>Kumrular viis edukalt l\u00f5pule ELi rahastatud projekti lammaste ja kitsede identifitseerimiseks koost\u00f6\u00f6s T\u00fcrgi konsortsiumiga.<\/p><p>KMR Livestock Europe tegutseb Kumflexi k\u00f5rvam\u00e4rkide ekspordiga veiste ja lammaste jaoks kogu Euroopas.<\/p><p>\u00a0<\/p><p>KUMFLEX VEISTE SILT<\/p><p>Kumflex Superflexa veiste ja Kumflex Superflexa lammaste k\u00f5rvam\u00e4rgid vastavad Euroopa standarditele, kasutades k\u00f5rgtehnoloogiat ja kvaliteetseid materjale, mis tagavad vastupidavuse ja visuaalse selguse. Kumflexi k\u00f5rvam\u00e4rgid on sertifitseeritud T\u00fcrgi standarditega (TSE 7808) ja kannavad registreeritud kaubam\u00e4rki Kumflex\u00ae veiste ja lammaste k\u00f5rvam\u00e4rkide puhul.<\/p><p>Kumflex Superflexa veiste k\u00f5rvam\u00e4rkide omadused:<br \/>- Metallist tihvt isasm\u00e4rgiste jaoks<br \/>- 4-monobloki isas sildid<br \/>- 10 eseme pakett<br \/>- Lihtne taotlus<br \/>- V\u00f5imeline p\u00f6\u00f6rlema \u00fcmber oma telje p\u00e4rast pealekandmist.<br \/>- purunemiskindel ja v\u00f5ltsimiskindel<br \/>- Kvaliteetne TPU, laser- ja UV-kindel, antibakteriaalsete lisanditega.<br \/>- Mittetoksiline loomade tervisele<br \/>- Selge sidrunikollane v\u00e4rvus<br \/>- Paindlik, vastupidav, deformatsioonikindel<br \/>- Garanteeritud, et see ei eraldu looma elu jooksul.<br \/>- Vastab standardile TS 7808<\/p><p>\u00a0<\/p><p>KUMFLEX LAMBA- JA KITSEM\u00c4RKMIK<\/p><p>Kumflex Superflexa lammaste ja kitsede k\u00f5rvam\u00e4rgid vastavad ka Euroopa standarditele, mis on valmistatud tipptasemel materjalidest, et tagada vastupidavus ja lihtne n\u00e4htavus. Kumflexi lamba k\u00f5rvam\u00e4rgid on sertifitseeritud TSE 7808 j\u00e4rgi ja neil on Kumflex\u00ae registreeritud kaubam\u00e4rk.<\/p><p>Kumflex Superflexa lambak\u00f5rvam\u00e4rkide omadused:<br \/>- Metallist tihvt isasm\u00e4rgiste jaoks<br \/>- 4-monobloki isas- ja 4-monobloki emaslinnam\u00e4rgised<br \/>- 50 eseme pakett<br \/>- Lihtne taotlus<br \/>- V\u00f5imeline p\u00f6\u00f6rlema \u00fcmber oma telje p\u00e4rast pealekandmist.<br \/>- purunemiskindel ja v\u00f5ltsimiskindel<br \/>- Kvaliteetne TPU, laser- ja UV-kindel, antibakteriaalsete lisanditega.<br \/>- Mittetoksiline loomade tervisele<br \/>- Autentne sidrunikollane v\u00e4rvus<br \/>- Paindlik, vastupidav, deformatsioonikindel<br \/>- Garanteeritud, et see ei eraldu looma elu jooksul.<br \/>- Vastab standardile TS 7808<\/p>\t\t\t\t\t\t\t\t<\/div>\n\t\t\t\t<\/div>\n\t\t<div class=\"elementor-element elementor-element-8ae2217 e-con-full e-flex e-con e-child\" data-id=\"8ae2217\" data-element_type=\"container\">\n\t\t\t\t<div class=\"elementor-element elementor-element-1abebe3 elementor-widget elementor-widget-heading\" data-id=\"1abebe3\" data-element_type=\"widget\" data-widget_type=\"heading.default\">\n\t\t\t\t<div class=\"elementor-widget-container\">\n\t\t\t\t\t<h2 class=\"elementor-heading-title elementor-size-default\">Galerii<\/h2>\t\t\t\t<\/div>\n\t\t\t\t<\/div>\n\t\t\t\t<\/div>\n\t\t\t\t\t<\/div>\n\t\t\t\t<\/div>\n\t\t<div class=\"elementor-element elementor-element-0f5d4a6 e-flex e-con-boxed e-con e-parent\" data-id=\"0f5d4a6\" data-element_type=\"container\">\n\t\t\t\t\t<div class=\"e-con-inner\">\n\t\t\t\t<div class=\"elementor-element elementor-element-9715769 elementor-widget elementor-widget-gallery\" data-id=\"9715769\" data-element_type=\"widget\" data-settings=\"{&quot;aspect_ratio&quot;:&quot;4:3&quot;,&quot;lazyload&quot;:&quot;yes&quot;,&quot;gallery_layout&quot;:&quot;grid&quot;,&quot;columns&quot;:4,&quot;columns_tablet&quot;:2,&quot;columns_mobile&quot;:1,&quot;gap&quot;:{&quot;unit&quot;:&quot;px&quot;,&quot;size&quot;:10,&quot;sizes&quot;:[]},&quot;gap_tablet&quot;:{&quot;unit&quot;:&quot;px&quot;,&quot;size&quot;:10,&quot;sizes&quot;:[]},&quot;gap_mobile&quot;:{&quot;unit&quot;:&quot;px&quot;,&quot;size&quot;:10,&quot;sizes&quot;:[]},&quot;link_to&quot;:&quot;file&quot;,&quot;overlay_background&quot;:&quot;yes&quot;,&quot;content_hover_animation&quot;:&quot;fade-in&quot;}\" data-widget_type=\"gallery.default\">\n\t\t\t\t<div class=\"elementor-widget-container\">\n\t\t\t\t\t\t\t<div class=\"elementor-gallery__container\">\n\t\t\t\t\t\t\t<a class=\"e-gallery-item elementor-gallery-item elementor-animated-content\" href=\"https:\/\/kmrlivestock.ee\/wp-content\/uploads\/2024\/10\/Animal-Identification2.jpg\" data-elementor-open-lightbox=\"yes\" data-elementor-lightbox-slideshow=\"9715769\" data-elementor-lightbox-title=\"Animal Identification2\" data-e-action-hash=\"#elementor-action%3Aaction%3Dlightbox%26settings%3DeyJpZCI6NTYxLCJ1cmwiOiJodHRwczpcL1wva21ybGl2ZXN0b2NrLmVlXC93cC1jb250ZW50XC91cGxvYWRzXC8yMDI0XC8xMFwvQW5pbWFsLUlkZW50aWZpY2F0aW9uMi5qcGciLCJzbGlkZXNob3ciOiI5NzE1NzY5In0%3D\">\n\t\t\t\t\t<div class=\"e-gallery-image elementor-gallery-item__image\" data-thumbnail=\"https:\/\/kmrlivestock.ee\/wp-content\/uploads\/2024\/10\/Animal-Identification2.jpg\" data-width=\"617\" data-height=\"578\" aria-label=\"\" role=\"img\" ><\/div>\n\t\t\t\t\t\t\t\t\t\t\t<div class=\"elementor-gallery-item__overlay\"><\/div>\n\t\t\t\t\t\t\t\t\t\t\t\t\t\t<\/a>\n\t\t\t\t\t<\/div>\n\t\t\t\t\t<\/div>\n\t\t\t\t<\/div>\n\t\t\t\t\t<\/div>\n\t\t\t\t<\/div>\n\t\t\t\t<\/div>","protected":false},"excerpt":{"rendered":"<p>Loomade identifitseerimine Meie t\u00fctarettev\u00f5te Kumrular Food Ltd, mis on asutatud T\u00fcrgis, Ankaras, on liider kariloomade identifitseerimise valdkonnas, teenindades T\u00fcrgit ja mitmeid teisi riike. Alates 2003. aastast toodab Kumrular oma kaubam\u00e4rgiga \"Kumflex\" plastist k\u00f5rvam\u00e4rke veistele ja lammastele. Pidevate investeeringute abil laiendas ta oma 600 m\u00b2 suurust tehast [...]<\/p>","protected":false},"author":2,"featured_media":0,"parent":0,"menu_order":0,"comment_status":"closed","ping_status":"closed","template":"","meta":{"footnotes":""},"class_list":["post-80","page","type-page","status-publish","hentry"],"_links":{"self":[{"href":"https:\/\/kmrlivestock.ee\/et\/wp-json\/wp\/v2\/pages\/80","targetHints":{"allow":["GET"]}}],"collection":[{"href":"https:\/\/kmrlivestock.ee\/et\/wp-json\/wp\/v2\/pages"}],"about":[{"href":"https:\/\/kmrlivestock.ee\/et\/wp-json\/wp\/v2\/types\/page"}],"author":[{"embeddable":true,"href":"https:\/\/kmrlivestock.ee\/et\/wp-json\/wp\/v2\/users\/2"}],"replies":[{"embeddable":true,"href":"https:\/\/kmrlivestock.ee\/et\/wp-json\/wp\/v2\/comments?post=80"}],"version-history":[{"count":37,"href":"https:\/\/kmrlivestock.ee\/et\/wp-json\/wp\/v2\/pages\/80\/revisions"}],"predecessor-version":[{"id":1334,"href":"https:\/\/kmrlivestock.ee\/et\/wp-json\/wp\/v2\/pages\/80\/revisions\/1334"}],"wp:attachment":[{"href":"https:\/\/kmrlivestock.ee\/et\/wp-json\/wp\/v2\/media?parent=80"}],"curies":[{"name":"wp","href":"https:\/\/api.w.org\/{rel}","templated":true}]}}