{"id":82,"date":"2024-10-25T12:06:57","date_gmt":"2024-10-25T12:06:57","guid":{"rendered":"https:\/\/kmrlivestock.ee\/?page_id=82"},"modified":"2025-06-03T18:32:47","modified_gmt":"2025-06-03T18:32:47","slug":"transport","status":"publish","type":"page","link":"https:\/\/kmrlivestock.ee\/et\/transport\/","title":{"rendered":"Transport"},"content":{"rendered":"<div data-elementor-type=\"wp-page\" data-elementor-id=\"82\" class=\"elementor elementor-82\" data-elementor-post-type=\"page\">\n\t\t\t\t<div class=\"elementor-element elementor-element-6c923903 e-con-full e-flex e-con e-parent\" data-id=\"6c923903\" data-element_type=\"container\">\n\t\t<div class=\"elementor-element elementor-element-63e5d25b e-flex e-con-boxed e-con e-child\" data-id=\"63e5d25b\" data-element_type=\"container\" data-settings=\"{&quot;background_background&quot;:&quot;classic&quot;}\">\n\t\t\t\t\t<div class=\"e-con-inner\">\n\t\t<div class=\"elementor-element elementor-element-1dddf8d2 e-con-full e-flex e-con e-child\" data-id=\"1dddf8d2\" data-element_type=\"container\">\n\t\t\t\t<div class=\"elementor-element elementor-element-10b4e67b elementor-widget__width-initial elementor-widget elementor-widget-heading\" data-id=\"10b4e67b\" data-element_type=\"widget\" data-widget_type=\"heading.default\">\n\t\t\t\t<div class=\"elementor-widget-container\">\n\t\t\t\t\t<h2 class=\"elementor-heading-title elementor-size-default\">Loomade vedu<\/h2>\t\t\t\t<\/div>\n\t\t\t\t<\/div>\n\t\t\t\t<\/div>\n\t\t\t\t\t<\/div>\n\t\t\t\t<\/div>\n\t\t\t\t<\/div>\n\t\t<div class=\"elementor-element elementor-element-1f7edb4 e-flex e-con-boxed e-con e-parent\" data-id=\"1f7edb4\" data-element_type=\"container\">\n\t\t\t\t\t<div class=\"e-con-inner\">\n\t\t\t\t<div class=\"elementor-element elementor-element-4117cca elementor-widget elementor-widget-text-editor\" data-id=\"4117cca\" data-element_type=\"widget\" data-widget_type=\"text-editor.default\">\n\t\t\t\t<div class=\"elementor-widget-container\">\n\t\t\t\t\t\t\t\t\t<p>2017. aastal hakkasime laienema kariloomade veo valdkonda.<\/p><p>Oleme Eesti Rahvusvaheliste Autovedajate Assotsiatsiooni liige ja omame rahvusvahelise veoettev\u00f5tja litsentsi. Lisaks sellele on meil 2. t\u00fc\u00fcbi pikamaaveo litsents kariloomade veoks, mis v\u00f5imaldab meil tegutseda Euroopa riikides ja T\u00fcrgis.<\/p><p>Eesti piires pakume ka kariloomade veoteenuseid. Oma kaasaegse autopargiga tagame teie kariloomade ohutu k\u00e4itlemise alates laadimisest kuni mahalaadimiseni.<\/p><p>Meie transpordiprotsessis on esikohal loomade heaolu, tagades igale loomale piisavalt ruumi ja mugavust transpordi ajal.<\/p><p>Meie juhtidel on kogemused loomade k\u00e4itlemisel ja nad on meie ettev\u00f5ttele pikaajaliste lepingutega p\u00fchendunud.<\/p><p>Meil on hea meel pakkuda teie vajadustele kohandatud transporditeenuseid.<\/p>\t\t\t\t\t\t\t\t<\/div>\n\t\t\t\t<\/div>\n\t\t\t\t\t<\/div>\n\t\t\t\t<\/div>\n\t\t<div class=\"elementor-element elementor-element-0327129 e-flex e-con-boxed e-con e-parent\" data-id=\"0327129\" data-element_type=\"container\">\n\t\t\t\t\t<div class=\"e-con-inner\">\n\t\t<div class=\"elementor-element elementor-element-ee4dae7 e-con-full e-flex e-con e-child\" data-id=\"ee4dae7\" data-element_type=\"container\">\n\t\t\t\t<div class=\"elementor-element elementor-element-557b260 elementor-widget elementor-widget-heading\" data-id=\"557b260\" data-element_type=\"widget\" data-widget_type=\"heading.default\">\n\t\t\t\t<div class=\"elementor-widget-container\">\n\t\t\t\t\t<h2 class=\"elementor-heading-title elementor-size-default\">Galerii<\/h2>\t\t\t\t<\/div>\n\t\t\t\t<\/div>\n\t\t\t\t<\/div>\n\t\t\t\t<div class=\"elementor-element elementor-element-39b22d7 elementor-widget elementor-widget-gallery\" data-id=\"39b22d7\" data-element_type=\"widget\" data-settings=\"{&quot;aspect_ratio&quot;:&quot;4:3&quot;,&quot;lazyload&quot;:&quot;yes&quot;,&quot;gallery_layout&quot;:&quot;grid&quot;,&quot;columns&quot;:4,&quot;columns_tablet&quot;:2,&quot;columns_mobile&quot;:1,&quot;gap&quot;:{&quot;unit&quot;:&quot;px&quot;,&quot;size&quot;:10,&quot;sizes&quot;:[]},&quot;gap_tablet&quot;:{&quot;unit&quot;:&quot;px&quot;,&quot;size&quot;:10,&quot;sizes&quot;:[]},&quot;gap_mobile&quot;:{&quot;unit&quot;:&quot;px&quot;,&quot;size&quot;:10,&quot;sizes&quot;:[]},&quot;link_to&quot;:&quot;file&quot;,&quot;overlay_background&quot;:&quot;yes&quot;,&quot;content_hover_animation&quot;:&quot;fade-in&quot;}\" data-widget_type=\"gallery.default\">\n\t\t\t\t<div class=\"elementor-widget-container\">\n\t\t\t\t\t\t\t<div class=\"elementor-gallery__container\">\n\t\t\t\t\t\t\t<a class=\"e-gallery-item elementor-gallery-item elementor-animated-content\" href=\"https:\/\/kmrlivestock.ee\/wp-content\/uploads\/2025\/06\/2ee02749-1082-43da-a55d-7c739bcb77af.jpg\" data-elementor-open-lightbox=\"yes\" data-elementor-lightbox-slideshow=\"39b22d7\" data-elementor-lightbox-title=\"2ee02749-1082-43da-a55d-7c739bcb77af\" data-e-action-hash=\"#elementor-action%3Aaction%3Dlightbox%26settings%3DeyJpZCI6MTk0MiwidXJsIjoiaHR0cHM6XC9cL2ttcmxpdmVzdG9jay5lZVwvd3AtY29udGVudFwvdXBsb2Fkc1wvMjAyNVwvMDZcLzJlZTAyNzQ5LTEwODItNDNkYS1hNTVkLTdjNzM5YmNiNzdhZi5qcGciLCJzbGlkZXNob3ciOiIzOWIyMmQ3In0%3D\">\n\t\t\t\t\t<div class=\"e-gallery-image elementor-gallery-item__image\" data-thumbnail=\"https:\/\/kmrlivestock.ee\/wp-content\/uploads\/2025\/06\/2ee02749-1082-43da-a55d-7c739bcb77af-768x576.jpg\" data-width=\"768\" data-height=\"576\" aria-label=\"\" role=\"img\" ><\/div>\n\t\t\t\t\t\t\t\t\t\t\t<div class=\"elementor-gallery-item__overlay\"><\/div>\n\t\t\t\t\t\t\t\t\t\t\t\t\t\t<\/a>\n\t\t\t\t\t\t\t<a class=\"e-gallery-item elementor-gallery-item elementor-animated-content\" href=\"https:\/\/kmrlivestock.ee\/wp-content\/uploads\/2025\/06\/b37e678b-f111-4954-9184-52f496bef3232.jpg\" data-elementor-open-lightbox=\"yes\" data-elementor-lightbox-slideshow=\"39b22d7\" data-elementor-lightbox-title=\"b37e678b-f111-4954-9184-52f496bef3232\" data-e-action-hash=\"#elementor-action%3Aaction%3Dlightbox%26settings%3DeyJpZCI6MTk1MywidXJsIjoiaHR0cHM6XC9cL2ttcmxpdmVzdG9jay5lZVwvd3AtY29udGVudFwvdXBsb2Fkc1wvMjAyNVwvMDZcL2IzN2U2NzhiLWYxMTEtNDk1NC05MTg0LTUyZjQ5NmJlZjMyMzIuanBnIiwic2xpZGVzaG93IjoiMzliMjJkNyJ9\">\n\t\t\t\t\t<div class=\"e-gallery-image elementor-gallery-item__image\" data-thumbnail=\"https:\/\/kmrlivestock.ee\/wp-content\/uploads\/2025\/06\/b37e678b-f111-4954-9184-52f496bef3232-768x297.jpg\" data-width=\"768\" data-height=\"297\" aria-label=\"\" role=\"img\" ><\/div>\n\t\t\t\t\t\t\t\t\t\t\t<div class=\"elementor-gallery-item__overlay\"><\/div>\n\t\t\t\t\t\t\t\t\t\t\t\t\t\t<\/a>\n\t\t\t\t\t\t\t<a class=\"e-gallery-item elementor-gallery-item elementor-animated-content\" href=\"https:\/\/kmrlivestock.ee\/wp-content\/uploads\/2025\/06\/78e7cbc1-b231-4148-9b18-6eb946ade6e6-scaled.jpg\" data-elementor-open-lightbox=\"yes\" data-elementor-lightbox-slideshow=\"39b22d7\" data-elementor-lightbox-title=\"78e7cbc1-b231-4148-9b18-6eb946ade6e6\" data-e-action-hash=\"#elementor-action%3Aaction%3Dlightbox%26settings%3DeyJpZCI6MTk0MywidXJsIjoiaHR0cHM6XC9cL2ttcmxpdmVzdG9jay5lZVwvd3AtY29udGVudFwvdXBsb2Fkc1wvMjAyNVwvMDZcLzc4ZTdjYmMxLWIyMzEtNDE0OC05YjE4LTZlYjk0NmFkZTZlNi1zY2FsZWQuanBnIiwic2xpZGVzaG93IjoiMzliMjJkNyJ9\">\n\t\t\t\t\t<div class=\"e-gallery-image elementor-gallery-item__image\" data-thumbnail=\"https:\/\/kmrlivestock.ee\/wp-content\/uploads\/2025\/06\/78e7cbc1-b231-4148-9b18-6eb946ade6e6-768x576.jpg\" data-width=\"768\" data-height=\"576\" aria-label=\"\" role=\"img\" ><\/div>\n\t\t\t\t\t\t\t\t\t\t\t<div class=\"elementor-gallery-item__overlay\"><\/div>\n\t\t\t\t\t\t\t\t\t\t\t\t\t\t<\/a>\n\t\t\t\t\t\t\t<a class=\"e-gallery-item elementor-gallery-item elementor-animated-content\" href=\"https:\/\/kmrlivestock.ee\/wp-content\/uploads\/2025\/06\/de6a9972-519b-446e-83df-0b61ae81eeb0-scaled.jpg\" data-elementor-open-lightbox=\"yes\" data-elementor-lightbox-slideshow=\"39b22d7\" data-elementor-lightbox-title=\"de6a9972-519b-446e-83df-0b61ae81eeb0\" data-e-action-hash=\"#elementor-action%3Aaction%3Dlightbox%26settings%3DeyJpZCI6MTk0NCwidXJsIjoiaHR0cHM6XC9cL2ttcmxpdmVzdG9jay5lZVwvd3AtY29udGVudFwvdXBsb2Fkc1wvMjAyNVwvMDZcL2RlNmE5OTcyLTUxOWItNDQ2ZS04M2RmLTBiNjFhZTgxZWViMC1zY2FsZWQuanBnIiwic2xpZGVzaG93IjoiMzliMjJkNyJ9\">\n\t\t\t\t\t<div class=\"e-gallery-image elementor-gallery-item__image\" data-thumbnail=\"https:\/\/kmrlivestock.ee\/wp-content\/uploads\/2025\/06\/de6a9972-519b-446e-83df-0b61ae81eeb0-768x576.jpg\" data-width=\"768\" data-height=\"576\" aria-label=\"\" role=\"img\" ><\/div>\n\t\t\t\t\t\t\t\t\t\t\t<div class=\"elementor-gallery-item__overlay\"><\/div>\n\t\t\t\t\t\t\t\t\t\t\t\t\t\t<\/a>\n\t\t\t\t\t\t\t<a class=\"e-gallery-item elementor-gallery-item elementor-animated-content\" href=\"https:\/\/kmrlivestock.ee\/wp-content\/uploads\/2025\/06\/e14f46b6-fb69-446b-bf78-75fd76076e98.jpg\" data-elementor-open-lightbox=\"yes\" data-elementor-lightbox-slideshow=\"39b22d7\" data-elementor-lightbox-title=\"e14f46b6-fb69-446b-bf78-75fd76076e98\" data-e-action-hash=\"#elementor-action%3Aaction%3Dlightbox%26settings%3DeyJpZCI6MTk0NSwidXJsIjoiaHR0cHM6XC9cL2ttcmxpdmVzdG9jay5lZVwvd3AtY29udGVudFwvdXBsb2Fkc1wvMjAyNVwvMDZcL2UxNGY0NmI2LWZiNjktNDQ2Yi1iZjc4LTc1ZmQ3NjA3NmU5OC5qcGciLCJzbGlkZXNob3ciOiIzOWIyMmQ3In0%3D\">\n\t\t\t\t\t<div class=\"e-gallery-image elementor-gallery-item__image\" data-thumbnail=\"https:\/\/kmrlivestock.ee\/wp-content\/uploads\/2025\/06\/e14f46b6-fb69-446b-bf78-75fd76076e98-768x576.jpg\" data-width=\"768\" data-height=\"576\" aria-label=\"\" role=\"img\" ><\/div>\n\t\t\t\t\t\t\t\t\t\t\t<div class=\"elementor-gallery-item__overlay\"><\/div>\n\t\t\t\t\t\t\t\t\t\t\t\t\t\t<\/a>\n\t\t\t\t\t\t\t<a class=\"e-gallery-item elementor-gallery-item elementor-animated-content\" href=\"https:\/\/kmrlivestock.ee\/wp-content\/uploads\/2024\/10\/KMR-transport01.jpg\" data-elementor-open-lightbox=\"yes\" data-elementor-lightbox-slideshow=\"39b22d7\" data-elementor-lightbox-title=\"KMR transport01\" data-e-action-hash=\"#elementor-action%3Aaction%3Dlightbox%26settings%3DeyJpZCI6NDc2LCJ1cmwiOiJodHRwczpcL1wva21ybGl2ZXN0b2NrLmVlXC93cC1jb250ZW50XC91cGxvYWRzXC8yMDI0XC8xMFwvS01SLXRyYW5zcG9ydDAxLmpwZyIsInNsaWRlc2hvdyI6IjM5YjIyZDcifQ%3D%3D\">\n\t\t\t\t\t<div class=\"e-gallery-image elementor-gallery-item__image\" data-thumbnail=\"https:\/\/kmrlivestock.ee\/wp-content\/uploads\/2024\/10\/KMR-transport01-768x432.jpg\" data-width=\"768\" data-height=\"432\" aria-label=\"\" role=\"img\" ><\/div>\n\t\t\t\t\t\t\t\t\t\t\t<div class=\"elementor-gallery-item__overlay\"><\/div>\n\t\t\t\t\t\t\t\t\t\t\t\t\t\t<\/a>\n\t\t\t\t\t\t\t<a class=\"e-gallery-item elementor-gallery-item elementor-animated-content\" href=\"https:\/\/kmrlivestock.ee\/wp-content\/uploads\/2024\/10\/KMR-transport1.jpg\" data-elementor-open-lightbox=\"yes\" data-elementor-lightbox-slideshow=\"39b22d7\" data-elementor-lightbox-title=\"KMR transport1\" data-e-action-hash=\"#elementor-action%3Aaction%3Dlightbox%26settings%3DeyJpZCI6NDg5LCJ1cmwiOiJodHRwczpcL1wva21ybGl2ZXN0b2NrLmVlXC93cC1jb250ZW50XC91cGxvYWRzXC8yMDI0XC8xMFwvS01SLXRyYW5zcG9ydDEuanBnIiwic2xpZGVzaG93IjoiMzliMjJkNyJ9\">\n\t\t\t\t\t<div class=\"e-gallery-image elementor-gallery-item__image\" data-thumbnail=\"https:\/\/kmrlivestock.ee\/wp-content\/uploads\/2024\/10\/KMR-transport1-768x432.jpg\" data-width=\"768\" data-height=\"432\" aria-label=\"\" role=\"img\" ><\/div>\n\t\t\t\t\t\t\t\t\t\t\t<div class=\"elementor-gallery-item__overlay\"><\/div>\n\t\t\t\t\t\t\t\t\t\t\t\t\t\t<\/a>\n\t\t\t\t\t\t\t<a class=\"e-gallery-item elementor-gallery-item elementor-animated-content\" href=\"https:\/\/kmrlivestock.ee\/wp-content\/uploads\/2024\/10\/KMR-transport12.jpg\" data-elementor-open-lightbox=\"yes\" data-elementor-lightbox-slideshow=\"39b22d7\" data-elementor-lightbox-title=\"KMR transport12\" data-e-action-hash=\"#elementor-action%3Aaction%3Dlightbox%26settings%3DeyJpZCI6NDg3LCJ1cmwiOiJodHRwczpcL1wva21ybGl2ZXN0b2NrLmVlXC93cC1jb250ZW50XC91cGxvYWRzXC8yMDI0XC8xMFwvS01SLXRyYW5zcG9ydDEyLmpwZyIsInNsaWRlc2hvdyI6IjM5YjIyZDcifQ%3D%3D\">\n\t\t\t\t\t<div class=\"e-gallery-image elementor-gallery-item__image\" data-thumbnail=\"https:\/\/kmrlivestock.ee\/wp-content\/uploads\/2024\/10\/KMR-transport12-768x432.jpg\" data-width=\"768\" data-height=\"432\" aria-label=\"\" role=\"img\" ><\/div>\n\t\t\t\t\t\t\t\t\t\t\t<div class=\"elementor-gallery-item__overlay\"><\/div>\n\t\t\t\t\t\t\t\t\t\t\t\t\t\t<\/a>\n\t\t\t\t\t\t\t<a class=\"e-gallery-item elementor-gallery-item elementor-animated-content\" href=\"https:\/\/kmrlivestock.ee\/wp-content\/uploads\/2024\/10\/KMR-transport11.jpg\" data-elementor-open-lightbox=\"yes\" data-elementor-lightbox-slideshow=\"39b22d7\" data-elementor-lightbox-title=\"KMR transport11\" data-e-action-hash=\"#elementor-action%3Aaction%3Dlightbox%26settings%3DeyJpZCI6NDg2LCJ1cmwiOiJodHRwczpcL1wva21ybGl2ZXN0b2NrLmVlXC93cC1jb250ZW50XC91cGxvYWRzXC8yMDI0XC8xMFwvS01SLXRyYW5zcG9ydDExLmpwZyIsInNsaWRlc2hvdyI6IjM5YjIyZDcifQ%3D%3D\">\n\t\t\t\t\t<div class=\"e-gallery-image elementor-gallery-item__image\" data-thumbnail=\"https:\/\/kmrlivestock.ee\/wp-content\/uploads\/2024\/10\/KMR-transport11-768x432.jpg\" data-width=\"768\" data-height=\"432\" aria-label=\"\" role=\"img\" ><\/div>\n\t\t\t\t\t\t\t\t\t\t\t<div class=\"elementor-gallery-item__overlay\"><\/div>\n\t\t\t\t\t\t\t\t\t\t\t\t\t\t<\/a>\n\t\t\t\t\t\t\t<a class=\"e-gallery-item elementor-gallery-item elementor-animated-content\" href=\"https:\/\/kmrlivestock.ee\/wp-content\/uploads\/2024\/10\/KMR-transport10.jpg\" data-elementor-open-lightbox=\"yes\" data-elementor-lightbox-slideshow=\"39b22d7\" data-elementor-lightbox-title=\"KMR transport10\" data-e-action-hash=\"#elementor-action%3Aaction%3Dlightbox%26settings%3DeyJpZCI6NDg1LCJ1cmwiOiJodHRwczpcL1wva21ybGl2ZXN0b2NrLmVlXC93cC1jb250ZW50XC91cGxvYWRzXC8yMDI0XC8xMFwvS01SLXRyYW5zcG9ydDEwLmpwZyIsInNsaWRlc2hvdyI6IjM5YjIyZDcifQ%3D%3D\">\n\t\t\t\t\t<div class=\"e-gallery-image elementor-gallery-item__image\" data-thumbnail=\"https:\/\/kmrlivestock.ee\/wp-content\/uploads\/2024\/10\/KMR-transport10-768x432.jpg\" data-width=\"768\" data-height=\"432\" aria-label=\"\" role=\"img\" ><\/div>\n\t\t\t\t\t\t\t\t\t\t\t<div class=\"elementor-gallery-item__overlay\"><\/div>\n\t\t\t\t\t\t\t\t\t\t\t\t\t\t<\/a>\n\t\t\t\t\t\t\t<a class=\"e-gallery-item elementor-gallery-item elementor-animated-content\" href=\"https:\/\/kmrlivestock.ee\/wp-content\/uploads\/2024\/10\/KMR-transport08.jpg\" data-elementor-open-lightbox=\"yes\" data-elementor-lightbox-slideshow=\"39b22d7\" data-elementor-lightbox-title=\"KMR transport08\" data-e-action-hash=\"#elementor-action%3Aaction%3Dlightbox%26settings%3DeyJpZCI6NDgzLCJ1cmwiOiJodHRwczpcL1wva21ybGl2ZXN0b2NrLmVlXC93cC1jb250ZW50XC91cGxvYWRzXC8yMDI0XC8xMFwvS01SLXRyYW5zcG9ydDA4LmpwZyIsInNsaWRlc2hvdyI6IjM5YjIyZDcifQ%3D%3D\">\n\t\t\t\t\t<div class=\"e-gallery-image elementor-gallery-item__image\" data-thumbnail=\"https:\/\/kmrlivestock.ee\/wp-content\/uploads\/2024\/10\/KMR-transport08-768x432.jpg\" data-width=\"768\" data-height=\"432\" aria-label=\"\" role=\"img\" ><\/div>\n\t\t\t\t\t\t\t\t\t\t\t<div class=\"elementor-gallery-item__overlay\"><\/div>\n\t\t\t\t\t\t\t\t\t\t\t\t\t\t<\/a>\n\t\t\t\t\t\t\t<a class=\"e-gallery-item elementor-gallery-item elementor-animated-content\" href=\"https:\/\/kmrlivestock.ee\/wp-content\/uploads\/2024\/10\/KMR-transport07.jpg\" data-elementor-open-lightbox=\"yes\" data-elementor-lightbox-slideshow=\"39b22d7\" data-elementor-lightbox-title=\"KMR transport07\" data-e-action-hash=\"#elementor-action%3Aaction%3Dlightbox%26settings%3DeyJpZCI6NDgyLCJ1cmwiOiJodHRwczpcL1wva21ybGl2ZXN0b2NrLmVlXC93cC1jb250ZW50XC91cGxvYWRzXC8yMDI0XC8xMFwvS01SLXRyYW5zcG9ydDA3LmpwZyIsInNsaWRlc2hvdyI6IjM5YjIyZDcifQ%3D%3D\">\n\t\t\t\t\t<div class=\"e-gallery-image elementor-gallery-item__image\" data-thumbnail=\"https:\/\/kmrlivestock.ee\/wp-content\/uploads\/2024\/10\/KMR-transport07-768x432.jpg\" data-width=\"768\" data-height=\"432\" aria-label=\"\" role=\"img\" ><\/div>\n\t\t\t\t\t\t\t\t\t\t\t<div class=\"elementor-gallery-item__overlay\"><\/div>\n\t\t\t\t\t\t\t\t\t\t\t\t\t\t<\/a>\n\t\t\t\t\t\t\t<a class=\"e-gallery-item elementor-gallery-item elementor-animated-content\" href=\"https:\/\/kmrlivestock.ee\/wp-content\/uploads\/2024\/10\/KMR-transport05.jpg\" data-elementor-open-lightbox=\"yes\" data-elementor-lightbox-slideshow=\"39b22d7\" data-elementor-lightbox-title=\"KMR transport05\" data-e-action-hash=\"#elementor-action%3Aaction%3Dlightbox%26settings%3DeyJpZCI6NDgwLCJ1cmwiOiJodHRwczpcL1wva21ybGl2ZXN0b2NrLmVlXC93cC1jb250ZW50XC91cGxvYWRzXC8yMDI0XC8xMFwvS01SLXRyYW5zcG9ydDA1LmpwZyIsInNsaWRlc2hvdyI6IjM5YjIyZDcifQ%3D%3D\">\n\t\t\t\t\t<div class=\"e-gallery-image elementor-gallery-item__image\" data-thumbnail=\"https:\/\/kmrlivestock.ee\/wp-content\/uploads\/2024\/10\/KMR-transport05-768x432.jpg\" data-width=\"768\" data-height=\"432\" aria-label=\"\" role=\"img\" ><\/div>\n\t\t\t\t\t\t\t\t\t\t\t<div class=\"elementor-gallery-item__overlay\"><\/div>\n\t\t\t\t\t\t\t\t\t\t\t\t\t\t<\/a>\n\t\t\t\t\t\t\t<a class=\"e-gallery-item elementor-gallery-item elementor-animated-content\" href=\"https:\/\/kmrlivestock.ee\/wp-content\/uploads\/2024\/10\/KMR-transport04.jpg\" data-elementor-open-lightbox=\"yes\" data-elementor-lightbox-slideshow=\"39b22d7\" data-elementor-lightbox-title=\"KMR transport04\" data-e-action-hash=\"#elementor-action%3Aaction%3Dlightbox%26settings%3DeyJpZCI6NDc5LCJ1cmwiOiJodHRwczpcL1wva21ybGl2ZXN0b2NrLmVlXC93cC1jb250ZW50XC91cGxvYWRzXC8yMDI0XC8xMFwvS01SLXRyYW5zcG9ydDA0LmpwZyIsInNsaWRlc2hvdyI6IjM5YjIyZDcifQ%3D%3D\">\n\t\t\t\t\t<div class=\"e-gallery-image elementor-gallery-item__image\" data-thumbnail=\"https:\/\/kmrlivestock.ee\/wp-content\/uploads\/2024\/10\/KMR-transport04-768x432.jpg\" data-width=\"768\" data-height=\"432\" aria-label=\"\" role=\"img\" ><\/div>\n\t\t\t\t\t\t\t\t\t\t\t<div class=\"elementor-gallery-item__overlay\"><\/div>\n\t\t\t\t\t\t\t\t\t\t\t\t\t\t<\/a>\n\t\t\t\t\t\t\t<a class=\"e-gallery-item elementor-gallery-item elementor-animated-content\" href=\"https:\/\/kmrlivestock.ee\/wp-content\/uploads\/2024\/10\/KMR-transport03.jpg\" data-elementor-open-lightbox=\"yes\" data-elementor-lightbox-slideshow=\"39b22d7\" data-elementor-lightbox-title=\"KMR transport03\" data-e-action-hash=\"#elementor-action%3Aaction%3Dlightbox%26settings%3DeyJpZCI6NDc4LCJ1cmwiOiJodHRwczpcL1wva21ybGl2ZXN0b2NrLmVlXC93cC1jb250ZW50XC91cGxvYWRzXC8yMDI0XC8xMFwvS01SLXRyYW5zcG9ydDAzLmpwZyIsInNsaWRlc2hvdyI6IjM5YjIyZDcifQ%3D%3D\">\n\t\t\t\t\t<div class=\"e-gallery-image elementor-gallery-item__image\" data-thumbnail=\"https:\/\/kmrlivestock.ee\/wp-content\/uploads\/2024\/10\/KMR-transport03-768x432.jpg\" data-width=\"768\" data-height=\"432\" aria-label=\"\" role=\"img\" ><\/div>\n\t\t\t\t\t\t\t\t\t\t\t<div class=\"elementor-gallery-item__overlay\"><\/div>\n\t\t\t\t\t\t\t\t\t\t\t\t\t\t<\/a>\n\t\t\t\t\t\t\t<a class=\"e-gallery-item elementor-gallery-item elementor-animated-content\" href=\"https:\/\/kmrlivestock.ee\/wp-content\/uploads\/2024\/10\/KMR-transport02.jpg\" data-elementor-open-lightbox=\"yes\" data-elementor-lightbox-slideshow=\"39b22d7\" data-elementor-lightbox-title=\"KMR transport02\" data-e-action-hash=\"#elementor-action%3Aaction%3Dlightbox%26settings%3DeyJpZCI6NDc3LCJ1cmwiOiJodHRwczpcL1wva21ybGl2ZXN0b2NrLmVlXC93cC1jb250ZW50XC91cGxvYWRzXC8yMDI0XC8xMFwvS01SLXRyYW5zcG9ydDAyLmpwZyIsInNsaWRlc2hvdyI6IjM5YjIyZDcifQ%3D%3D\">\n\t\t\t\t\t<div class=\"e-gallery-image elementor-gallery-item__image\" data-thumbnail=\"https:\/\/kmrlivestock.ee\/wp-content\/uploads\/2024\/10\/KMR-transport02-768x432.jpg\" data-width=\"768\" data-height=\"432\" aria-label=\"\" role=\"img\" ><\/div>\n\t\t\t\t\t\t\t\t\t\t\t<div class=\"elementor-gallery-item__overlay\"><\/div>\n\t\t\t\t\t\t\t\t\t\t\t\t\t\t<\/a>\n\t\t\t\t\t<\/div>\n\t\t\t\t\t<\/div>\n\t\t\t\t<\/div>\n\t\t\t\t\t<\/div>\n\t\t\t\t<\/div>\n\t\t\t\t<\/div>","protected":false},"excerpt":{"rendered":"<p>Kariloomade transport 2017. aastal hakkasime laienema kariloomade transpordile. Oleme Eesti Rahvusvaheliste Autovedajate Assotsiatsiooni liige ja omame rahvusvahelise veoettev\u00f5tja litsentsi. Lisaks on meil 2. t\u00fc\u00fcpi pikamaavedude litsents kariloomade veoks, mis v\u00f5imaldab meil tegutseda Euroopa riikides ja T\u00fcrgis. Eesti piires pakume ka kariloomade [...]<\/p>","protected":false},"author":2,"featured_media":0,"parent":0,"menu_order":0,"comment_status":"closed","ping_status":"closed","template":"","meta":{"footnotes":""},"class_list":["post-82","page","type-page","status-publish","hentry"],"_links":{"self":[{"href":"https:\/\/kmrlivestock.ee\/et\/wp-json\/wp\/v2\/pages\/82","targetHints":{"allow":["GET"]}}],"collection":[{"href":"https:\/\/kmrlivestock.ee\/et\/wp-json\/wp\/v2\/pages"}],"about":[{"href":"https:\/\/kmrlivestock.ee\/et\/wp-json\/wp\/v2\/types\/page"}],"author":[{"embeddable":true,"href":"https:\/\/kmrlivestock.ee\/et\/wp-json\/wp\/v2\/users\/2"}],"replies":[{"embeddable":true,"href":"https:\/\/kmrlivestock.ee\/et\/wp-json\/wp\/v2\/comments?post=82"}],"version-history":[{"count":75,"href":"https:\/\/kmrlivestock.ee\/et\/wp-json\/wp\/v2\/pages\/82\/revisions"}],"predecessor-version":[{"id":1962,"href":"https:\/\/kmrlivestock.ee\/et\/wp-json\/wp\/v2\/pages\/82\/revisions\/1962"}],"wp:attachment":[{"href":"https:\/\/kmrlivestock.ee\/et\/wp-json\/wp\/v2\/media?parent=82"}],"curies":[{"name":"wp","href":"https:\/\/api.w.org\/{rel}","templated":true}]}}