{"id":64,"date":"2024-10-25T12:03:18","date_gmt":"2024-10-25T12:03:18","guid":{"rendered":"https:\/\/kmrlivestock.ee\/?page_id=64"},"modified":"2025-07-26T20:15:51","modified_gmt":"2025-07-26T20:15:51","slug":"company-profile","status":"publish","type":"page","link":"https:\/\/kmrlivestock.ee\/tr\/company-profile\/","title":{"rendered":"\u015eirket Profili"},"content":{"rendered":"<div data-elementor-type=\"wp-page\" data-elementor-id=\"64\" class=\"elementor elementor-64\" data-elementor-post-type=\"page\">\n\t\t\t\t<div class=\"elementor-element elementor-element-74a49c7 e-con-full e-flex e-con e-parent\" data-id=\"74a49c7\" data-element_type=\"container\">\n\t\t<div class=\"elementor-element elementor-element-f085481 e-flex e-con-boxed e-con e-child\" data-id=\"f085481\" data-element_type=\"container\" data-settings=\"{&quot;background_background&quot;:&quot;classic&quot;}\">\n\t\t\t\t\t<div class=\"e-con-inner\">\n\t\t<div class=\"elementor-element elementor-element-103a374a e-flex e-con-boxed e-con e-child\" data-id=\"103a374a\" data-element_type=\"container\">\n\t\t\t\t\t<div class=\"e-con-inner\">\n\t\t\t\t<div class=\"elementor-element elementor-element-5a2b9db5 elementor-widget elementor-widget-heading\" data-id=\"5a2b9db5\" data-element_type=\"widget\" data-widget_type=\"heading.default\">\n\t\t\t\t<div class=\"elementor-widget-container\">\n\t\t\t\t\t<h2 class=\"elementor-heading-title elementor-size-default\">\u015eirket Profili<\/h2>\t\t\t\t<\/div>\n\t\t\t\t<\/div>\n\t\t\t\t\t<\/div>\n\t\t\t\t<\/div>\n\t\t\t\t\t<\/div>\n\t\t\t\t<\/div>\n\t\t\t\t<\/div>\n\t\t<div class=\"elementor-element elementor-element-504c0d9 e-flex e-con-boxed e-con e-parent\" data-id=\"504c0d9\" data-element_type=\"container\">\n\t\t\t\t\t<div class=\"e-con-inner\">\n\t\t\t\t<div class=\"elementor-element elementor-element-f6b6d31 elementor-widget elementor-widget-text-editor\" data-id=\"f6b6d31\" data-element_type=\"widget\" data-widget_type=\"text-editor.default\">\n\t\t\t\t<div class=\"elementor-widget-container\">\n\t\t\t\t\t\t\t\t\t<p>KMR Livestock Europe, Mehmet Ali KUMRU ve Tar\u0131k KUMRU taraf\u0131ndan 2010 y\u0131l\u0131nda Tallinn'de kurulmu\u015ftur.<\/p>\n<p>T\u00fcrkiye, Polonya, \u00d6zbekistan, Kazakistan, G\u00fcrcistan, H\u0131rvatistan, L\u00fcbnan, Slovenya, \u0130talya, Macaristan, Bosna Hersek gibi \u00fclkelerde dam\u0131zl\u0131k, besi ve kesim i\u00e7in 10 y\u0131lda 10'dan fazla farkl\u0131 \u00fclkeye binlerce canl\u0131 s\u0131\u011f\u0131r ihracat\u0131na ula\u015ft\u0131k.<\/p>\n<p>Estonya, Letonya, Danimarka, Almanya, Avusturya, Hollanda, ABD ve Uruguay gibi \u00fclkelerden ithalat yap\u0131larak onlarca \u00f6zel sekt\u00f6r yat\u0131r\u0131mc\u0131s\u0131n\u0131n ihtiya\u00e7lar\u0131 kar\u015f\u0131land\u0131.<\/p>\n<p>KMR 2011 y\u0131l\u0131nda Rapla \/ Estonya'daki Sikeldi \u00c7iftli\u011fini sat\u0131n ald\u0131.<br>2013 y\u0131l\u0131nda \u00e7iftlik yenilenmi\u015f ve Eu onayl\u0131 ihracat merkezi ve karantina \u00e7iftli\u011fi olarak faaliyete ge\u00e7mi\u015ftir. Buray\u0131 sadece kendi ihracat operasyonlar\u0131m\u0131z i\u00e7in kullan\u0131yoruz.<\/p>\n<p>2014 y\u0131l\u0131nda Estonya'n\u0131n ilk s\u00fct ve besi s\u0131\u011f\u0131rlar\u0131 H\u0131rvatistan, L\u00fcbnan, \u0130talya ve \u00d6zbekistan gibi pazarlara ihra\u00e7 edilmi\u015ftir.<br>KMR, 2016 y\u0131l\u0131nda Ankara, T\u00fcrkiye'de pedigre Limuzin ve \u015earole yeti\u015ftiricili\u011fi ve sat\u0131\u015f\u0131 i\u00e7in yeni ve modern bir \u00e7iftlik kurdu.<\/p>\n<p>2017 y\u0131l\u0131nda KMR kendi canl\u0131 hayvan ta\u015f\u0131mac\u0131l\u0131\u011f\u0131 seferlerini b\u00fcy\u00fctmeye ba\u015flad\u0131, Avrupa ve T\u00fcrkiye i\u00e7inde de ara\u00e7 kullanabiliyoruz.<\/p>\n<p>Sizi yeni i\u015f orta\u011f\u0131m\u0131z olarak a\u011f\u0131rlamaktan memnuniyet duyar\u0131z.<\/p>\t\t\t\t\t\t\t\t<\/div>\n\t\t\t\t<\/div>\n\t\t\t\t\t<\/div>\n\t\t\t\t<\/div>\n\t\t\t\t<\/div>","protected":false},"excerpt":{"rendered":"<p>\u015eirket Profili KMR Livestock Europe, Mehmet Ali KUMRU ve Tar\u0131k KUMRU taraf\u0131ndan 2010 y\u0131l\u0131nda Tallinn'de kurulmu\u015ftur. T\u00fcrkiye, Polonya, \u00d6zbekistan, Kazakistan, G\u00fcrcistan, H\u0131rvatistan gibi \u00fclkelerde dam\u0131zl\u0131k, besi ve kesim i\u00e7in 10 y\u0131lda 10'dan fazla farkl\u0131 \u00fclkeye binlerce canl\u0131 s\u0131\u011f\u0131r ihracat\u0131na ula\u015ft\u0131k [...]<\/p>","protected":false},"author":2,"featured_media":0,"parent":0,"menu_order":0,"comment_status":"closed","ping_status":"closed","template":"","meta":{"footnotes":""},"class_list":["post-64","page","type-page","status-publish","hentry"],"_links":{"self":[{"href":"https:\/\/kmrlivestock.ee\/tr\/wp-json\/wp\/v2\/pages\/64","targetHints":{"allow":["GET"]}}],"collection":[{"href":"https:\/\/kmrlivestock.ee\/tr\/wp-json\/wp\/v2\/pages"}],"about":[{"href":"https:\/\/kmrlivestock.ee\/tr\/wp-json\/wp\/v2\/types\/page"}],"author":[{"embeddable":true,"href":"https:\/\/kmrlivestock.ee\/tr\/wp-json\/wp\/v2\/users\/2"}],"replies":[{"embeddable":true,"href":"https:\/\/kmrlivestock.ee\/tr\/wp-json\/wp\/v2\/comments?post=64"}],"version-history":[{"count":55,"href":"https:\/\/kmrlivestock.ee\/tr\/wp-json\/wp\/v2\/pages\/64\/revisions"}],"predecessor-version":[{"id":2006,"href":"https:\/\/kmrlivestock.ee\/tr\/wp-json\/wp\/v2\/pages\/64\/revisions\/2006"}],"wp:attachment":[{"href":"https:\/\/kmrlivestock.ee\/tr\/wp-json\/wp\/v2\/media?parent=64"}],"curies":[{"name":"wp","href":"https:\/\/api.w.org\/{rel}","templated":true}]}}