{"id":66,"date":"2024-10-25T12:03:36","date_gmt":"2024-10-25T12:03:36","guid":{"rendered":"https:\/\/kmrlivestock.ee\/?page_id=66"},"modified":"2025-07-26T20:18:38","modified_gmt":"2025-07-26T20:18:38","slug":"about-us","status":"publish","type":"page","link":"https:\/\/kmrlivestock.ee\/tr\/about-us\/","title":{"rendered":"Hakk\u0131m\u0131zda"},"content":{"rendered":"<div data-elementor-type=\"wp-page\" data-elementor-id=\"66\" class=\"elementor elementor-66\" data-elementor-post-type=\"page\">\n\t\t\t\t<div class=\"elementor-element elementor-element-2aef8063 e-con-full e-flex e-con e-parent\" data-id=\"2aef8063\" data-element_type=\"container\">\n\t\t<div class=\"elementor-element elementor-element-6c29719 e-flex e-con-boxed e-con e-child\" data-id=\"6c29719\" data-element_type=\"container\" data-settings=\"{&quot;background_background&quot;:&quot;classic&quot;}\">\n\t\t\t\t\t<div class=\"e-con-inner\">\n\t\t<div class=\"elementor-element elementor-element-611817a8 e-con-full e-flex e-con e-child\" data-id=\"611817a8\" data-element_type=\"container\">\n\t\t\t\t<div class=\"elementor-element elementor-element-6cbf8fa4 elementor-widget elementor-widget-heading\" data-id=\"6cbf8fa4\" data-element_type=\"widget\" data-widget_type=\"heading.default\">\n\t\t\t\t<div class=\"elementor-widget-container\">\n\t\t\t\t\t<h2 class=\"elementor-heading-title elementor-size-default\">Hakk\u0131m\u0131zda<\/h2>\t\t\t\t<\/div>\n\t\t\t\t<\/div>\n\t\t\t\t<\/div>\n\t\t\t\t\t<\/div>\n\t\t\t\t<\/div>\n\t\t\t\t<\/div>\n\t\t<div class=\"elementor-element elementor-element-2335b7a3 e-flex e-con-boxed e-con e-parent\" data-id=\"2335b7a3\" data-element_type=\"container\">\n\t\t\t\t\t<div class=\"e-con-inner\">\n\t\t<div class=\"elementor-element elementor-element-7d104fc0 e-con-full e-flex e-con e-child\" data-id=\"7d104fc0\" data-element_type=\"container\">\n\t\t\t\t<div class=\"elementor-element elementor-element-55133e8b elementor-widget elementor-widget-image\" data-id=\"55133e8b\" data-element_type=\"widget\" data-widget_type=\"image.default\">\n\t\t\t\t<div class=\"elementor-widget-container\">\n\t\t\t\t\t\t\t\t\t\t\t\t\t\t\t<img fetchpriority=\"high\" decoding=\"async\" width=\"708\" height=\"528\" src=\"https:\/\/kmrlivestock.ee\/wp-content\/uploads\/2024\/10\/KMR-livestock-about-us.jpg\" class=\"attachment-full size-full wp-image-468\" alt=\"\" srcset=\"https:\/\/kmrlivestock.ee\/wp-content\/uploads\/2024\/10\/KMR-livestock-about-us.jpg 708w, https:\/\/kmrlivestock.ee\/wp-content\/uploads\/2024\/10\/KMR-livestock-about-us-300x224.jpg 300w\" sizes=\"(max-width: 708px) 100vw, 708px\" \/>\t\t\t\t\t\t\t\t\t\t\t\t\t\t\t<\/div>\n\t\t\t\t<\/div>\n\t\t\t\t<\/div>\n\t\t<div class=\"elementor-element elementor-element-9fccaeb e-con-full e-flex e-con e-child\" data-id=\"9fccaeb\" data-element_type=\"container\">\n\t\t\t\t<div class=\"elementor-element elementor-element-4cf8bc56 elementor-widget elementor-widget-heading\" data-id=\"4cf8bc56\" data-element_type=\"widget\" data-widget_type=\"heading.default\">\n\t\t\t\t<div class=\"elementor-widget-container\">\n\t\t\t\t\t<h2 class=\"elementor-heading-title elementor-size-default\">Biz Kimiz<\/h2>\t\t\t\t<\/div>\n\t\t\t\t<\/div>\n\t\t\t\t<div class=\"elementor-element elementor-element-5dbade65 elementor-widget elementor-widget-heading\" data-id=\"5dbade65\" data-element_type=\"widget\" data-widget_type=\"heading.default\">\n\t\t\t\t<div class=\"elementor-widget-container\">\n\t\t\t\t\t<h2 class=\"elementor-heading-title elementor-size-default\">KMR Hayvanc\u0131l\u0131k kurucular\u0131<\/h2>\t\t\t\t<\/div>\n\t\t\t\t<\/div>\n\t\t\t\t<div class=\"elementor-element elementor-element-6f6476c1 elementor-widget elementor-widget-text-editor\" data-id=\"6f6476c1\" data-element_type=\"widget\" data-widget_type=\"text-editor.default\">\n\t\t\t\t<div class=\"elementor-widget-container\">\n\t\t\t\t\t\t\t\t\t<p><strong>KMR Livestock Avrupa<\/strong> Mehmet Ali Kumru ve Tar\u0131k Kumru taraf\u0131ndan 2010 y\u0131l\u0131nda Tallinn'de kurulmu\u015ftur. \u00c7e\u015fitli \u00fclkelerde hayvanc\u0131l\u0131k ve \u00e7ift\u00e7ilik alan\u0131nda 30 y\u0131ll\u0131k deneyime sahip bir veteriner hekim olan Mehmet Ali Kumru, 6 Ocak 2020 tarihinde vefat etti. Gelecek t\u00fcm y\u0131llar onun ad\u0131n\u0131 ve an\u0131s\u0131n\u0131 onurland\u0131rmaya adanacakt\u0131r.<\/p>\t\t\t\t\t\t\t\t<\/div>\n\t\t\t\t<\/div>\n\t\t\t\t<\/div>\n\t\t\t\t\t<\/div>\n\t\t\t\t<\/div>\n\t\t<div class=\"elementor-element elementor-element-6fad5965 e-flex e-con-boxed e-con e-parent\" data-id=\"6fad5965\" data-element_type=\"container\">\n\t\t\t\t\t<div class=\"e-con-inner\">\n\t\t\t\t<div class=\"elementor-element elementor-element-49dfc300 elementor-widget elementor-widget-heading\" data-id=\"49dfc300\" data-element_type=\"widget\" data-widget_type=\"heading.default\">\n\t\t\t\t<div class=\"elementor-widget-container\">\n\t\t\t\t\t<h2 class=\"elementor-heading-title elementor-size-default\">\u015eirket Tarih\u00e7esi<\/h2>\t\t\t\t<\/div>\n\t\t\t\t<\/div>\n\t\t\t\t<div class=\"elementor-element elementor-element-69286c8b elementor-widget elementor-widget-spacer\" data-id=\"69286c8b\" data-element_type=\"widget\" data-widget_type=\"spacer.default\">\n\t\t\t\t<div class=\"elementor-widget-container\">\n\t\t\t\t\t\t\t<div class=\"elementor-spacer\">\n\t\t\t<div class=\"elementor-spacer-inner\"><\/div>\n\t\t<\/div>\n\t\t\t\t\t\t<\/div>\n\t\t\t\t<\/div>\n\t\t<div class=\"elementor-element elementor-element-508a7d68 e-con-full e-flex e-con e-child\" data-id=\"508a7d68\" data-element_type=\"container\">\n\t\t<div class=\"elementor-element elementor-element-22ccfade e-con-full e-flex e-con e-child\" data-id=\"22ccfade\" data-element_type=\"container\">\n\t\t\t\t<div class=\"elementor-element elementor-element-564db265 elementor-widget elementor-widget-heading\" data-id=\"564db265\" data-element_type=\"widget\" data-widget_type=\"heading.default\">\n\t\t\t\t<div class=\"elementor-widget-container\">\n\t\t\t\t\t<h2 class=\"elementor-heading-title elementor-size-default\">2011<\/h2>\t\t\t\t<\/div>\n\t\t\t\t<\/div>\n\t\t\t\t<\/div>\n\t\t<div class=\"elementor-element elementor-element-5aa0f983 e-con-full e-flex e-con e-child\" data-id=\"5aa0f983\" data-element_type=\"container\">\n\t\t\t\t<div class=\"elementor-element elementor-element-2842ef9 elementor-widget elementor-widget-heading\" data-id=\"2842ef9\" data-element_type=\"widget\" data-widget_type=\"heading.default\">\n\t\t\t\t<div class=\"elementor-widget-container\">\n\t\t\t\t\t<h5 class=\"elementor-heading-title elementor-size-default\">2011 y\u0131l\u0131nda<\/h5>\t\t\t\t<\/div>\n\t\t\t\t<\/div>\n\t\t\t\t<div class=\"elementor-element elementor-element-24123e09 elementor-widget elementor-widget-text-editor\" data-id=\"24123e09\" data-element_type=\"widget\" data-widget_type=\"text-editor.default\">\n\t\t\t\t<div class=\"elementor-widget-container\">\n\t\t\t\t\t\t\t\t\t<p>KMR, Estonya, Raplamaa'daki Sikeldi \u00c7iftli\u011fini sat\u0131n ald\u0131.<\/p>\t\t\t\t\t\t\t\t<\/div>\n\t\t\t\t<\/div>\n\t\t\t\t<\/div>\n\t\t\t\t<\/div>\n\t\t<div class=\"elementor-element elementor-element-85eb941 e-con-full e-flex e-con e-child\" data-id=\"85eb941\" data-element_type=\"container\">\n\t\t<div class=\"elementor-element elementor-element-5f0c8f7d e-con-full e-flex e-con e-child\" data-id=\"5f0c8f7d\" data-element_type=\"container\">\n\t\t<div class=\"elementor-element elementor-element-ded8b04 e-con-full elementor-hidden-desktop elementor-hidden-tablet e-flex e-con e-child\" data-id=\"ded8b04\" data-element_type=\"container\">\n\t\t\t\t<div class=\"elementor-element elementor-element-4bbe161 elementor-widget elementor-widget-heading\" data-id=\"4bbe161\" data-element_type=\"widget\" data-widget_type=\"heading.default\">\n\t\t\t\t<div class=\"elementor-widget-container\">\n\t\t\t\t\t<h2 class=\"elementor-heading-title elementor-size-default\">2012<\/h2>\t\t\t\t<\/div>\n\t\t\t\t<\/div>\n\t\t\t\t<\/div>\n\t\t\t\t<div class=\"elementor-element elementor-element-28b8aeb7 elementor-widget elementor-widget-heading\" data-id=\"28b8aeb7\" data-element_type=\"widget\" data-widget_type=\"heading.default\">\n\t\t\t\t<div class=\"elementor-widget-container\">\n\t\t\t\t\t<h5 class=\"elementor-heading-title elementor-size-default\">2012 y\u0131l\u0131nda <\/h5>\t\t\t\t<\/div>\n\t\t\t\t<\/div>\n\t\t\t\t<div class=\"elementor-element elementor-element-3b379e11 elementor-widget elementor-widget-text-editor\" data-id=\"3b379e11\" data-element_type=\"widget\" data-widget_type=\"text-editor.default\">\n\t\t\t\t<div class=\"elementor-widget-container\">\n\t\t\t\t\t\t\t\t\t<p>\u00c7iftlik, Fransa'dan tam soylu bir Limousin s\u00fcr\u00fcs\u00fcn\u00fcn ithal edilmesiyle faaliyetlerine ba\u015flam\u0131\u015ft\u0131r.<\/p>\t\t\t\t\t\t\t\t<\/div>\n\t\t\t\t<\/div>\n\t\t\t\t<\/div>\n\t\t<div class=\"elementor-element elementor-element-3713a19a e-con-full elementor-hidden-mobile e-flex e-con e-child\" data-id=\"3713a19a\" data-element_type=\"container\">\n\t\t\t\t<div class=\"elementor-element elementor-element-47e99b4c elementor-widget elementor-widget-heading\" data-id=\"47e99b4c\" data-element_type=\"widget\" data-widget_type=\"heading.default\">\n\t\t\t\t<div class=\"elementor-widget-container\">\n\t\t\t\t\t<h2 class=\"elementor-heading-title elementor-size-default\">2012<\/h2>\t\t\t\t<\/div>\n\t\t\t\t<\/div>\n\t\t\t\t<\/div>\n\t\t\t\t<\/div>\n\t\t<div class=\"elementor-element elementor-element-5d81b4b9 e-con-full e-flex e-con e-child\" data-id=\"5d81b4b9\" data-element_type=\"container\">\n\t\t<div class=\"elementor-element elementor-element-4121f8a5 e-con-full e-flex e-con e-child\" data-id=\"4121f8a5\" data-element_type=\"container\">\n\t\t\t\t<div class=\"elementor-element elementor-element-435237d elementor-widget elementor-widget-heading\" data-id=\"435237d\" data-element_type=\"widget\" data-widget_type=\"heading.default\">\n\t\t\t\t<div class=\"elementor-widget-container\">\n\t\t\t\t\t<h2 class=\"elementor-heading-title elementor-size-default\">2014<\/h2>\t\t\t\t<\/div>\n\t\t\t\t<\/div>\n\t\t\t\t<\/div>\n\t\t<div class=\"elementor-element elementor-element-10f015de e-con-full e-flex e-con e-child\" data-id=\"10f015de\" data-element_type=\"container\">\n\t\t\t\t<div class=\"elementor-element elementor-element-57969dc5 elementor-widget elementor-widget-heading\" data-id=\"57969dc5\" data-element_type=\"widget\" data-widget_type=\"heading.default\">\n\t\t\t\t<div class=\"elementor-widget-container\">\n\t\t\t\t\t<h5 class=\"elementor-heading-title elementor-size-default\">2014 y\u0131l\u0131nda<\/h5>\t\t\t\t<\/div>\n\t\t\t\t<\/div>\n\t\t\t\t<div class=\"elementor-element elementor-element-5fed8ad2 elementor-widget elementor-widget-text-editor\" data-id=\"5fed8ad2\" data-element_type=\"widget\" data-widget_type=\"text-editor.default\">\n\t\t\t\t<div class=\"elementor-widget-container\">\n\t\t\t\t\t\t\t\t\t<div class=\"flex-shrink-0 flex flex-col relative items-end\"><div><div class=\"pt-0\"><div class=\"gizmo-bot-avatar flex h-8 w-8 items-center justify-center overflow-hidden rounded-full\"><div class=\"relative p-1 rounded-sm flex items-center justify-center bg-token-main-surface-primary text-token-text-primary h-8 w-8\">KMR, Estonya'n\u0131n Raplamaa kentindeki Valeki \u00c7iftli\u011fi'ni sat\u0131n ald\u0131 ve buray\u0131 ihra\u00e7 hayvanlar\u0131 i\u00e7in bir toplama merkezine d\u00f6n\u00fc\u015ft\u00fcrd\u00fc.<\/div><\/div><\/div><\/div><\/div>\t\t\t\t\t\t\t\t<\/div>\n\t\t\t\t<\/div>\n\t\t\t\t<\/div>\n\t\t\t\t<\/div>\n\t\t<div class=\"elementor-element elementor-element-13ad0f24 e-con-full e-flex e-con e-child\" data-id=\"13ad0f24\" data-element_type=\"container\">\n\t\t<div class=\"elementor-element elementor-element-b6d4a3e e-con-full e-flex e-con e-child\" data-id=\"b6d4a3e\" data-element_type=\"container\">\n\t\t\t\t<div class=\"elementor-element elementor-element-ddd1ca9 elementor-hidden-desktop elementor-hidden-tablet elementor-widget elementor-widget-heading\" data-id=\"ddd1ca9\" data-element_type=\"widget\" data-widget_type=\"heading.default\">\n\t\t\t\t<div class=\"elementor-widget-container\">\n\t\t\t\t\t<h2 class=\"elementor-heading-title elementor-size-default\">2016<\/h2>\t\t\t\t<\/div>\n\t\t\t\t<\/div>\n\t\t\t\t<div class=\"elementor-element elementor-element-119689ce elementor-widget elementor-widget-heading\" data-id=\"119689ce\" data-element_type=\"widget\" data-widget_type=\"heading.default\">\n\t\t\t\t<div class=\"elementor-widget-container\">\n\t\t\t\t\t<h5 class=\"elementor-heading-title elementor-size-default\">2016 y\u0131l\u0131nda<\/h5>\t\t\t\t<\/div>\n\t\t\t\t<\/div>\n\t\t\t\t<div class=\"elementor-element elementor-element-715344ba elementor-widget elementor-widget-text-editor\" data-id=\"715344ba\" data-element_type=\"widget\" data-widget_type=\"text-editor.default\">\n\t\t\t\t<div class=\"elementor-widget-container\">\n\t\t\t\t\t\t\t\t\t<p>KMR, ticaret amac\u0131yla Ankara, T\u00fcrkiye'de yeni ve modern bir \u00e7iftlik in\u015fa etti. KMR, 2017 y\u0131l\u0131nda kendi canl\u0131 hayvan ta\u015f\u0131mac\u0131l\u0131\u011f\u0131 lojisti\u011fini geni\u015fletmeye ba\u015flad\u0131.<\/p>\t\t\t\t\t\t\t\t<\/div>\n\t\t\t\t<\/div>\n\t\t\t\t<\/div>\n\t\t<div class=\"elementor-element elementor-element-27f36ec9 e-con-full e-flex e-con e-child\" data-id=\"27f36ec9\" data-element_type=\"container\">\n\t\t\t\t<div class=\"elementor-element elementor-element-1edbe4f elementor-hidden-mobile elementor-widget elementor-widget-heading\" data-id=\"1edbe4f\" data-element_type=\"widget\" data-widget_type=\"heading.default\">\n\t\t\t\t<div class=\"elementor-widget-container\">\n\t\t\t\t\t<h2 class=\"elementor-heading-title elementor-size-default\">2016<\/h2>\t\t\t\t<\/div>\n\t\t\t\t<\/div>\n\t\t\t\t<\/div>\n\t\t\t\t<\/div>\n\t\t\t\t\t<\/div>\n\t\t\t\t<\/div>\n\t\t<div class=\"elementor-element elementor-element-fd24a37 e-flex e-con-boxed e-con e-parent\" data-id=\"fd24a37\" data-element_type=\"container\">\n\t\t\t\t\t<div class=\"e-con-inner\">\n\t\t\t\t<div class=\"elementor-element elementor-element-d18a434 elementor-widget elementor-widget-text-editor\" data-id=\"d18a434\" data-element_type=\"widget\" data-widget_type=\"text-editor.default\">\n\t\t\t\t<div class=\"elementor-widget-container\">\n\t\t\t\t\t\t\t\t\t<p>Mehmet Ali Kumru'nun \u015fu anda KMR Livestock Europe ve Kumrular G\u0131da'y\u0131 y\u00f6neten \u00fc\u00e7 o\u011flu var. Ahmet Kumru ve Hakan Kumru, Kumrular'\u0131n T\u00fcrkiye'deki operasyonlar\u0131n\u0131 y\u00f6netmekte, ihracat pazarlar\u0131n\u0131, hayvan tan\u0131mlamas\u0131n\u0131, s\u0131\u011f\u0131r ticaretini ve T\u00fcrkiye'ye canl\u0131 hayvan ithalat\u0131n\u0131 y\u00f6netmektedir.<\/p><p>En k\u00fc\u00e7\u00fck o\u011ful Tar\u0131k Kumru, Estonya ve di\u011fer AB \u00fclkelerinde ticaret, \u00e7ift\u00e7ilik ve ihracat faaliyetlerini y\u00f6netmektedir.<\/p><p>\u015eu anda her iki \u015firket de 20'nin \u00fczerinde vas\u0131fl\u0131 profesyonel istihdam etmektedir.<\/p><p>KMR Livestock Europe'un \u00f6ncelikli hedefi, \u00e7e\u015fitli \u00fclkeler aras\u0131nda canl\u0131 hayvan ithalat\u0131 ve ihracat\u0131n\u0131n yan\u0131 s\u0131ra kendi \u00e7iftliklerimizi, ihracat merkezlerimizi ve canl\u0131 hayvan lojisti\u011fimizi geli\u015ftirmeye odaklanarak uluslararas\u0131 ticareti kolayla\u015ft\u0131rmakt\u0131r.<\/p><p>Bu misyonla, 10 \u00fclkeye dam\u0131zl\u0131k, besi ve kesim i\u00e7in 50.000'den fazla y\u00fcksek kaliteli canl\u0131 s\u0131\u011f\u0131r ihra\u00e7 ettik. D\u00fcnya \u00e7ap\u0131nda y\u00fczlerce yeti\u015ftirme \u00e7iftli\u011fi, kurulu\u015f ve t\u00fcccarla g\u00fc\u00e7l\u00fc ortakl\u0131klar kurduk.<\/p><p>Sizi yeni i\u015f orta\u011f\u0131m\u0131z olarak a\u011f\u0131rlamaktan memnuniyet duyar\u0131z.<\/p>\t\t\t\t\t\t\t\t<\/div>\n\t\t\t\t<\/div>\n\t\t\t\t\t<\/div>\n\t\t\t\t<\/div>\n\t\t\t\t<\/div>","protected":false},"excerpt":{"rendered":"<p>Hakk\u0131m\u0131zda Biz Kimiz KMR Livestock kurucular\u0131 KMR Livestock Europe, 2010 y\u0131l\u0131nda Mehmet Ali Kumru ve Tar\u0131k Kumru taraf\u0131ndan Tallinn'de kuruldu. \u00c7e\u015fitli \u00fclkelerde hayvanc\u0131l\u0131k ve \u00e7ift\u00e7ilik alan\u0131nda 30 y\u0131ll\u0131k deneyime sahip veteriner hekim Mehmet Ali Kumru, 6 Ocak 2020 tarihinde vefat etti. Gelecek t\u00fcm y\u0131llar [...]'a adanacakt\u0131r.<\/p>","protected":false},"author":2,"featured_media":0,"parent":0,"menu_order":0,"comment_status":"closed","ping_status":"closed","template":"","meta":{"footnotes":""},"class_list":["post-66","page","type-page","status-publish","hentry"],"_links":{"self":[{"href":"https:\/\/kmrlivestock.ee\/tr\/wp-json\/wp\/v2\/pages\/66","targetHints":{"allow":["GET"]}}],"collection":[{"href":"https:\/\/kmrlivestock.ee\/tr\/wp-json\/wp\/v2\/pages"}],"about":[{"href":"https:\/\/kmrlivestock.ee\/tr\/wp-json\/wp\/v2\/types\/page"}],"author":[{"embeddable":true,"href":"https:\/\/kmrlivestock.ee\/tr\/wp-json\/wp\/v2\/users\/2"}],"replies":[{"embeddable":true,"href":"https:\/\/kmrlivestock.ee\/tr\/wp-json\/wp\/v2\/comments?post=66"}],"version-history":[{"count":49,"href":"https:\/\/kmrlivestock.ee\/tr\/wp-json\/wp\/v2\/pages\/66\/revisions"}],"predecessor-version":[{"id":2009,"href":"https:\/\/kmrlivestock.ee\/tr\/wp-json\/wp\/v2\/pages\/66\/revisions\/2009"}],"wp:attachment":[{"href":"https:\/\/kmrlivestock.ee\/tr\/wp-json\/wp\/v2\/media?parent=66"}],"curies":[{"name":"wp","href":"https:\/\/api.w.org\/{rel}","templated":true}]}}