{"id":72,"date":"2024-10-25T12:05:59","date_gmt":"2024-10-25T12:05:59","guid":{"rendered":"https:\/\/kmrlivestock.ee\/?page_id=72"},"modified":"2024-11-11T10:49:29","modified_gmt":"2024-11-11T10:49:29","slug":"fattening-and-slaughtering-cattle-export","status":"publish","type":"page","link":"https:\/\/kmrlivestock.ee\/tr\/fattening-and-slaughtering-cattle-export\/","title":{"rendered":"Besi ve kesim s\u0131\u011f\u0131r\u0131 ihracat\u0131"},"content":{"rendered":"<div data-elementor-type=\"wp-page\" data-elementor-id=\"72\" class=\"elementor elementor-72\" data-elementor-post-type=\"page\">\n\t\t\t\t<div class=\"elementor-element elementor-element-e8ca73e e-con-full e-flex e-con e-parent\" data-id=\"e8ca73e\" data-element_type=\"container\">\n\t\t<div class=\"elementor-element elementor-element-2a4be1d e-flex e-con-boxed e-con e-child\" data-id=\"2a4be1d\" data-element_type=\"container\" data-settings=\"{&quot;background_background&quot;:&quot;classic&quot;}\">\n\t\t\t\t\t<div class=\"e-con-inner\">\n\t\t<div class=\"elementor-element elementor-element-1a131fb e-flex e-con-boxed e-con e-child\" data-id=\"1a131fb\" data-element_type=\"container\">\n\t\t\t\t\t<div class=\"e-con-inner\">\n\t\t\t\t<div class=\"elementor-element elementor-element-0e21347 elementor-widget__width-initial elementor-widget elementor-widget-heading\" data-id=\"0e21347\" data-element_type=\"widget\" data-widget_type=\"heading.default\">\n\t\t\t\t<div class=\"elementor-widget-container\">\n\t\t\t\t\t<h2 class=\"elementor-heading-title elementor-size-default\">Besi ve kesim s\u0131\u011f\u0131r\u0131 ihracat\u0131<\/h2>\t\t\t\t<\/div>\n\t\t\t\t<\/div>\n\t\t\t\t\t<\/div>\n\t\t\t\t<\/div>\n\t\t\t\t\t<\/div>\n\t\t\t\t<\/div>\n\t\t\t\t<\/div>\n\t\t<div class=\"elementor-element elementor-element-03937e4 e-flex e-con-boxed e-con e-parent\" data-id=\"03937e4\" data-element_type=\"container\">\n\t\t\t\t\t<div class=\"e-con-inner\">\n\t\t\t\t<div class=\"elementor-element elementor-element-55e142f elementor-widget elementor-widget-text-editor\" data-id=\"55e142f\" data-element_type=\"widget\" data-widget_type=\"text-editor.default\">\n\t\t\t\t<div class=\"elementor-widget-container\">\n\t\t\t\t\t\t\t\t\t<p>\u00c7e\u015fitli \u00fclkelere 20.000'in \u00fczerinde besi ve kesimlik s\u0131\u011f\u0131r ihra\u00e7 ettik.<\/p><p>Limousin, Charolais, B. Aquitaine, Simmental, Angus ve Hereford gibi \u0131rklar\u0131n yan\u0131 s\u0131ra bunlar\u0131n melezleri de dahil olmak \u00fczere Estonya ve Letonya'dan bo\u011fa ve d\u00fcve ihracat\u0131nda uzman\u0131z. S\u0131\u011f\u0131rlar\u0131m\u0131z Polonya, T\u00fcrkiye, H\u0131rvatistan, L\u00fcbnan ve Slovenya gibi \u00fclkelere besi ve kesim i\u00e7in g\u00f6nderilmi\u015ftir.<\/p><p>Sat\u0131n alma ve ihra\u00e7 fiyatlar\u0131m\u0131z s\u0131\u011f\u0131r\u0131n kondisyonuna, geneti\u011fine, geli\u015fimine ve a\u011f\u0131rl\u0131\u011f\u0131na ba\u011fl\u0131 olarak de\u011fi\u015febilir.<\/p><p>Kurulu\u015fumuzdan bu yana Estonya'da 300'den fazla s\u0131\u011f\u0131r yeti\u015ftiricisi ile g\u00fc\u00e7l\u00fc ili\u015fkiler kurduk.<\/p><p>Kendi ta\u015f\u0131mac\u0131l\u0131\u011f\u0131m\u0131zla, \u00e7ift\u00e7ilere rekabet\u00e7i fiyatlar ve g\u00fcvenilir y\u00fckleme programlar\u0131 sunarak y\u00fcksek d\u00fczeyde hizmet sa\u011fl\u0131yoruz.<\/p><p>Ayr\u0131ca, m\u00fc\u015fterilerimizin yurtd\u0131\u015f\u0131ndaki \u00e7iftliklerine nakliye de dahil olmak \u00fczere ihtiya\u00e7lar\u0131n\u0131 kar\u015f\u0131layacak donan\u0131ma sahibiz.<\/p><p>Sizi yeni i\u015f orta\u011f\u0131m\u0131z olarak a\u011f\u0131rlamaktan memnuniyet duyar\u0131z.<\/p><p><strong>Biz teklif ediyoruz:<\/strong><\/p><ul><li>Besi i\u00e7in 250-350 kg a\u011f\u0131rl\u0131\u011f\u0131nda Limousin, Charolais, Simmental, B. Aquitaine, Angus ve Hereford \u0131rklar\u0131ndan gen\u00e7 bo\u011falar.<\/li><li>Limousin, Charolais, Simmental, B. Aquitaine, Angus ve Hereford \u0131rklar\u0131ndan 500 kg ve \u00fczeri kesimlik gen\u00e7 bo\u011falar.<\/li><li>Kesim i\u00e7in 500 kg ve \u00fczeri a\u011f\u0131rl\u0131\u011fa sahip s\u00fct \u0131rk\u0131 bo\u011falar.<\/li><\/ul>\t\t\t\t\t\t\t\t<\/div>\n\t\t\t\t<\/div>\n\t\t\t\t\t<\/div>\n\t\t\t\t<\/div>\n\t\t<div class=\"elementor-element elementor-element-1005754 e-flex e-con-boxed e-con e-parent\" data-id=\"1005754\" data-element_type=\"container\">\n\t\t\t\t\t<div class=\"e-con-inner\">\n\t\t<div class=\"elementor-element elementor-element-9401239 e-con-full e-flex e-con e-child\" data-id=\"9401239\" data-element_type=\"container\">\n\t\t\t\t<div class=\"elementor-element elementor-element-25693e1 elementor-widget elementor-widget-heading\" data-id=\"25693e1\" data-element_type=\"widget\" data-widget_type=\"heading.default\">\n\t\t\t\t<div class=\"elementor-widget-container\">\n\t\t\t\t\t<h2 class=\"elementor-heading-title elementor-size-default\">Galeri<\/h2>\t\t\t\t<\/div>\n\t\t\t\t<\/div>\n\t\t\t\t<\/div>\n\t\t\t\t<div class=\"elementor-element elementor-element-abfa4cb elementor-widget elementor-widget-gallery\" data-id=\"abfa4cb\" data-element_type=\"widget\" data-settings=\"{&quot;aspect_ratio&quot;:&quot;4:3&quot;,&quot;lazyload&quot;:&quot;yes&quot;,&quot;gallery_layout&quot;:&quot;grid&quot;,&quot;columns&quot;:4,&quot;columns_tablet&quot;:2,&quot;columns_mobile&quot;:1,&quot;gap&quot;:{&quot;unit&quot;:&quot;px&quot;,&quot;size&quot;:10,&quot;sizes&quot;:[]},&quot;gap_tablet&quot;:{&quot;unit&quot;:&quot;px&quot;,&quot;size&quot;:10,&quot;sizes&quot;:[]},&quot;gap_mobile&quot;:{&quot;unit&quot;:&quot;px&quot;,&quot;size&quot;:10,&quot;sizes&quot;:[]},&quot;link_to&quot;:&quot;file&quot;,&quot;overlay_background&quot;:&quot;yes&quot;,&quot;content_hover_animation&quot;:&quot;fade-in&quot;}\" data-widget_type=\"gallery.default\">\n\t\t\t\t<div class=\"elementor-widget-container\">\n\t\t\t\t\t\t\t<div class=\"elementor-gallery__container\">\n\t\t\t\t\t\t\t<a class=\"e-gallery-item elementor-gallery-item elementor-animated-content\" href=\"https:\/\/kmrlivestock.ee\/wp-content\/uploads\/2024\/11\/Fattening-and-slaughtering-cattle-export01.jpg\" data-elementor-open-lightbox=\"yes\" data-elementor-lightbox-slideshow=\"abfa4cb\" data-elementor-lightbox-title=\"Fattening and slaughtering cattle export01\" data-e-action-hash=\"#elementor-action%3Aaction%3Dlightbox%26settings%3DeyJpZCI6ODA4LCJ1cmwiOiJodHRwczpcL1wva21ybGl2ZXN0b2NrLmVlXC93cC1jb250ZW50XC91cGxvYWRzXC8yMDI0XC8xMVwvRmF0dGVuaW5nLWFuZC1zbGF1Z2h0ZXJpbmctY2F0dGxlLWV4cG9ydDAxLmpwZyIsInNsaWRlc2hvdyI6ImFiZmE0Y2IifQ%3D%3D\">\n\t\t\t\t\t<div class=\"e-gallery-image elementor-gallery-item__image\" data-thumbnail=\"https:\/\/kmrlivestock.ee\/wp-content\/uploads\/2024\/11\/Fattening-and-slaughtering-cattle-export01-768x432.jpg\" data-width=\"768\" data-height=\"432\" aria-label=\"\" role=\"img\" ><\/div>\n\t\t\t\t\t\t\t\t\t\t\t<div class=\"elementor-gallery-item__overlay\"><\/div>\n\t\t\t\t\t\t\t\t\t\t\t\t\t\t<\/a>\n\t\t\t\t\t\t\t<a class=\"e-gallery-item elementor-gallery-item elementor-animated-content\" href=\"https:\/\/kmrlivestock.ee\/wp-content\/uploads\/2024\/11\/Fattening-and-slaughtering-cattle-export02.jpg\" data-elementor-open-lightbox=\"yes\" data-elementor-lightbox-slideshow=\"abfa4cb\" data-elementor-lightbox-title=\"Fattening and slaughtering cattle export02\" data-e-action-hash=\"#elementor-action%3Aaction%3Dlightbox%26settings%3DeyJpZCI6ODA5LCJ1cmwiOiJodHRwczpcL1wva21ybGl2ZXN0b2NrLmVlXC93cC1jb250ZW50XC91cGxvYWRzXC8yMDI0XC8xMVwvRmF0dGVuaW5nLWFuZC1zbGF1Z2h0ZXJpbmctY2F0dGxlLWV4cG9ydDAyLmpwZyIsInNsaWRlc2hvdyI6ImFiZmE0Y2IifQ%3D%3D\">\n\t\t\t\t\t<div class=\"e-gallery-image elementor-gallery-item__image\" data-thumbnail=\"https:\/\/kmrlivestock.ee\/wp-content\/uploads\/2024\/11\/Fattening-and-slaughtering-cattle-export02-768x432.jpg\" data-width=\"768\" data-height=\"432\" aria-label=\"\" role=\"img\" ><\/div>\n\t\t\t\t\t\t\t\t\t\t\t<div class=\"elementor-gallery-item__overlay\"><\/div>\n\t\t\t\t\t\t\t\t\t\t\t\t\t\t<\/a>\n\t\t\t\t\t\t\t<a class=\"e-gallery-item elementor-gallery-item elementor-animated-content\" href=\"https:\/\/kmrlivestock.ee\/wp-content\/uploads\/2024\/11\/Fattening-and-slaughtering-cattle-export03.jpg\" data-elementor-open-lightbox=\"yes\" data-elementor-lightbox-slideshow=\"abfa4cb\" data-elementor-lightbox-title=\"Fattening and slaughtering cattle export03\" data-e-action-hash=\"#elementor-action%3Aaction%3Dlightbox%26settings%3DeyJpZCI6ODEwLCJ1cmwiOiJodHRwczpcL1wva21ybGl2ZXN0b2NrLmVlXC93cC1jb250ZW50XC91cGxvYWRzXC8yMDI0XC8xMVwvRmF0dGVuaW5nLWFuZC1zbGF1Z2h0ZXJpbmctY2F0dGxlLWV4cG9ydDAzLmpwZyIsInNsaWRlc2hvdyI6ImFiZmE0Y2IifQ%3D%3D\">\n\t\t\t\t\t<div class=\"e-gallery-image elementor-gallery-item__image\" data-thumbnail=\"https:\/\/kmrlivestock.ee\/wp-content\/uploads\/2024\/11\/Fattening-and-slaughtering-cattle-export03-768x432.jpg\" data-width=\"768\" data-height=\"432\" aria-label=\"\" role=\"img\" ><\/div>\n\t\t\t\t\t\t\t\t\t\t\t<div class=\"elementor-gallery-item__overlay\"><\/div>\n\t\t\t\t\t\t\t\t\t\t\t\t\t\t<\/a>\n\t\t\t\t\t\t\t<a class=\"e-gallery-item elementor-gallery-item elementor-animated-content\" href=\"https:\/\/kmrlivestock.ee\/wp-content\/uploads\/2024\/11\/Fattening-and-slaughtering-cattle-export04.jpg\" data-elementor-open-lightbox=\"yes\" data-elementor-lightbox-slideshow=\"abfa4cb\" data-elementor-lightbox-title=\"Fattening and slaughtering cattle export04\" data-e-action-hash=\"#elementor-action%3Aaction%3Dlightbox%26settings%3DeyJpZCI6ODExLCJ1cmwiOiJodHRwczpcL1wva21ybGl2ZXN0b2NrLmVlXC93cC1jb250ZW50XC91cGxvYWRzXC8yMDI0XC8xMVwvRmF0dGVuaW5nLWFuZC1zbGF1Z2h0ZXJpbmctY2F0dGxlLWV4cG9ydDA0LmpwZyIsInNsaWRlc2hvdyI6ImFiZmE0Y2IifQ%3D%3D\">\n\t\t\t\t\t<div class=\"e-gallery-image elementor-gallery-item__image\" data-thumbnail=\"https:\/\/kmrlivestock.ee\/wp-content\/uploads\/2024\/11\/Fattening-and-slaughtering-cattle-export04-768x432.jpg\" data-width=\"768\" data-height=\"432\" aria-label=\"\" role=\"img\" ><\/div>\n\t\t\t\t\t\t\t\t\t\t\t<div class=\"elementor-gallery-item__overlay\"><\/div>\n\t\t\t\t\t\t\t\t\t\t\t\t\t\t<\/a>\n\t\t\t\t\t\t\t<a class=\"e-gallery-item elementor-gallery-item elementor-animated-content\" href=\"https:\/\/kmrlivestock.ee\/wp-content\/uploads\/2024\/11\/Fattening-and-slaughtering-cattle-export05.jpg\" data-elementor-open-lightbox=\"yes\" data-elementor-lightbox-slideshow=\"abfa4cb\" data-elementor-lightbox-title=\"Fattening and slaughtering cattle export05\" data-e-action-hash=\"#elementor-action%3Aaction%3Dlightbox%26settings%3DeyJpZCI6ODEyLCJ1cmwiOiJodHRwczpcL1wva21ybGl2ZXN0b2NrLmVlXC93cC1jb250ZW50XC91cGxvYWRzXC8yMDI0XC8xMVwvRmF0dGVuaW5nLWFuZC1zbGF1Z2h0ZXJpbmctY2F0dGxlLWV4cG9ydDA1LmpwZyIsInNsaWRlc2hvdyI6ImFiZmE0Y2IifQ%3D%3D\">\n\t\t\t\t\t<div class=\"e-gallery-image elementor-gallery-item__image\" data-thumbnail=\"https:\/\/kmrlivestock.ee\/wp-content\/uploads\/2024\/11\/Fattening-and-slaughtering-cattle-export05-768x432.jpg\" data-width=\"768\" data-height=\"432\" aria-label=\"\" role=\"img\" ><\/div>\n\t\t\t\t\t\t\t\t\t\t\t<div class=\"elementor-gallery-item__overlay\"><\/div>\n\t\t\t\t\t\t\t\t\t\t\t\t\t\t<\/a>\n\t\t\t\t\t\t\t<a class=\"e-gallery-item elementor-gallery-item elementor-animated-content\" href=\"https:\/\/kmrlivestock.ee\/wp-content\/uploads\/2024\/11\/Fattening-and-slaughtering-cattle-export06.jpg\" data-elementor-open-lightbox=\"yes\" data-elementor-lightbox-slideshow=\"abfa4cb\" data-elementor-lightbox-title=\"Fattening and slaughtering cattle export06\" data-e-action-hash=\"#elementor-action%3Aaction%3Dlightbox%26settings%3DeyJpZCI6ODEzLCJ1cmwiOiJodHRwczpcL1wva21ybGl2ZXN0b2NrLmVlXC93cC1jb250ZW50XC91cGxvYWRzXC8yMDI0XC8xMVwvRmF0dGVuaW5nLWFuZC1zbGF1Z2h0ZXJpbmctY2F0dGxlLWV4cG9ydDA2LmpwZyIsInNsaWRlc2hvdyI6ImFiZmE0Y2IifQ%3D%3D\">\n\t\t\t\t\t<div class=\"e-gallery-image elementor-gallery-item__image\" data-thumbnail=\"https:\/\/kmrlivestock.ee\/wp-content\/uploads\/2024\/11\/Fattening-and-slaughtering-cattle-export06-768x432.jpg\" data-width=\"768\" data-height=\"432\" aria-label=\"\" role=\"img\" ><\/div>\n\t\t\t\t\t\t\t\t\t\t\t<div class=\"elementor-gallery-item__overlay\"><\/div>\n\t\t\t\t\t\t\t\t\t\t\t\t\t\t<\/a>\n\t\t\t\t\t\t\t<a class=\"e-gallery-item elementor-gallery-item elementor-animated-content\" href=\"https:\/\/kmrlivestock.ee\/wp-content\/uploads\/2024\/11\/Fattening-and-slaughtering-cattle-export07.jpg\" data-elementor-open-lightbox=\"yes\" data-elementor-lightbox-slideshow=\"abfa4cb\" data-elementor-lightbox-title=\"Fattening and slaughtering cattle export07\" data-e-action-hash=\"#elementor-action%3Aaction%3Dlightbox%26settings%3DeyJpZCI6ODE0LCJ1cmwiOiJodHRwczpcL1wva21ybGl2ZXN0b2NrLmVlXC93cC1jb250ZW50XC91cGxvYWRzXC8yMDI0XC8xMVwvRmF0dGVuaW5nLWFuZC1zbGF1Z2h0ZXJpbmctY2F0dGxlLWV4cG9ydDA3LmpwZyIsInNsaWRlc2hvdyI6ImFiZmE0Y2IifQ%3D%3D\">\n\t\t\t\t\t<div class=\"e-gallery-image elementor-gallery-item__image\" data-thumbnail=\"https:\/\/kmrlivestock.ee\/wp-content\/uploads\/2024\/11\/Fattening-and-slaughtering-cattle-export07-768x432.jpg\" data-width=\"768\" data-height=\"432\" aria-label=\"\" role=\"img\" ><\/div>\n\t\t\t\t\t\t\t\t\t\t\t<div class=\"elementor-gallery-item__overlay\"><\/div>\n\t\t\t\t\t\t\t\t\t\t\t\t\t\t<\/a>\n\t\t\t\t\t\t\t<a class=\"e-gallery-item elementor-gallery-item elementor-animated-content\" href=\"https:\/\/kmrlivestock.ee\/wp-content\/uploads\/2024\/11\/Fattening-and-slaughtering-cattle-export08.jpg\" data-elementor-open-lightbox=\"yes\" data-elementor-lightbox-slideshow=\"abfa4cb\" data-elementor-lightbox-title=\"Fattening and slaughtering cattle export08\" data-e-action-hash=\"#elementor-action%3Aaction%3Dlightbox%26settings%3DeyJpZCI6ODE1LCJ1cmwiOiJodHRwczpcL1wva21ybGl2ZXN0b2NrLmVlXC93cC1jb250ZW50XC91cGxvYWRzXC8yMDI0XC8xMVwvRmF0dGVuaW5nLWFuZC1zbGF1Z2h0ZXJpbmctY2F0dGxlLWV4cG9ydDA4LmpwZyIsInNsaWRlc2hvdyI6ImFiZmE0Y2IifQ%3D%3D\">\n\t\t\t\t\t<div class=\"e-gallery-image elementor-gallery-item__image\" data-thumbnail=\"https:\/\/kmrlivestock.ee\/wp-content\/uploads\/2024\/11\/Fattening-and-slaughtering-cattle-export08-768x432.jpg\" data-width=\"768\" data-height=\"432\" aria-label=\"\" role=\"img\" ><\/div>\n\t\t\t\t\t\t\t\t\t\t\t<div class=\"elementor-gallery-item__overlay\"><\/div>\n\t\t\t\t\t\t\t\t\t\t\t\t\t\t<\/a>\n\t\t\t\t\t\t\t<a class=\"e-gallery-item elementor-gallery-item elementor-animated-content\" href=\"https:\/\/kmrlivestock.ee\/wp-content\/uploads\/2024\/11\/Fattening-and-slaughtering-cattle-export09.jpg\" data-elementor-open-lightbox=\"yes\" data-elementor-lightbox-slideshow=\"abfa4cb\" data-elementor-lightbox-title=\"Fattening and slaughtering cattle export09\" data-e-action-hash=\"#elementor-action%3Aaction%3Dlightbox%26settings%3DeyJpZCI6ODE2LCJ1cmwiOiJodHRwczpcL1wva21ybGl2ZXN0b2NrLmVlXC93cC1jb250ZW50XC91cGxvYWRzXC8yMDI0XC8xMVwvRmF0dGVuaW5nLWFuZC1zbGF1Z2h0ZXJpbmctY2F0dGxlLWV4cG9ydDA5LmpwZyIsInNsaWRlc2hvdyI6ImFiZmE0Y2IifQ%3D%3D\">\n\t\t\t\t\t<div class=\"e-gallery-image elementor-gallery-item__image\" data-thumbnail=\"https:\/\/kmrlivestock.ee\/wp-content\/uploads\/2024\/11\/Fattening-and-slaughtering-cattle-export09-768x432.jpg\" data-width=\"768\" data-height=\"432\" aria-label=\"\" role=\"img\" ><\/div>\n\t\t\t\t\t\t\t\t\t\t\t<div class=\"elementor-gallery-item__overlay\"><\/div>\n\t\t\t\t\t\t\t\t\t\t\t\t\t\t<\/a>\n\t\t\t\t\t\t\t<a class=\"e-gallery-item elementor-gallery-item elementor-animated-content\" href=\"https:\/\/kmrlivestock.ee\/wp-content\/uploads\/2024\/11\/Fattening-and-slaughtering-cattle-export10.jpg\" data-elementor-open-lightbox=\"yes\" data-elementor-lightbox-slideshow=\"abfa4cb\" data-elementor-lightbox-title=\"Fattening and slaughtering cattle export10\" data-e-action-hash=\"#elementor-action%3Aaction%3Dlightbox%26settings%3DeyJpZCI6ODE3LCJ1cmwiOiJodHRwczpcL1wva21ybGl2ZXN0b2NrLmVlXC93cC1jb250ZW50XC91cGxvYWRzXC8yMDI0XC8xMVwvRmF0dGVuaW5nLWFuZC1zbGF1Z2h0ZXJpbmctY2F0dGxlLWV4cG9ydDEwLmpwZyIsInNsaWRlc2hvdyI6ImFiZmE0Y2IifQ%3D%3D\">\n\t\t\t\t\t<div class=\"e-gallery-image elementor-gallery-item__image\" data-thumbnail=\"https:\/\/kmrlivestock.ee\/wp-content\/uploads\/2024\/11\/Fattening-and-slaughtering-cattle-export10-768x432.jpg\" data-width=\"768\" data-height=\"432\" aria-label=\"\" role=\"img\" ><\/div>\n\t\t\t\t\t\t\t\t\t\t\t<div class=\"elementor-gallery-item__overlay\"><\/div>\n\t\t\t\t\t\t\t\t\t\t\t\t\t\t<\/a>\n\t\t\t\t\t\t\t<a class=\"e-gallery-item elementor-gallery-item elementor-animated-content\" href=\"https:\/\/kmrlivestock.ee\/wp-content\/uploads\/2024\/11\/Fattening-and-slaughtering-cattle-export11.jpg\" data-elementor-open-lightbox=\"yes\" data-elementor-lightbox-slideshow=\"abfa4cb\" data-elementor-lightbox-title=\"Fattening and slaughtering cattle export11\" data-e-action-hash=\"#elementor-action%3Aaction%3Dlightbox%26settings%3DeyJpZCI6ODE4LCJ1cmwiOiJodHRwczpcL1wva21ybGl2ZXN0b2NrLmVlXC93cC1jb250ZW50XC91cGxvYWRzXC8yMDI0XC8xMVwvRmF0dGVuaW5nLWFuZC1zbGF1Z2h0ZXJpbmctY2F0dGxlLWV4cG9ydDExLmpwZyIsInNsaWRlc2hvdyI6ImFiZmE0Y2IifQ%3D%3D\">\n\t\t\t\t\t<div class=\"e-gallery-image elementor-gallery-item__image\" data-thumbnail=\"https:\/\/kmrlivestock.ee\/wp-content\/uploads\/2024\/11\/Fattening-and-slaughtering-cattle-export11-768x432.jpg\" data-width=\"768\" data-height=\"432\" aria-label=\"\" role=\"img\" ><\/div>\n\t\t\t\t\t\t\t\t\t\t\t<div class=\"elementor-gallery-item__overlay\"><\/div>\n\t\t\t\t\t\t\t\t\t\t\t\t\t\t<\/a>\n\t\t\t\t\t\t\t<a class=\"e-gallery-item elementor-gallery-item elementor-animated-content\" href=\"https:\/\/kmrlivestock.ee\/wp-content\/uploads\/2024\/11\/Fattening-and-slaughtering-cattle-export12.jpg\" data-elementor-open-lightbox=\"yes\" data-elementor-lightbox-slideshow=\"abfa4cb\" data-elementor-lightbox-title=\"Fattening and slaughtering cattle export12\" data-e-action-hash=\"#elementor-action%3Aaction%3Dlightbox%26settings%3DeyJpZCI6ODE5LCJ1cmwiOiJodHRwczpcL1wva21ybGl2ZXN0b2NrLmVlXC93cC1jb250ZW50XC91cGxvYWRzXC8yMDI0XC8xMVwvRmF0dGVuaW5nLWFuZC1zbGF1Z2h0ZXJpbmctY2F0dGxlLWV4cG9ydDEyLmpwZyIsInNsaWRlc2hvdyI6ImFiZmE0Y2IifQ%3D%3D\">\n\t\t\t\t\t<div class=\"e-gallery-image elementor-gallery-item__image\" data-thumbnail=\"https:\/\/kmrlivestock.ee\/wp-content\/uploads\/2024\/11\/Fattening-and-slaughtering-cattle-export12-768x432.jpg\" data-width=\"768\" data-height=\"432\" aria-label=\"\" role=\"img\" ><\/div>\n\t\t\t\t\t\t\t\t\t\t\t<div class=\"elementor-gallery-item__overlay\"><\/div>\n\t\t\t\t\t\t\t\t\t\t\t\t\t\t<\/a>\n\t\t\t\t\t<\/div>\n\t\t\t\t\t<\/div>\n\t\t\t\t<\/div>\n\t\t\t\t\t<\/div>\n\t\t\t\t<\/div>\n\t\t\t\t<\/div>","protected":false},"excerpt":{"rendered":"<p>Besi ve kesimlik s\u0131\u011f\u0131r ihracat\u0131 \u00c7e\u015fitli yerlere 20.000'in \u00fczerinde besi ve kesimlik s\u0131\u011f\u0131r ihra\u00e7 ettik. Limousin, Charolais, B. Aquitaine, Simmental, Angus ve Hereford gibi \u0131rklar\u0131n yan\u0131 s\u0131ra bunlar\u0131n melezleri de dahil olmak \u00fczere Estonya ve Letonya'dan bo\u011fa ve d\u00fcve ihracat\u0131nda uzman\u0131z. S\u0131\u011f\u0131rlar\u0131m\u0131z Polonya, T\u00fcrkiye, [...] gibi \u00fclkelere g\u00f6nderilmi\u015ftir.<\/p>","protected":false},"author":2,"featured_media":0,"parent":0,"menu_order":0,"comment_status":"closed","ping_status":"closed","template":"","meta":{"footnotes":""},"class_list":["post-72","page","type-page","status-publish","hentry"],"_links":{"self":[{"href":"https:\/\/kmrlivestock.ee\/tr\/wp-json\/wp\/v2\/pages\/72","targetHints":{"allow":["GET"]}}],"collection":[{"href":"https:\/\/kmrlivestock.ee\/tr\/wp-json\/wp\/v2\/pages"}],"about":[{"href":"https:\/\/kmrlivestock.ee\/tr\/wp-json\/wp\/v2\/types\/page"}],"author":[{"embeddable":true,"href":"https:\/\/kmrlivestock.ee\/tr\/wp-json\/wp\/v2\/users\/2"}],"replies":[{"embeddable":true,"href":"https:\/\/kmrlivestock.ee\/tr\/wp-json\/wp\/v2\/comments?post=72"}],"version-history":[{"count":43,"href":"https:\/\/kmrlivestock.ee\/tr\/wp-json\/wp\/v2\/pages\/72\/revisions"}],"predecessor-version":[{"id":1342,"href":"https:\/\/kmrlivestock.ee\/tr\/wp-json\/wp\/v2\/pages\/72\/revisions\/1342"}],"wp:attachment":[{"href":"https:\/\/kmrlivestock.ee\/tr\/wp-json\/wp\/v2\/media?parent=72"}],"curies":[{"name":"wp","href":"https:\/\/api.w.org\/{rel}","templated":true}]}}