{"id":76,"date":"2024-10-25T12:06:26","date_gmt":"2024-10-25T12:06:26","guid":{"rendered":"https:\/\/kmrlivestock.ee\/?page_id=76"},"modified":"2024-11-01T08:38:20","modified_gmt":"2024-11-01T08:38:20","slug":"limousin-cattle-breeding","status":"publish","type":"page","link":"https:\/\/kmrlivestock.ee\/tr\/limousin-cattle-breeding\/","title":{"rendered":"Limuzin S\u0131\u011f\u0131r Yeti\u015ftiricili\u011fi"},"content":{"rendered":"<div data-elementor-type=\"wp-page\" data-elementor-id=\"76\" class=\"elementor elementor-76\" data-elementor-post-type=\"page\">\n\t\t\t\t<div class=\"elementor-element elementor-element-c2a0f79 e-con-full e-flex e-con e-parent\" data-id=\"c2a0f79\" data-element_type=\"container\">\n\t\t<div class=\"elementor-element elementor-element-b9e2616 e-flex e-con-boxed e-con e-child\" data-id=\"b9e2616\" data-element_type=\"container\" data-settings=\"{&quot;background_background&quot;:&quot;classic&quot;}\">\n\t\t\t\t\t<div class=\"e-con-inner\">\n\t\t<div class=\"elementor-element elementor-element-2de4f8a e-con-full e-flex e-con e-child\" data-id=\"2de4f8a\" data-element_type=\"container\">\n\t\t\t\t<div class=\"elementor-element elementor-element-e6f640e elementor-widget__width-initial elementor-widget elementor-widget-heading\" data-id=\"e6f640e\" data-element_type=\"widget\" data-widget_type=\"heading.default\">\n\t\t\t\t<div class=\"elementor-widget-container\">\n\t\t\t\t\t<h2 class=\"elementor-heading-title elementor-size-default\">Limuzin S\u0131\u011f\u0131r Yeti\u015ftiricili\u011fi<\/h2>\t\t\t\t<\/div>\n\t\t\t\t<\/div>\n\t\t\t\t<\/div>\n\t\t\t\t\t<\/div>\n\t\t\t\t<\/div>\n\t\t\t\t<\/div>\n\t\t<div class=\"elementor-element elementor-element-1285d77 e-flex e-con-boxed e-con e-parent\" data-id=\"1285d77\" data-element_type=\"container\">\n\t\t\t\t\t<div class=\"e-con-inner\">\n\t\t\t\t<div class=\"elementor-element elementor-element-fa23e94 elementor-widget elementor-widget-text-editor\" data-id=\"fa23e94\" data-element_type=\"widget\" data-widget_type=\"text-editor.default\">\n\t\t\t\t<div class=\"elementor-widget-container\">\n\t\t\t\t\t\t\t\t\t<p>Nisan 2013'te KMR Livestock, Fransa'dan tamamen pedigrili Limousin a\u00e7\u0131k ve gebe d\u00fcveleri ithal etti. S\u00fcr\u00fcm\u00fczde \u015fu anda 100'den fazla s\u00fct ine\u011fi ve onlar\u0131n yavrular\u0131 bulunmaktad\u0131r. Yerel pazara ve uluslararas\u0131 al\u0131c\u0131lara kendi s\u00fcr\u00fcm\u00fczden y\u00fcksek genetik Limousin d\u00fcveleri ve Frans\u0131z k\u00f6kenli bo\u011falar sunmaktan memnuniyet duyuyoruz.<\/p><p>D\u00fcnyaca \u00dcnl\u00fc Frans\u0131z S\u0131\u011f\u0131r Irk\u0131: Limuzin<\/p><p>Limuzin s\u0131\u011f\u0131rlar\u0131, Fransa'n\u0131n Limuzin ve Marche b\u00f6lgelerinden k\u00f6ken alan ve Frans\u0131zca'da \"Limousine\" olarak bilinen y\u00fcksek kasl\u0131 bir s\u0131\u011f\u0131r \u0131rk\u0131d\u0131r. \u00d6nemli \u00f6l\u00e7\u00fcde ihracat\u0131 1960'larda ba\u015flam\u0131\u015ft\u0131r ve bug\u00fcn Limuzin s\u0131\u011f\u0131rlar\u0131 d\u00fcnya \u00e7ap\u0131nda 70'ten fazla \u00fclkede bulunmaktad\u0131r. Geleneksel olarak boynuzlu olan Limuzinler, a\u00e7\u0131k bu\u011fday renginden koyu alt\u0131n k\u0131rm\u0131z\u0131s\u0131na kadar kendine \u00f6zg\u00fc bir renk yelpazesi sergiler. Son y\u0131llarda uluslararas\u0131 yeti\u015ftiriciler boynuzsuz (polled) ve siyah Limuzinleri de geli\u015ftirmi\u015ftir.<\/p><p>DNA analizi, Limuzinlerin muhtemelen Yak\u0131n Do\u011fu'da evcille\u015ftirilen bir yaban \u00f6k\u00fcz\u00fc alt t\u00fcr\u00fcnden evrimle\u015fti\u011fini g\u00f6stermektedir. Tarihsel olarak taslak hayvan olarak kullan\u0131lan Limuzinlerin y\u00fcksek kaliteli et \u00fcreticisi olma potansiyelleri yakla\u015f\u0131k 200 y\u0131l \u00f6nce ortaya \u00e7\u0131km\u0131\u015ft\u0131r. 1886 y\u0131l\u0131nda Fransa, \u0131rk\u0131n safl\u0131\u011f\u0131n\u0131 korumak ve geli\u015ftirmek i\u00e7in ilk Limuzin s\u00fcr\u00fc defterini olu\u015fturdu ve yaln\u0131zca kat\u0131 \u0131rk standartlar\u0131n\u0131 kar\u015f\u0131layan hayvanlar\u0131 belgeledi.<\/p><p>Limuzinler, d\u00fc\u015f\u00fck do\u011fum a\u011f\u0131rl\u0131klar\u0131 (buza\u011f\u0131lama kolayl\u0131\u011f\u0131 sa\u011flar), y\u00fcksek sarg\u0131 y\u00fczdesi (karkas-canl\u0131 a\u011f\u0131rl\u0131k oran\u0131) ve verimin (et-karkas oran\u0131) yan\u0131 s\u0131ra m\u00fckemmel yem d\u00f6n\u00fc\u015f\u00fcm verimlili\u011fi ve ya\u011fs\u0131z, yumu\u015fak etleri ile d\u00fcnya \u00e7ap\u0131nda pop\u00fclerdir. \u00c7ok \u0131rkl\u0131 b\u00fcy\u00fck bir \u00e7al\u0131\u015fma, Limuzinlerin yemi sat\u0131labilir ete bir\u00e7ok \u0130ngiliz ve k\u0131ta Avrupas\u0131 \u0131rk\u0131ndan daha h\u0131zl\u0131 ve verimli bir \u015fekilde d\u00f6n\u00fc\u015ft\u00fcrd\u00fc\u011f\u00fcn\u00fc ve daha az yan \u00fcr\u00fcn ve at\u0131k \u00fcretti\u011fini ortaya koymu\u015ftur.<\/p><p>Limuzinler \u00f6zellikle Angus, Hereford ve Shorthorn gibi \u0131rklarla melezleme i\u00e7in tercih edilirler, burada melez canl\u0131l\u0131\u011f\u0131na katk\u0131da bulunurlar ve verim ile yem verimlili\u011fini art\u0131r\u0131rlar. Bu melezleme, \u0130ngiliz \u0131rklar\u0131na \u00f6zg\u00fc y\u00fcksek ya\u011f ve mermerle\u015fme ile Limuzin'in daha ya\u011fs\u0131z et ve verimlili\u011fini dengeler.<\/p><p>Limuzin s\u00fcr\u00fcn\u00fcz\u00fcn ihtiya\u00e7lar\u0131n\u0131 pedigrili bo\u011fa ve d\u00fcve se\u00e7eneklerimizle desteklemekten memnuniyet duyar\u0131z.<\/p>\t\t\t\t\t\t\t\t<\/div>\n\t\t\t\t<\/div>\n\t\t\t\t\t<\/div>\n\t\t\t\t<\/div>\n\t\t<div class=\"elementor-element elementor-element-b018d8b e-flex e-con-boxed e-con e-parent\" data-id=\"b018d8b\" data-element_type=\"container\">\n\t\t\t\t\t<div class=\"e-con-inner\">\n\t\t\t\t<div class=\"elementor-element elementor-element-973cd46 elementor-widget elementor-widget-heading\" data-id=\"973cd46\" data-element_type=\"widget\" data-widget_type=\"heading.default\">\n\t\t\t\t<div class=\"elementor-widget-container\">\n\t\t\t\t\t<h2 class=\"elementor-heading-title elementor-size-default\">Galeri<\/h2>\t\t\t\t<\/div>\n\t\t\t\t<\/div>\n\t\t\t\t<div class=\"elementor-element elementor-element-662fc68 elementor-widget elementor-widget-gallery\" data-id=\"662fc68\" data-element_type=\"widget\" data-settings=\"{&quot;aspect_ratio&quot;:&quot;4:3&quot;,&quot;lazyload&quot;:&quot;yes&quot;,&quot;gallery_layout&quot;:&quot;grid&quot;,&quot;columns&quot;:4,&quot;columns_tablet&quot;:2,&quot;columns_mobile&quot;:1,&quot;gap&quot;:{&quot;unit&quot;:&quot;px&quot;,&quot;size&quot;:10,&quot;sizes&quot;:[]},&quot;gap_tablet&quot;:{&quot;unit&quot;:&quot;px&quot;,&quot;size&quot;:10,&quot;sizes&quot;:[]},&quot;gap_mobile&quot;:{&quot;unit&quot;:&quot;px&quot;,&quot;size&quot;:10,&quot;sizes&quot;:[]},&quot;link_to&quot;:&quot;file&quot;,&quot;overlay_background&quot;:&quot;yes&quot;,&quot;content_hover_animation&quot;:&quot;fade-in&quot;}\" data-widget_type=\"gallery.default\">\n\t\t\t\t<div class=\"elementor-widget-container\">\n\t\t\t\t\t\t\t<div class=\"elementor-gallery__container\">\n\t\t\t\t\t\t\t<a class=\"e-gallery-item elementor-gallery-item elementor-animated-content\" href=\"https:\/\/kmrlivestock.ee\/wp-content\/uploads\/2024\/11\/Limousin-Cattle-Breeding7.jpg\" data-elementor-open-lightbox=\"yes\" data-elementor-lightbox-slideshow=\"662fc68\" data-elementor-lightbox-title=\"Limousin Cattle Breeding7\" data-e-action-hash=\"#elementor-action%3Aaction%3Dlightbox%26settings%3DeyJpZCI6Nzc0LCJ1cmwiOiJodHRwczpcL1wva21ybGl2ZXN0b2NrLmVlXC93cC1jb250ZW50XC91cGxvYWRzXC8yMDI0XC8xMVwvTGltb3VzaW4tQ2F0dGxlLUJyZWVkaW5nNy5qcGciLCJzbGlkZXNob3ciOiI2NjJmYzY4In0%3D\">\n\t\t\t\t\t<div class=\"e-gallery-image elementor-gallery-item__image\" data-thumbnail=\"https:\/\/kmrlivestock.ee\/wp-content\/uploads\/2024\/11\/Limousin-Cattle-Breeding7.jpg\" data-width=\"640\" data-height=\"480\" aria-label=\"\" role=\"img\" ><\/div>\n\t\t\t\t\t\t\t\t\t\t\t<div class=\"elementor-gallery-item__overlay\"><\/div>\n\t\t\t\t\t\t\t\t\t\t\t\t\t\t<\/a>\n\t\t\t\t\t\t\t<a class=\"e-gallery-item elementor-gallery-item elementor-animated-content\" href=\"https:\/\/kmrlivestock.ee\/wp-content\/uploads\/2024\/11\/Limousin-Cattle-Breeding6.jpg\" data-elementor-open-lightbox=\"yes\" data-elementor-lightbox-slideshow=\"662fc68\" data-elementor-lightbox-title=\"Limousin Cattle Breeding6\" data-e-action-hash=\"#elementor-action%3Aaction%3Dlightbox%26settings%3DeyJpZCI6NzczLCJ1cmwiOiJodHRwczpcL1wva21ybGl2ZXN0b2NrLmVlXC93cC1jb250ZW50XC91cGxvYWRzXC8yMDI0XC8xMVwvTGltb3VzaW4tQ2F0dGxlLUJyZWVkaW5nNi5qcGciLCJzbGlkZXNob3ciOiI2NjJmYzY4In0%3D\">\n\t\t\t\t\t<div class=\"e-gallery-image elementor-gallery-item__image\" data-thumbnail=\"https:\/\/kmrlivestock.ee\/wp-content\/uploads\/2024\/11\/Limousin-Cattle-Breeding6-768x576.jpg\" data-width=\"768\" data-height=\"576\" aria-label=\"\" role=\"img\" ><\/div>\n\t\t\t\t\t\t\t\t\t\t\t<div class=\"elementor-gallery-item__overlay\"><\/div>\n\t\t\t\t\t\t\t\t\t\t\t\t\t\t<\/a>\n\t\t\t\t\t\t\t<a class=\"e-gallery-item elementor-gallery-item elementor-animated-content\" href=\"https:\/\/kmrlivestock.ee\/wp-content\/uploads\/2024\/11\/Limousin-Cattle-Breeding5.jpg\" data-elementor-open-lightbox=\"yes\" data-elementor-lightbox-slideshow=\"662fc68\" data-elementor-lightbox-title=\"Limousin Cattle Breeding5\" data-e-action-hash=\"#elementor-action%3Aaction%3Dlightbox%26settings%3DeyJpZCI6NzcyLCJ1cmwiOiJodHRwczpcL1wva21ybGl2ZXN0b2NrLmVlXC93cC1jb250ZW50XC91cGxvYWRzXC8yMDI0XC8xMVwvTGltb3VzaW4tQ2F0dGxlLUJyZWVkaW5nNS5qcGciLCJzbGlkZXNob3ciOiI2NjJmYzY4In0%3D\">\n\t\t\t\t\t<div class=\"e-gallery-image elementor-gallery-item__image\" data-thumbnail=\"https:\/\/kmrlivestock.ee\/wp-content\/uploads\/2024\/11\/Limousin-Cattle-Breeding5-768x576.jpg\" data-width=\"768\" data-height=\"576\" aria-label=\"\" role=\"img\" ><\/div>\n\t\t\t\t\t\t\t\t\t\t\t<div class=\"elementor-gallery-item__overlay\"><\/div>\n\t\t\t\t\t\t\t\t\t\t\t\t\t\t<\/a>\n\t\t\t\t\t\t\t<a class=\"e-gallery-item elementor-gallery-item elementor-animated-content\" href=\"https:\/\/kmrlivestock.ee\/wp-content\/uploads\/2024\/11\/Limousin-Cattle-Breeding4.jpg\" data-elementor-open-lightbox=\"yes\" data-elementor-lightbox-slideshow=\"662fc68\" data-elementor-lightbox-title=\"Limousin Cattle Breeding4\" data-e-action-hash=\"#elementor-action%3Aaction%3Dlightbox%26settings%3DeyJpZCI6NzcxLCJ1cmwiOiJodHRwczpcL1wva21ybGl2ZXN0b2NrLmVlXC93cC1jb250ZW50XC91cGxvYWRzXC8yMDI0XC8xMVwvTGltb3VzaW4tQ2F0dGxlLUJyZWVkaW5nNC5qcGciLCJzbGlkZXNob3ciOiI2NjJmYzY4In0%3D\">\n\t\t\t\t\t<div class=\"e-gallery-image elementor-gallery-item__image\" data-thumbnail=\"https:\/\/kmrlivestock.ee\/wp-content\/uploads\/2024\/11\/Limousin-Cattle-Breeding4-768x576.jpg\" data-width=\"768\" data-height=\"576\" aria-label=\"\" role=\"img\" ><\/div>\n\t\t\t\t\t\t\t\t\t\t\t<div class=\"elementor-gallery-item__overlay\"><\/div>\n\t\t\t\t\t\t\t\t\t\t\t\t\t\t<\/a>\n\t\t\t\t\t\t\t<a class=\"e-gallery-item elementor-gallery-item elementor-animated-content\" href=\"https:\/\/kmrlivestock.ee\/wp-content\/uploads\/2024\/11\/Limousin-Cattle-Breeding3.jpg\" data-elementor-open-lightbox=\"yes\" data-elementor-lightbox-slideshow=\"662fc68\" data-elementor-lightbox-title=\"Limousin Cattle Breeding3\" data-e-action-hash=\"#elementor-action%3Aaction%3Dlightbox%26settings%3DeyJpZCI6NzcwLCJ1cmwiOiJodHRwczpcL1wva21ybGl2ZXN0b2NrLmVlXC93cC1jb250ZW50XC91cGxvYWRzXC8yMDI0XC8xMVwvTGltb3VzaW4tQ2F0dGxlLUJyZWVkaW5nMy5qcGciLCJzbGlkZXNob3ciOiI2NjJmYzY4In0%3D\">\n\t\t\t\t\t<div class=\"e-gallery-image elementor-gallery-item__image\" data-thumbnail=\"https:\/\/kmrlivestock.ee\/wp-content\/uploads\/2024\/11\/Limousin-Cattle-Breeding3-768x577.jpg\" data-width=\"768\" data-height=\"577\" aria-label=\"\" role=\"img\" ><\/div>\n\t\t\t\t\t\t\t\t\t\t\t<div class=\"elementor-gallery-item__overlay\"><\/div>\n\t\t\t\t\t\t\t\t\t\t\t\t\t\t<\/a>\n\t\t\t\t\t\t\t<a class=\"e-gallery-item elementor-gallery-item elementor-animated-content\" href=\"https:\/\/kmrlivestock.ee\/wp-content\/uploads\/2024\/11\/Limousin-Cattle-Breeding2.jpg\" data-elementor-open-lightbox=\"yes\" data-elementor-lightbox-slideshow=\"662fc68\" data-elementor-lightbox-title=\"Limousin Cattle Breeding2\" data-e-action-hash=\"#elementor-action%3Aaction%3Dlightbox%26settings%3DeyJpZCI6NzY5LCJ1cmwiOiJodHRwczpcL1wva21ybGl2ZXN0b2NrLmVlXC93cC1jb250ZW50XC91cGxvYWRzXC8yMDI0XC8xMVwvTGltb3VzaW4tQ2F0dGxlLUJyZWVkaW5nMi5qcGciLCJzbGlkZXNob3ciOiI2NjJmYzY4In0%3D\">\n\t\t\t\t\t<div class=\"e-gallery-image elementor-gallery-item__image\" data-thumbnail=\"https:\/\/kmrlivestock.ee\/wp-content\/uploads\/2024\/11\/Limousin-Cattle-Breeding2-768x576.jpg\" data-width=\"768\" data-height=\"576\" aria-label=\"\" role=\"img\" ><\/div>\n\t\t\t\t\t\t\t\t\t\t\t<div class=\"elementor-gallery-item__overlay\"><\/div>\n\t\t\t\t\t\t\t\t\t\t\t\t\t\t<\/a>\n\t\t\t\t\t\t\t<a class=\"e-gallery-item elementor-gallery-item elementor-animated-content\" href=\"https:\/\/kmrlivestock.ee\/wp-content\/uploads\/2024\/11\/Limousin-Cattle-Breeding1-1.jpg\" data-elementor-open-lightbox=\"yes\" data-elementor-lightbox-slideshow=\"662fc68\" data-elementor-lightbox-title=\"Limousin Cattle Breeding1 (1)\" data-e-action-hash=\"#elementor-action%3Aaction%3Dlightbox%26settings%3DeyJpZCI6NzY3LCJ1cmwiOiJodHRwczpcL1wva21ybGl2ZXN0b2NrLmVlXC93cC1jb250ZW50XC91cGxvYWRzXC8yMDI0XC8xMVwvTGltb3VzaW4tQ2F0dGxlLUJyZWVkaW5nMS0xLmpwZyIsInNsaWRlc2hvdyI6IjY2MmZjNjgifQ%3D%3D\">\n\t\t\t\t\t<div class=\"e-gallery-image elementor-gallery-item__image\" data-thumbnail=\"https:\/\/kmrlivestock.ee\/wp-content\/uploads\/2024\/11\/Limousin-Cattle-Breeding1-1-768x433.jpg\" data-width=\"768\" data-height=\"433\" aria-label=\"\" role=\"img\" ><\/div>\n\t\t\t\t\t\t\t\t\t\t\t<div class=\"elementor-gallery-item__overlay\"><\/div>\n\t\t\t\t\t\t\t\t\t\t\t\t\t\t<\/a>\n\t\t\t\t\t\t\t<a class=\"e-gallery-item elementor-gallery-item elementor-animated-content\" href=\"https:\/\/kmrlivestock.ee\/wp-content\/uploads\/2024\/11\/Limousin-Cattle-Breeding8.jpg\" data-elementor-open-lightbox=\"yes\" data-elementor-lightbox-slideshow=\"662fc68\" data-elementor-lightbox-title=\"Limousin Cattle Breeding8\" data-e-action-hash=\"#elementor-action%3Aaction%3Dlightbox%26settings%3DeyJpZCI6NzY2LCJ1cmwiOiJodHRwczpcL1wva21ybGl2ZXN0b2NrLmVlXC93cC1jb250ZW50XC91cGxvYWRzXC8yMDI0XC8xMVwvTGltb3VzaW4tQ2F0dGxlLUJyZWVkaW5nOC5qcGciLCJzbGlkZXNob3ciOiI2NjJmYzY4In0%3D\">\n\t\t\t\t\t<div class=\"e-gallery-image elementor-gallery-item__image\" data-thumbnail=\"https:\/\/kmrlivestock.ee\/wp-content\/uploads\/2024\/11\/Limousin-Cattle-Breeding8-768x533.jpg\" data-width=\"768\" data-height=\"533\" aria-label=\"\" role=\"img\" ><\/div>\n\t\t\t\t\t\t\t\t\t\t\t<div class=\"elementor-gallery-item__overlay\"><\/div>\n\t\t\t\t\t\t\t\t\t\t\t\t\t\t<\/a>\n\t\t\t\t\t<\/div>\n\t\t\t\t\t<\/div>\n\t\t\t\t<\/div>\n\t\t\t\t\t<\/div>\n\t\t\t\t<\/div>\n\t\t\t\t<\/div>","protected":false},"excerpt":{"rendered":"<p>Limousin Cattle Breeding In April 2013, KMR Livestock imported fully pedigreed Limousin open and pregnant heifers from France. Our herd now includes over 100 suckler cows and their offspring. We are pleased to offer high-genetic Limousin heifers and bulls of French origin from our own herd to the local market and international buyers. World-Famous French [&hellip;]<\/p>","protected":false},"author":2,"featured_media":0,"parent":0,"menu_order":0,"comment_status":"closed","ping_status":"closed","template":"","meta":{"footnotes":""},"class_list":["post-76","page","type-page","status-publish","hentry"],"_links":{"self":[{"href":"https:\/\/kmrlivestock.ee\/tr\/wp-json\/wp\/v2\/pages\/76","targetHints":{"allow":["GET"]}}],"collection":[{"href":"https:\/\/kmrlivestock.ee\/tr\/wp-json\/wp\/v2\/pages"}],"about":[{"href":"https:\/\/kmrlivestock.ee\/tr\/wp-json\/wp\/v2\/types\/page"}],"author":[{"embeddable":true,"href":"https:\/\/kmrlivestock.ee\/tr\/wp-json\/wp\/v2\/users\/2"}],"replies":[{"embeddable":true,"href":"https:\/\/kmrlivestock.ee\/tr\/wp-json\/wp\/v2\/comments?post=76"}],"version-history":[{"count":4,"href":"https:\/\/kmrlivestock.ee\/tr\/wp-json\/wp\/v2\/pages\/76\/revisions"}],"predecessor-version":[{"id":782,"href":"https:\/\/kmrlivestock.ee\/tr\/wp-json\/wp\/v2\/pages\/76\/revisions\/782"}],"wp:attachment":[{"href":"https:\/\/kmrlivestock.ee\/tr\/wp-json\/wp\/v2\/media?parent=76"}],"curies":[{"name":"wp","href":"https:\/\/api.w.org\/{rel}","templated":true}]}}