{"id":80,"date":"2024-10-25T12:06:49","date_gmt":"2024-10-25T12:06:49","guid":{"rendered":"https:\/\/kmrlivestock.ee\/?page_id=80"},"modified":"2024-11-11T10:36:18","modified_gmt":"2024-11-11T10:36:18","slug":"identification","status":"publish","type":"page","link":"https:\/\/kmrlivestock.ee\/tr\/identification\/","title":{"rendered":"Tan\u0131mlama"},"content":{"rendered":"<div data-elementor-type=\"wp-page\" data-elementor-id=\"80\" class=\"elementor elementor-80\" data-elementor-post-type=\"page\">\n\t\t\t\t<div class=\"elementor-element elementor-element-8e36045 e-con-full e-flex e-con e-parent\" data-id=\"8e36045\" data-element_type=\"container\">\n\t\t<div class=\"elementor-element elementor-element-d6bca94 e-flex e-con-boxed e-con e-child\" data-id=\"d6bca94\" data-element_type=\"container\" data-settings=\"{&quot;background_background&quot;:&quot;classic&quot;}\">\n\t\t\t\t\t<div class=\"e-con-inner\">\n\t\t<div class=\"elementor-element elementor-element-30fb46d e-con-full e-flex e-con e-child\" data-id=\"30fb46d\" data-element_type=\"container\">\n\t\t\t\t<div class=\"elementor-element elementor-element-7f463d3 elementor-widget__width-initial elementor-widget elementor-widget-heading\" data-id=\"7f463d3\" data-element_type=\"widget\" data-widget_type=\"heading.default\">\n\t\t\t\t<div class=\"elementor-widget-container\">\n\t\t\t\t\t<h2 class=\"elementor-heading-title elementor-size-default\">Hayvan Tan\u0131mlama<\/h2>\t\t\t\t<\/div>\n\t\t\t\t<\/div>\n\t\t\t\t<\/div>\n\t\t\t\t\t<\/div>\n\t\t\t\t<\/div>\n\t\t\t\t<\/div>\n\t\t<div class=\"elementor-element elementor-element-c31612b e-flex e-con-boxed e-con e-parent\" data-id=\"c31612b\" data-element_type=\"container\">\n\t\t\t\t\t<div class=\"e-con-inner\">\n\t\t\t\t<div class=\"elementor-element elementor-element-ef1a599 elementor-widget elementor-widget-text-editor\" data-id=\"ef1a599\" data-element_type=\"widget\" data-widget_type=\"text-editor.default\">\n\t\t\t\t<div class=\"elementor-widget-container\">\n\t\t\t\t\t\t\t\t\t<p>Ankara'da kurulmu\u015f olan i\u015ftirakimiz Kumrular G\u0131da Ltd, T\u00fcrkiye ve di\u011fer \u00e7e\u015fitli \u00fclkelere hizmet veren Canl\u0131 Hayvan Tan\u0131mlama sekt\u00f6r\u00fcnde liderdir.<\/p><p>Kumrular, 2003 y\u0131l\u0131ndan bu yana b\u00fcy\u00fckba\u015f ve k\u00fc\u00e7\u00fckba\u015f hayvanlar i\u00e7in kendi \"Kumflex\" marka plastik kulak k\u00fcpelerini \u00fcretmektedir. Devam eden yat\u0131r\u0131mlar sayesinde, 2005 y\u0131l\u0131nda 600 m\u00b2 kapal\u0131 alana sahip \u00f6zel bir fabrikaya geni\u015flemi\u015ftir.<\/p><p>Kumrular, T\u00fcrkiye'deki bir konsorsiyumla ortak olarak Koyun ve Ke\u00e7i Tan\u0131mlama i\u00e7in AB taraf\u0131ndan finanse edilen bir projeyi ba\u015far\u0131yla tamamlad\u0131.<\/p><p>KMR Livestock Europe, Kumflex kulak k\u00fcpelerinin Avrupa \u00e7ap\u0131nda s\u0131\u011f\u0131r ve koyunlar i\u00e7in ihracat kolu olarak hizmet vermektedir.<\/p><p>\u00a0<\/p><p>KUMFLEX SI\u011eIR ETIKETI<\/p><p>Kumflex Superflexa S\u0131\u011f\u0131r ve Kumflex Superflexa Koyun Kulak K\u00fcpeleri, dayan\u0131kl\u0131l\u0131k ve g\u00f6rsel netlik i\u00e7in ileri teknoloji ve y\u00fcksek kaliteli malzemeler kullanarak Avrupa standartlar\u0131n\u0131 kar\u015f\u0131lar. Kumflex kulak k\u00fcpeleri T\u00fcrk Standartlar\u0131 (TSE 7808) taraf\u0131ndan onaylanm\u0131\u015ft\u0131r ve s\u0131\u011f\u0131r ve koyun kulak k\u00fcpeleri i\u00e7in Kumflex\u00ae tescilli markas\u0131n\u0131 ta\u015f\u0131maktad\u0131r.<\/p><p>Kumflex Superflexa S\u0131\u011f\u0131r Kulak K\u00fcpelerinin \u00d6zellikleri:<br \/>- Erkek etiketler i\u00e7in metal pim<br \/>- 4-monoblok erkek etiketler<br \/>- 10 \u00fcr\u00fcnden olu\u015fan paket<br \/>- Kolay uygulama<br \/>- Uygulama sonras\u0131 kendi ekseni etraf\u0131nda d\u00f6nebilme \u00f6zelli\u011fi<br \/>- K\u0131r\u0131lmaya ve kurcalanmaya kar\u015f\u0131 dayan\u0131kl\u0131<br \/>- Y\u00fcksek kaliteli TPU, lazer ve UV \u0131\u015f\u0131nlar\u0131na dayan\u0131kl\u0131, antibakteriyel katk\u0131l\u0131<br \/>- Hayvan sa\u011fl\u0131\u011f\u0131 i\u00e7in toksik de\u011fildir<br \/>- Belirgin limon sar\u0131s\u0131 renk<br \/>- Esnek, dayan\u0131kl\u0131, deformasyona kar\u015f\u0131 diren\u00e7li<br \/>- Hayvan\u0131n ya\u015fam\u0131 boyunca ayr\u0131lmama garantisi<br \/>- TS 7808 Standard\u0131 ile Uyumlu<\/p><p>\u00a0<\/p><p>KUMFLEX KOYUN &amp; KE\u00c7I\u0307 K\u00dcNYESI\u0307<\/p><p>Kumflex Superflexa Koyun ve Ke\u00e7i Kulak K\u00fcpeleri de Avrupa standartlar\u0131na uygundur, dayan\u0131kl\u0131l\u0131k ve kolay g\u00f6r\u00fcn\u00fcrl\u00fck sa\u011flamak i\u00e7in birinci s\u0131n\u0131f malzemelerden yap\u0131lm\u0131\u015ft\u0131r. Kumflex koyun kulak k\u00fcpeleri TSE 7808 taraf\u0131ndan onaylanm\u0131\u015ft\u0131r ve Kumflex\u00ae Tescilli Ticari Markas\u0131na sahiptir.<\/p><p>Kumflex Superflexa Koyun Kulak K\u00fcpelerinin \u00d6zellikleri:<br \/>- Erkek etiketler i\u00e7in metal pim<br \/>- 4-monoblok erkek ve 4-monoblok di\u015fi etiketler<br \/>- 50 \u00fcr\u00fcnl\u00fck paket<br \/>- Kolay uygulama<br \/>- Uygulama sonras\u0131 kendi ekseni etraf\u0131nda d\u00f6nebilme \u00f6zelli\u011fi<br \/>- K\u0131r\u0131lmaya ve kurcalanmaya kar\u015f\u0131 dayan\u0131kl\u0131<br \/>- Y\u00fcksek kaliteli TPU, lazer ve UV \u0131\u015f\u0131nlar\u0131na dayan\u0131kl\u0131, antibakteriyel katk\u0131l\u0131<br \/>- Hayvan sa\u011fl\u0131\u011f\u0131 i\u00e7in toksik de\u011fildir<br \/>- Otantik limon sar\u0131s\u0131 renk<br \/>- Esnek, dayan\u0131kl\u0131, deformasyona kar\u015f\u0131 diren\u00e7li<br \/>- Hayvan\u0131n ya\u015fam\u0131 boyunca ayr\u0131lmama garantisi<br \/>- TS 7808 Standard\u0131 ile Uyumlu<\/p>\t\t\t\t\t\t\t\t<\/div>\n\t\t\t\t<\/div>\n\t\t<div class=\"elementor-element elementor-element-8ae2217 e-con-full e-flex e-con e-child\" data-id=\"8ae2217\" data-element_type=\"container\">\n\t\t\t\t<div class=\"elementor-element elementor-element-1abebe3 elementor-widget elementor-widget-heading\" data-id=\"1abebe3\" data-element_type=\"widget\" data-widget_type=\"heading.default\">\n\t\t\t\t<div class=\"elementor-widget-container\">\n\t\t\t\t\t<h2 class=\"elementor-heading-title elementor-size-default\">Galeri<\/h2>\t\t\t\t<\/div>\n\t\t\t\t<\/div>\n\t\t\t\t<\/div>\n\t\t\t\t\t<\/div>\n\t\t\t\t<\/div>\n\t\t<div class=\"elementor-element elementor-element-0f5d4a6 e-flex e-con-boxed e-con e-parent\" data-id=\"0f5d4a6\" data-element_type=\"container\">\n\t\t\t\t\t<div class=\"e-con-inner\">\n\t\t\t\t<div class=\"elementor-element elementor-element-9715769 elementor-widget elementor-widget-gallery\" data-id=\"9715769\" data-element_type=\"widget\" data-settings=\"{&quot;aspect_ratio&quot;:&quot;4:3&quot;,&quot;lazyload&quot;:&quot;yes&quot;,&quot;gallery_layout&quot;:&quot;grid&quot;,&quot;columns&quot;:4,&quot;columns_tablet&quot;:2,&quot;columns_mobile&quot;:1,&quot;gap&quot;:{&quot;unit&quot;:&quot;px&quot;,&quot;size&quot;:10,&quot;sizes&quot;:[]},&quot;gap_tablet&quot;:{&quot;unit&quot;:&quot;px&quot;,&quot;size&quot;:10,&quot;sizes&quot;:[]},&quot;gap_mobile&quot;:{&quot;unit&quot;:&quot;px&quot;,&quot;size&quot;:10,&quot;sizes&quot;:[]},&quot;link_to&quot;:&quot;file&quot;,&quot;overlay_background&quot;:&quot;yes&quot;,&quot;content_hover_animation&quot;:&quot;fade-in&quot;}\" data-widget_type=\"gallery.default\">\n\t\t\t\t<div class=\"elementor-widget-container\">\n\t\t\t\t\t\t\t<div class=\"elementor-gallery__container\">\n\t\t\t\t\t\t\t<a class=\"e-gallery-item elementor-gallery-item elementor-animated-content\" href=\"https:\/\/kmrlivestock.ee\/wp-content\/uploads\/2024\/10\/Animal-Identification2.jpg\" data-elementor-open-lightbox=\"yes\" data-elementor-lightbox-slideshow=\"9715769\" data-elementor-lightbox-title=\"Animal Identification2\" data-e-action-hash=\"#elementor-action%3Aaction%3Dlightbox%26settings%3DeyJpZCI6NTYxLCJ1cmwiOiJodHRwczpcL1wva21ybGl2ZXN0b2NrLmVlXC93cC1jb250ZW50XC91cGxvYWRzXC8yMDI0XC8xMFwvQW5pbWFsLUlkZW50aWZpY2F0aW9uMi5qcGciLCJzbGlkZXNob3ciOiI5NzE1NzY5In0%3D\">\n\t\t\t\t\t<div class=\"e-gallery-image elementor-gallery-item__image\" data-thumbnail=\"https:\/\/kmrlivestock.ee\/wp-content\/uploads\/2024\/10\/Animal-Identification2.jpg\" data-width=\"617\" data-height=\"578\" aria-label=\"\" role=\"img\" ><\/div>\n\t\t\t\t\t\t\t\t\t\t\t<div class=\"elementor-gallery-item__overlay\"><\/div>\n\t\t\t\t\t\t\t\t\t\t\t\t\t\t<\/a>\n\t\t\t\t\t<\/div>\n\t\t\t\t\t<\/div>\n\t\t\t\t<\/div>\n\t\t\t\t\t<\/div>\n\t\t\t\t<\/div>\n\t\t\t\t<\/div>","protected":false},"excerpt":{"rendered":"<p>Hayvan Tan\u0131mlama Ankara, T\u00fcrkiye'de kurulmu\u015f olan i\u015ftirakimiz Kumrular G\u0131da Ltd, T\u00fcrkiye ve di\u011fer \u00e7e\u015fitli \u00fclkelere hizmet veren Canl\u0131 Hayvan Tan\u0131mlama sekt\u00f6r\u00fcnde liderdir. Kumrular 2003 y\u0131l\u0131ndan bu yana b\u00fcy\u00fckba\u015f ve k\u00fc\u00e7\u00fckba\u015f hayvanlar i\u00e7in kendi \"Kumflex\" marka plastik kulak k\u00fcpelerini \u00fcretmektedir. Devam eden yat\u0131r\u0131mlar sayesinde, 600 m\u00b2'lik \u00f6zel bir fabrikaya [...]<\/p>","protected":false},"author":2,"featured_media":0,"parent":0,"menu_order":0,"comment_status":"closed","ping_status":"closed","template":"","meta":{"footnotes":""},"class_list":["post-80","page","type-page","status-publish","hentry"],"_links":{"self":[{"href":"https:\/\/kmrlivestock.ee\/tr\/wp-json\/wp\/v2\/pages\/80","targetHints":{"allow":["GET"]}}],"collection":[{"href":"https:\/\/kmrlivestock.ee\/tr\/wp-json\/wp\/v2\/pages"}],"about":[{"href":"https:\/\/kmrlivestock.ee\/tr\/wp-json\/wp\/v2\/types\/page"}],"author":[{"embeddable":true,"href":"https:\/\/kmrlivestock.ee\/tr\/wp-json\/wp\/v2\/users\/2"}],"replies":[{"embeddable":true,"href":"https:\/\/kmrlivestock.ee\/tr\/wp-json\/wp\/v2\/comments?post=80"}],"version-history":[{"count":37,"href":"https:\/\/kmrlivestock.ee\/tr\/wp-json\/wp\/v2\/pages\/80\/revisions"}],"predecessor-version":[{"id":1334,"href":"https:\/\/kmrlivestock.ee\/tr\/wp-json\/wp\/v2\/pages\/80\/revisions\/1334"}],"wp:attachment":[{"href":"https:\/\/kmrlivestock.ee\/tr\/wp-json\/wp\/v2\/media?parent=80"}],"curies":[{"name":"wp","href":"https:\/\/api.w.org\/{rel}","templated":true}]}}